{"id":1918,"date":"2025-01-07T15:07:44","date_gmt":"2025-01-07T15:07:44","guid":{"rendered":"https:\/\/www.lescale-du-perthuis.com\/tourismus-natur-vendee\/"},"modified":"2025-02-20T14:08:18","modified_gmt":"2025-02-20T14:08:18","slug":"tourismus-natur-vendee","status":"publish","type":"page","link":"https:\/\/www.lescale-du-perthuis.com\/de\/tourismus-natur-vendee\/","title":{"rendered":"Natur"},"content":{"rendered":"<section id=\"ls-section-block_bb0b23e245ccdb8db7ecc066d9110a43\" class=\"ls-section  page-one has-background has-color-4-background-color has-m-t m-t-0 has-m-b m-b-0 has-p-t p-t-14 has-p-b p-b-14\" >\r\n        <div class=\"container container--wide\">\r\n        \n\n<div class=\"wp-block-columns is-layout-flex wp-container-core-columns-is-layout-1 wp-block-columns-is-layout-flex\">\n<div class=\"wp-block-column animated fadeInLeft delay-100ms slow is-layout-flow wp-block-column-is-layout-flow\" style=\"flex-basis:45%\">\n<figure class=\"wp-block-image size-full\"><a href=\"https:\/\/www.lescale-du-perthuis.com\/wp-content\/uploads\/sites\/25\/2025\/01\/reserve-naturel-la-belle-henriette.webp\"><img loading=\"lazy\" decoding=\"async\" width=\"1000\" height=\"750\" src=\"https:\/\/www.lescale-du-perthuis.com\/wp-content\/uploads\/sites\/25\/2025\/01\/reserve-naturel-la-belle-henriette.webp\" alt=\"Naturreservat la belle henriette\" class=\"wp-image-1450\" srcset=\"https:\/\/www.lescale-du-perthuis.com\/wp-content\/uploads\/sites\/25\/2025\/01\/reserve-naturel-la-belle-henriette.webp 1000w, https:\/\/www.lescale-du-perthuis.com\/wp-content\/uploads\/sites\/25\/2025\/01\/reserve-naturel-la-belle-henriette-300x225.webp 300w, https:\/\/www.lescale-du-perthuis.com\/wp-content\/uploads\/sites\/25\/2025\/01\/reserve-naturel-la-belle-henriette-768x576.webp 768w\" sizes=\"auto, (max-width: 1000px) 100vw, 1000px\" \/><\/a><\/figure>\n<\/div>\n\n\n\n<div class=\"wp-block-column is-vertically-aligned-center animated fadeInRight slow is-layout-flow wp-block-column-is-layout-flow\" style=\"flex-basis:55%\" id=\"henriette\">\n<h1 class=\"ls__heading wp-block-heading\">Entdecken Sie die Vend\u00e9e von <strong>ihrer nat\u00fcrlichen Seite<\/strong><\/h1>\n\n\n\n<p class=\"ls-paragraph\">Entdecken Sie die Vend\u00e9e von ihrer nat\u00fcrlichen Seite, zwischen <strong>wilden Str\u00e4nden, beruhigenden S\u00fcmpfen und majest\u00e4tischen W\u00e4ldern<\/strong>, f\u00fcr eine Flucht in die authentischen Landschaften in der N\u00e4he des <a href=\"https:\/\/www.lescale-du-perthuis.com\/de\/\">Familiencampingplatzes<\/a> L&#8217;Escale du Perthuis.<\/p>\n\n\n\n<h2 class=\"ls__heading wp-block-heading\">Besuchen Sie La <strong>Belle Henriette<\/strong> <\/h2>\n\n\n\n<p class=\"ls-paragraph\">F\u00fcr einen Urlaub auf einem \u00f6kologisch <a href=\"https:\/\/www.lescale-du-perthuis.com\/de\/campingplatz-okologischer-vendee\/\">engagierten Campingplatz<\/a> in der Vend\u00e9e sollten Sie das <strong>Naturschutzgebiet Casse de la Belle Henriette<\/strong> erkunden, ein \u00f6kologisches Juwel zwischen La Tranche-sur-Mer und La Faute-sur-Mer. Das 2011 gegr\u00fcndete Reservat umfasst<strong> 337 ha<\/strong>, davon 200<strong> ha<\/strong> Lagunen, und bietet ein<strong> einzigartiges \u00d6kosystem<\/strong> zwischen Landsumpf und Halblagune.  <\/p>\n\n\n\n<p class=\"ls-paragraph\">W\u00e4hrend Ihres Familienurlaubs im Mobilheim werden Sie eine kontrastreiche Landschaft mit Mikroreliefs, Sand- und Schlammb\u00f6den und einer <strong>Artenvielfalt, die vom Ozean und dem Klima beeinflusst<\/strong> wird, entdecken. Der Strand ist leicht zug\u00e4nglich und f\u00fchrt Sie zu einem von D\u00fcnen ges\u00e4umten Strand.   <\/p>\n\n\n\n<p class=\"ls-paragraph\">Ein idealer Ort f\u00fcr einen Ausflug in die Natur, in der N\u00e4he des Campingplatzes L&#8217;Escale du Perthuis.<\/p>\n<\/div>\n<\/div>\n\n\r\n    <\/div>\r\n<\/section><section id=\"ls-section-block_3910ca7f97df94da4c9175d0ad470c3a\" class=\"ls-section  home-gallery has-background has-color-4-background-color has-m-t m-t-0 has-p-t p-t-0\" >\r\n        <div class=\"container container--full\">\r\n        \n\n<figure class=\"wp-block-gallery has-nested-images columns-1 is-cropped galerie-slider-container wp-block-gallery-1 is-layout-flex wp-block-gallery-is-layout-flex\">\n<figure class=\"wp-block-image size-full\"><a href=\"http:\/\/www.lescale-du-perthuis.com\/wp-content\/uploads\/sites\/25\/2025\/01\/phare-vendee-nature.webp\"><img loading=\"lazy\" decoding=\"async\" width=\"1000\" height=\"750\" src=\"http:\/\/www.lescale-du-perthuis.com\/wp-content\/uploads\/sites\/25\/2025\/01\/phare-vendee-nature.webp\" alt=\"Leuchtturm Vendee Nature\" class=\"wp-image-1454\" srcset=\"https:\/\/www.lescale-du-perthuis.com\/wp-content\/uploads\/sites\/25\/2025\/01\/phare-vendee-nature.webp 1000w, https:\/\/www.lescale-du-perthuis.com\/wp-content\/uploads\/sites\/25\/2025\/01\/phare-vendee-nature-300x225.webp 300w, https:\/\/www.lescale-du-perthuis.com\/wp-content\/uploads\/sites\/25\/2025\/01\/phare-vendee-nature-768x576.webp 768w\" sizes=\"auto, (max-width: 1000px) 100vw, 1000px\" \/><\/a><\/figure>\n\n\n\n<figure class=\"wp-block-image size-full\"><a href=\"http:\/\/www.lescale-du-perthuis.com\/wp-content\/uploads\/sites\/25\/2025\/01\/camping-lescale-du-perthuis-en-vendee-velo.webp\"><img loading=\"lazy\" decoding=\"async\" width=\"1000\" height=\"750\" src=\"http:\/\/www.lescale-du-perthuis.com\/wp-content\/uploads\/sites\/25\/2025\/01\/camping-lescale-du-perthuis-en-vendee-velo.webp\" alt=\"camping lescale du perthuis in vendee velo\" class=\"wp-image-1152\" srcset=\"https:\/\/www.lescale-du-perthuis.com\/wp-content\/uploads\/sites\/25\/2025\/01\/camping-lescale-du-perthuis-en-vendee-velo.webp 1000w, https:\/\/www.lescale-du-perthuis.com\/wp-content\/uploads\/sites\/25\/2025\/01\/camping-lescale-du-perthuis-en-vendee-velo-300x225.webp 300w, https:\/\/www.lescale-du-perthuis.com\/wp-content\/uploads\/sites\/25\/2025\/01\/camping-lescale-du-perthuis-en-vendee-velo-768x576.webp 768w\" sizes=\"auto, (max-width: 1000px) 100vw, 1000px\" \/><\/a><\/figure>\n\n\n\n<figure class=\"wp-block-image size-full\"><a href=\"http:\/\/www.lescale-du-perthuis.com\/wp-content\/uploads\/sites\/25\/2025\/01\/decouvrez-les-iles-fort-boyard.webp\"><img loading=\"lazy\" decoding=\"async\" width=\"1000\" height=\"750\" src=\"http:\/\/www.lescale-du-perthuis.com\/wp-content\/uploads\/sites\/25\/2025\/01\/decouvrez-les-iles-fort-boyard.webp\" alt=\"Entdecken Sie die Fort Boyard-Inseln\" class=\"wp-image-1444\" srcset=\"https:\/\/www.lescale-du-perthuis.com\/wp-content\/uploads\/sites\/25\/2025\/01\/decouvrez-les-iles-fort-boyard.webp 1000w, https:\/\/www.lescale-du-perthuis.com\/wp-content\/uploads\/sites\/25\/2025\/01\/decouvrez-les-iles-fort-boyard-300x225.webp 300w, https:\/\/www.lescale-du-perthuis.com\/wp-content\/uploads\/sites\/25\/2025\/01\/decouvrez-les-iles-fort-boyard-768x576.webp 768w\" sizes=\"auto, (max-width: 1000px) 100vw, 1000px\" \/><\/a><\/figure>\n<\/figure>\n\n\r\n    <\/div>\r\n<\/section><section id=\"ls-section-block_e0cc5828e653eb2fd89768500102ffb2\" class=\"ls-section  page-one aventure\" >\r\n        <div class=\"container container--wide\">\r\n        \n\n<div class=\"wp-block-columns is-layout-flex wp-container-core-columns-is-layout-2 wp-block-columns-is-layout-flex\">\n<div class=\"wp-block-column first animated fadeInLeft delay-100ms slow is-layout-flow wp-block-column-is-layout-flow\" style=\"flex-basis:45%\">\n<figure class=\"wp-block-image size-full\"><a href=\"http:\/\/www.lescale-du-perthuis.com\/wp-content\/uploads\/sites\/25\/2025\/01\/marais-de-poitevin.webp\"><img loading=\"lazy\" decoding=\"async\" width=\"1000\" height=\"750\" src=\"http:\/\/www.lescale-du-perthuis.com\/wp-content\/uploads\/sites\/25\/2025\/01\/marais-de-poitevin.webp\" alt=\"Poitevin-Sumpf\" class=\"wp-image-1458\" srcset=\"https:\/\/www.lescale-du-perthuis.com\/wp-content\/uploads\/sites\/25\/2025\/01\/marais-de-poitevin.webp 1000w, https:\/\/www.lescale-du-perthuis.com\/wp-content\/uploads\/sites\/25\/2025\/01\/marais-de-poitevin-300x225.webp 300w, https:\/\/www.lescale-du-perthuis.com\/wp-content\/uploads\/sites\/25\/2025\/01\/marais-de-poitevin-768x576.webp 768w\" sizes=\"auto, (max-width: 1000px) 100vw, 1000px\" \/><\/a><\/figure>\n<\/div>\n\n\n\n<div class=\"wp-block-column is-vertically-aligned-center second animated fadeInRight slow is-layout-flow wp-block-column-is-layout-flow\" style=\"flex-basis:55%\">\n<div id=\"ls-heading ls-titre-div-block_f749eeb733f4a5463a558b51abb815cc\" class=\"ls-titre-div border h1-like\" >\n    Natur <em>pur<\/em><\/div>\n\n\n\n<h2 class=\"ls__heading wp-block-heading has-text-align-left\">Was gibt es im Marais Poitevin zu sehen?<\/h2>\n\n\n\n<p class=\"ls-paragraph\">Der <strong>regionale Naturpark Marais Poitevin<\/strong> in der Vend\u00e9e ist ein unumg\u00e4ngliches Ziel f\u00fcr Naturliebhaber. Nutzen Sie Ihren Urlaub zu <a href=\"https:\/\/www.lescale-du-perthuis.com\/de\/gunstiger-campingplatz-la-tranche-sur-mer\/#couple\">zweit<\/a> oder mit der Familie, um diesen emblematischen Ort der Region zu erkunden.  <\/p>\n\n\n\n<p class=\"ls-paragraph\">Er wurde 1979 gegr\u00fcndet und <strong>2014 zum Naturpark erkl\u00e4rt<\/strong>. Er bietet <strong>einzigartige Landschaften zwischen Land und S\u00fcmpfen<\/strong>, die von nat\u00fcrlichen und k\u00fcnstlichen Wasserl\u00e4ufen durchzogen sind.  <\/p>\n\n\n\n<p class=\"ls-paragraph\">Nach einem Tag voller Entdeckungen k\u00f6nnen Sie sich auf unserem Campingplatz L&#8217;Escale du Perthuis in La Tranche-sur-Mer entspannen und die komfortablen <a href=\"https:\/\/www.lescale-du-perthuis.com\/de\/vermietung-mobilheim-vendee\/\">Unterk\u00fcnfte <\/a>und den <a href=\"https:\/\/www.lescale-du-perthuis.com\/de\/campingplatz-hallenbad-la-tranche-sur-mer\/\">Wasserpark<\/a> genie\u00dfen. <\/p>\n\n\n\n<p class=\"ls-paragraph\">Erkunden Sie den Park mit dem Boot, um <strong>die Tierwelt<\/strong> wie <strong>V\u00f6gel und Otter<\/strong> zu <strong>beobachten<\/strong>, oder nutzen Sie die Wander- <strong>und Radwege<\/strong>, um die umliegenden D\u00f6rfer zu erkunden. Ein idealer Ort f\u00fcr einen Urlaub, der Entspannung und Natur miteinander verbindet. <\/p>\n<\/div>\n<\/div>\n\n\r\n    <\/div>\r\n<\/section><section id=\"ls-section-block_989c66007ed48461a2e920a2699d65e9\" class=\"ls-section  page-one has-background has-color-3-background-color has-text-color has-color-black-color has-m-b m-b-0 has-p-t p-t-14\" >\r\n        <div class=\"container container--wide\">\r\n        \n\n<div class=\"wp-block-columns is-layout-flex wp-container-core-columns-is-layout-3 wp-block-columns-is-layout-flex\">\n<div class=\"wp-block-column is-vertically-aligned-center first  animated fadeInLeft slow is-layout-flow wp-block-column-is-layout-flow\" style=\"flex-basis:55%\">\n<h2 class=\"ls__heading wp-block-heading\">Erkunden Sie Les Salines<\/h2>\n\n\n\n<p class=\"ls-paragraph\">Besuchen Sie unseren 4-Sterne-Campingplatz in La Tranche sur Mer direkt <a href=\"https:\/\/www.lescale-du-perthuis.com\/de\/tourismus-la-tranche-sur-mer\/\">am Meer<\/a> und entdecken Sie die <strong>Marais d&#8217;Olonne<\/strong>, eine gesch\u00fctzte Naturlandschaft in Les Sables d&#8217;Olonne. <\/p>\n\n\n\n<p class=\"ls-paragraph\">L&#8217;aventure des Salines bietet Ihnen <strong>einzigartige Ausfl\u00fcge auf dem Salzfluss<\/strong>, mit Kanu, Paddel oder Boot, inmitten einer zauberhaften Landschaft.  <\/p>\n\n\n\n<p class=\"ls-paragraph\">Nehmen Sie <strong>an der Salzernte teil<\/strong> und genie\u00dfen Sie die<strong>spielerischen Animationen<\/strong> f\u00fcr die ganze Familie. F\u00fcr einen komfortablen Aufenthalt in der N\u00e4he w\u00e4hlen Sie den Campingplatz L&#8217;Escale du Perthuis in der Vend\u00e9e, der voll ausgestattete Mobilheime und eine einladende Umgebung bietet.   <\/p>\n\n\n\n<p class=\"ls-paragraph\">Ein perfekter Urlaub <strong>,<\/strong> um <strong>Entdeckung, Entspannung und Eintauchen in die Natur zu<\/strong> kombinieren. Weitere Informationen finden Sie auf <a href=\"https:\/\/www.lessalines.fr\/\" target=\"_blank\" rel=\"noreferrer noopener nofollow\">Les Salines<\/a>. <\/p>\n<\/div>\n\n\n\n<div class=\"wp-block-column second animated fadeInRight delay-100ms slow is-layout-flow wp-block-column-is-layout-flow\" style=\"flex-basis:45%\">\n<figure class=\"wp-block-image size-full\"><a href=\"http:\/\/www.lescale-du-perthuis.com\/wp-content\/uploads\/sites\/25\/2025\/01\/nature-vendee.webp\"><img loading=\"lazy\" decoding=\"async\" width=\"1200\" height=\"900\" src=\"http:\/\/www.lescale-du-perthuis.com\/wp-content\/uploads\/sites\/25\/2025\/01\/nature-vendee.webp\" alt=\"Natur in der Vendee\" class=\"wp-image-1462\" srcset=\"https:\/\/www.lescale-du-perthuis.com\/wp-content\/uploads\/sites\/25\/2025\/01\/nature-vendee.webp 1200w, https:\/\/www.lescale-du-perthuis.com\/wp-content\/uploads\/sites\/25\/2025\/01\/nature-vendee-300x225.webp 300w, https:\/\/www.lescale-du-perthuis.com\/wp-content\/uploads\/sites\/25\/2025\/01\/nature-vendee-1024x768.webp 1024w, https:\/\/www.lescale-du-perthuis.com\/wp-content\/uploads\/sites\/25\/2025\/01\/nature-vendee-768x576.webp 768w\" sizes=\"auto, (max-width: 1200px) 100vw, 1200px\" \/><\/a><\/figure>\n<\/div>\n<\/div>\n\n\r\n    <\/div>\r\n<\/section><section id=\"ls-section-block_3e921c7cc392b867e7667912f2fdb94f\" class=\"ls-section  page-maillage experience has-m-t m-t-0 has-p-t p-t-10\" >\r\n        <div class=\"container container--wide\">\r\n        \n\n<div id=\"ls-heading ls-titre-div-block_6fc6b20face9c237c3a06a1789785f90\" class=\"ls-titre-div aligncenter h2-like\" >\n    <strong>Erholen Sie sich <\/strong>an der frischen Luft<\/div>\n\n\n<div id=\"ls-maillage-block_62d2872c9a631687888f5aed55469018\" class=\"ls-maillage cta-style-normal\" data-rows=\"3\">\n    <div class=\"wp-block-columns\"><div class=\"wp-block-column\"><div id=\"destinations\" class=\"ls-cta\">\n\n<a href=\"https:\/\/www.lescale-du-perthuis.com\/de\/tourismus-la-tranche-sur-mer\/\" target=\"\" rel=\"noopener\" class=\"ls-cta__link\">\n\n\t<div class=\"ls-cta__image\"><img decoding=\"async\" src=\"https:\/\/www.lescale-du-perthuis.com\/wp-content\/uploads\/sites\/25\/2025\/01\/camping-en-vendee-balade.webp\" alt=\"Camping in der Vendee Spaziergang\"><\/div>\n\t<div class=\"ls-cta__title\">\n\t\tErkunden Sie die K\u00fcste\t<\/div>\n\n\t\t\n<\/a><\/div><\/div><div class=\"wp-block-column\"><div id=\"destinations\" class=\"ls-cta\">\n\n<a href=\"https:\/\/www.lescale-du-perthuis.com\/de\/campingplatz-animationen-la-tranche-sur-mer\/\" target=\"\" rel=\"noopener\" class=\"ls-cta__link\">\n\n\t<div class=\"ls-cta__image\"><img decoding=\"async\" src=\"https:\/\/www.lescale-du-perthuis.com\/wp-content\/uploads\/sites\/25\/2026\/01\/Lescale_du_Perthuis_mascotte_du_camping-scaled.webp\" alt=\"L'escale du Perthuis Maskottchen des Campingplatzes\"><\/div>\n\t<div class=\"ls-cta__title\">\n\t\tFreizeit\t<\/div>\n\n\t\t\n<\/a><\/div><\/div><div class=\"wp-block-column\"><div id=\"destinations\" class=\"ls-cta\">\n\n<a href=\"https:\/\/www.lescale-du-perthuis.com\/de\/vermietung-mobilheim-vendee\/\" target=\"\" rel=\"noopener\" class=\"ls-cta__link\">\n\n\t<div class=\"ls-cta__image\"><img decoding=\"async\" src=\"https:\/\/www.lescale-du-perthuis.com\/wp-content\/uploads\/sites\/25\/2025\/01\/camping-lescale-du-perthuis-en-vendee-mobilhome.webp\" alt=\"campingplatz lescale du perthuis in der vendee mobilhome\"><\/div>\n\t<div class=\"ls-cta__title\">\n\t\tUnsere Unterk\u00fcnfte\t<\/div>\n\n\t\t\n<\/a><\/div><\/div><\/div><\/div>\n\r\n    <\/div>\r\n<\/section>","protected":false},"excerpt":{"rendered":"","protected":false},"author":1,"featured_media":894,"parent":0,"menu_order":0,"comment_status":"closed","ping_status":"closed","template":"","meta":{"_acf_changed":false,"footnotes":""},"sujet":[],"class_list":["post-1918","page","type-page","status-publish","has-post-thumbnail","hentry"],"acf":[],"yoast_head":"<!-- This site is optimized with the Yoast SEO plugin v23.9 - https:\/\/yoast.com\/wordpress\/plugins\/seo\/ -->\n<title>Campingplatz in der Vend\u00e9e mit idealer Lage im Herzen der Natur<\/title>\n<meta name=\"description\" content=\"Entdecken Sie die Natursch\u00e4tze der Vend\u00e9e: das Marais Poitevin, die Pointe d&#039;Ar\u00e7ay oder auch die Salinen von Ile d&#039;Olonne und ihre Salzg\u00e4rten....\" \/>\n<meta name=\"robots\" content=\"index, follow, max-snippet:-1, max-image-preview:large, max-video-preview:-1\" \/>\n<link rel=\"canonical\" href=\"https:\/\/www.lescale-du-perthuis.com\/de\/tourismus-natur-vendee\/\" \/>\n<meta property=\"og:locale\" content=\"de_DE\" \/>\n<meta property=\"og:type\" content=\"article\" \/>\n<meta property=\"og:title\" content=\"Campingplatz in der Vend\u00e9e mit idealer Lage im Herzen der Natur\" \/>\n<meta property=\"og:description\" content=\"Entdecken Sie die Natursch\u00e4tze der Vend\u00e9e: das Marais Poitevin, die Pointe d&#039;Ar\u00e7ay oder auch die Salinen von Ile d&#039;Olonne und ihre Salzg\u00e4rten....\" \/>\n<meta property=\"og:url\" content=\"https:\/\/www.lescale-du-perthuis.com\/de\/tourismus-natur-vendee\/\" \/>\n<meta property=\"og:site_name\" content=\"Camping L&#039;Escale de Perthuis\" \/>\n<meta property=\"article:modified_time\" content=\"2025-02-20T14:08:18+00:00\" \/>\n<meta property=\"og:image\" content=\"https:\/\/www.lescale-du-perthuis.com\/wp-content\/uploads\/sites\/25\/2025\/01\/camping-lescale-du-perthuis-nature.webp\" \/>\n\t<meta property=\"og:image:width\" content=\"2500\" \/>\n\t<meta property=\"og:image:height\" content=\"750\" \/>\n\t<meta property=\"og:image:type\" content=\"image\/webp\" \/>\n<meta name=\"twitter:card\" content=\"summary_large_image\" \/>\n<meta name=\"twitter:label1\" content=\"Gesch\u00e4tzte Lesezeit\" \/>\n\t<meta name=\"twitter:data1\" content=\"2\u00a0Minuten\" \/>\n<script type=\"application\/ld+json\" class=\"yoast-schema-graph\">{\"@context\":\"https:\/\/schema.org\",\"@graph\":[{\"@type\":\"WebPage\",\"@id\":\"https:\/\/www.lescale-du-perthuis.com\/de\/tourismus-natur-vendee\/\",\"url\":\"https:\/\/www.lescale-du-perthuis.com\/de\/tourismus-natur-vendee\/\",\"name\":\"Campingplatz in der Vend\u00e9e mit idealer Lage im Herzen der Natur\",\"isPartOf\":{\"@id\":\"https:\/\/www.lescale-du-perthuis.com\/de\/#website\"},\"primaryImageOfPage\":{\"@id\":\"https:\/\/www.lescale-du-perthuis.com\/de\/tourismus-natur-vendee\/#primaryimage\"},\"image\":{\"@id\":\"https:\/\/www.lescale-du-perthuis.com\/de\/tourismus-natur-vendee\/#primaryimage\"},\"thumbnailUrl\":\"https:\/\/www.lescale-du-perthuis.com\/wp-content\/uploads\/sites\/25\/2025\/01\/camping-lescale-du-perthuis-nature.webp\",\"datePublished\":\"2025-01-07T15:07:44+00:00\",\"dateModified\":\"2025-02-20T14:08:18+00:00\",\"description\":\"Entdecken Sie die Natursch\u00e4tze der Vend\u00e9e: das Marais Poitevin, die Pointe d'Ar\u00e7ay oder auch die Salinen von Ile d'Olonne und ihre Salzg\u00e4rten....\",\"breadcrumb\":{\"@id\":\"https:\/\/www.lescale-du-perthuis.com\/de\/tourismus-natur-vendee\/#breadcrumb\"},\"inLanguage\":\"de\",\"potentialAction\":[{\"@type\":\"ReadAction\",\"target\":[\"https:\/\/www.lescale-du-perthuis.com\/de\/tourismus-natur-vendee\/\"]}]},{\"@type\":\"ImageObject\",\"inLanguage\":\"de\",\"@id\":\"https:\/\/www.lescale-du-perthuis.com\/de\/tourismus-natur-vendee\/#primaryimage\",\"url\":\"https:\/\/www.lescale-du-perthuis.com\/wp-content\/uploads\/sites\/25\/2025\/01\/camping-lescale-du-perthuis-nature.webp\",\"contentUrl\":\"https:\/\/www.lescale-du-perthuis.com\/wp-content\/uploads\/sites\/25\/2025\/01\/camping-lescale-du-perthuis-nature.webp\",\"width\":2500,\"height\":750,\"caption\":\"camping lescale du perthuis natur\"},{\"@type\":\"BreadcrumbList\",\"@id\":\"https:\/\/www.lescale-du-perthuis.com\/de\/tourismus-natur-vendee\/#breadcrumb\",\"itemListElement\":[{\"@type\":\"ListItem\",\"position\":1,\"name\":\"Camping in der Vend\u00e9e\",\"item\":\"https:\/\/www.lescale-du-perthuis.com\/de\/\"},{\"@type\":\"ListItem\",\"position\":2,\"name\":\"Natur in der Vend\u00e9e\"}]},{\"@type\":\"WebSite\",\"@id\":\"https:\/\/www.lescale-du-perthuis.com\/de\/#website\",\"url\":\"https:\/\/www.lescale-du-perthuis.com\/de\/\",\"name\":\"Camping L&#039;Escale de Perthuis\",\"description\":\"\",\"publisher\":{\"@id\":\"https:\/\/www.lescale-du-perthuis.com\/de\/#organization\"},\"potentialAction\":[{\"@type\":\"SearchAction\",\"target\":{\"@type\":\"EntryPoint\",\"urlTemplate\":\"https:\/\/www.lescale-du-perthuis.com\/de\/?s={search_term_string}\"},\"query-input\":{\"@type\":\"PropertyValueSpecification\",\"valueRequired\":true,\"valueName\":\"search_term_string\"}}],\"inLanguage\":\"de\"},{\"@type\":\"Organization\",\"@id\":\"https:\/\/www.lescale-du-perthuis.com\/de\/#organization\",\"name\":\"Camping L&#039;Escale de Perthuis\",\"url\":\"https:\/\/www.lescale-du-perthuis.com\/de\/\",\"logo\":{\"@type\":\"ImageObject\",\"inLanguage\":\"de\",\"@id\":\"https:\/\/www.lescale-du-perthuis.com\/de\/#\/schema\/logo\/image\/\",\"url\":\"https:\/\/www.lescale-du-perthuis.com\/wp-content\/uploads\/sites\/25\/2024\/07\/cropped-logo_camping_l_escale_du_perthuis.png\",\"contentUrl\":\"https:\/\/www.lescale-du-perthuis.com\/wp-content\/uploads\/sites\/25\/2024\/07\/cropped-logo_camping_l_escale_du_perthuis.png\",\"width\":200,\"height\":321,\"caption\":\"Camping L&#039;Escale de Perthuis\"},\"image\":{\"@id\":\"https:\/\/www.lescale-du-perthuis.com\/de\/#\/schema\/logo\/image\/\"}}]}<\/script>\n<!-- \/ Yoast SEO plugin. -->","yoast_head_json":{"title":"Campingplatz in der Vend\u00e9e mit idealer Lage im Herzen der Natur","description":"Entdecken Sie die Natursch\u00e4tze der Vend\u00e9e: das Marais Poitevin, die Pointe d'Ar\u00e7ay oder auch die Salinen von Ile d'Olonne und ihre Salzg\u00e4rten....","robots":{"index":"index","follow":"follow","max-snippet":"max-snippet:-1","max-image-preview":"max-image-preview:large","max-video-preview":"max-video-preview:-1"},"canonical":"https:\/\/www.lescale-du-perthuis.com\/de\/tourismus-natur-vendee\/","og_locale":"de_DE","og_type":"article","og_title":"Campingplatz in der Vend\u00e9e mit idealer Lage im Herzen der Natur","og_description":"Entdecken Sie die Natursch\u00e4tze der Vend\u00e9e: das Marais Poitevin, die Pointe d'Ar\u00e7ay oder auch die Salinen von Ile d'Olonne und ihre Salzg\u00e4rten....","og_url":"https:\/\/www.lescale-du-perthuis.com\/de\/tourismus-natur-vendee\/","og_site_name":"Camping L&#039;Escale de Perthuis","article_modified_time":"2025-02-20T14:08:18+00:00","og_image":[{"width":2500,"height":750,"url":"https:\/\/www.lescale-du-perthuis.com\/wp-content\/uploads\/sites\/25\/2025\/01\/camping-lescale-du-perthuis-nature.webp","type":"image\/webp"}],"twitter_card":"summary_large_image","twitter_misc":{"Gesch\u00e4tzte Lesezeit":"2\u00a0Minuten"},"schema":{"@context":"https:\/\/schema.org","@graph":[{"@type":"WebPage","@id":"https:\/\/www.lescale-du-perthuis.com\/de\/tourismus-natur-vendee\/","url":"https:\/\/www.lescale-du-perthuis.com\/de\/tourismus-natur-vendee\/","name":"Campingplatz in der Vend\u00e9e mit idealer Lage im Herzen der Natur","isPartOf":{"@id":"https:\/\/www.lescale-du-perthuis.com\/de\/#website"},"primaryImageOfPage":{"@id":"https:\/\/www.lescale-du-perthuis.com\/de\/tourismus-natur-vendee\/#primaryimage"},"image":{"@id":"https:\/\/www.lescale-du-perthuis.com\/de\/tourismus-natur-vendee\/#primaryimage"},"thumbnailUrl":"https:\/\/www.lescale-du-perthuis.com\/wp-content\/uploads\/sites\/25\/2025\/01\/camping-lescale-du-perthuis-nature.webp","datePublished":"2025-01-07T15:07:44+00:00","dateModified":"2025-02-20T14:08:18+00:00","description":"Entdecken Sie die Natursch\u00e4tze der Vend\u00e9e: das Marais Poitevin, die Pointe d'Ar\u00e7ay oder auch die Salinen von Ile d'Olonne und ihre Salzg\u00e4rten....","breadcrumb":{"@id":"https:\/\/www.lescale-du-perthuis.com\/de\/tourismus-natur-vendee\/#breadcrumb"},"inLanguage":"de","potentialAction":[{"@type":"ReadAction","target":["https:\/\/www.lescale-du-perthuis.com\/de\/tourismus-natur-vendee\/"]}]},{"@type":"ImageObject","inLanguage":"de","@id":"https:\/\/www.lescale-du-perthuis.com\/de\/tourismus-natur-vendee\/#primaryimage","url":"https:\/\/www.lescale-du-perthuis.com\/wp-content\/uploads\/sites\/25\/2025\/01\/camping-lescale-du-perthuis-nature.webp","contentUrl":"https:\/\/www.lescale-du-perthuis.com\/wp-content\/uploads\/sites\/25\/2025\/01\/camping-lescale-du-perthuis-nature.webp","width":2500,"height":750,"caption":"camping lescale du perthuis natur"},{"@type":"BreadcrumbList","@id":"https:\/\/www.lescale-du-perthuis.com\/de\/tourismus-natur-vendee\/#breadcrumb","itemListElement":[{"@type":"ListItem","position":1,"name":"Camping in der Vend\u00e9e","item":"https:\/\/www.lescale-du-perthuis.com\/de\/"},{"@type":"ListItem","position":2,"name":"Natur in der Vend\u00e9e"}]},{"@type":"WebSite","@id":"https:\/\/www.lescale-du-perthuis.com\/de\/#website","url":"https:\/\/www.lescale-du-perthuis.com\/de\/","name":"Camping L&#039;Escale de Perthuis","description":"","publisher":{"@id":"https:\/\/www.lescale-du-perthuis.com\/de\/#organization"},"potentialAction":[{"@type":"SearchAction","target":{"@type":"EntryPoint","urlTemplate":"https:\/\/www.lescale-du-perthuis.com\/de\/?s={search_term_string}"},"query-input":{"@type":"PropertyValueSpecification","valueRequired":true,"valueName":"search_term_string"}}],"inLanguage":"de"},{"@type":"Organization","@id":"https:\/\/www.lescale-du-perthuis.com\/de\/#organization","name":"Camping L&#039;Escale de Perthuis","url":"https:\/\/www.lescale-du-perthuis.com\/de\/","logo":{"@type":"ImageObject","inLanguage":"de","@id":"https:\/\/www.lescale-du-perthuis.com\/de\/#\/schema\/logo\/image\/","url":"https:\/\/www.lescale-du-perthuis.com\/wp-content\/uploads\/sites\/25\/2024\/07\/cropped-logo_camping_l_escale_du_perthuis.png","contentUrl":"https:\/\/www.lescale-du-perthuis.com\/wp-content\/uploads\/sites\/25\/2024\/07\/cropped-logo_camping_l_escale_du_perthuis.png","width":200,"height":321,"caption":"Camping L&#039;Escale de Perthuis"},"image":{"@id":"https:\/\/www.lescale-du-perthuis.com\/de\/#\/schema\/logo\/image\/"}}]}},"_links":{"self":[{"href":"https:\/\/www.lescale-du-perthuis.com\/de\/wp-json\/wp\/v2\/pages\/1918","targetHints":{"allow":["GET"]}}],"collection":[{"href":"https:\/\/www.lescale-du-perthuis.com\/de\/wp-json\/wp\/v2\/pages"}],"about":[{"href":"https:\/\/www.lescale-du-perthuis.com\/de\/wp-json\/wp\/v2\/types\/page"}],"author":[{"embeddable":true,"href":"https:\/\/www.lescale-du-perthuis.com\/de\/wp-json\/wp\/v2\/users\/1"}],"replies":[{"embeddable":true,"href":"https:\/\/www.lescale-du-perthuis.com\/de\/wp-json\/wp\/v2\/comments?post=1918"}],"version-history":[{"count":6,"href":"https:\/\/www.lescale-du-perthuis.com\/de\/wp-json\/wp\/v2\/pages\/1918\/revisions"}],"predecessor-version":[{"id":2308,"href":"https:\/\/www.lescale-du-perthuis.com\/de\/wp-json\/wp\/v2\/pages\/1918\/revisions\/2308"}],"wp:featuredmedia":[{"embeddable":true,"href":"https:\/\/www.lescale-du-perthuis.com\/de\/wp-json\/wp\/v2\/media\/894"}],"wp:attachment":[{"href":"https:\/\/www.lescale-du-perthuis.com\/de\/wp-json\/wp\/v2\/media?parent=1918"}],"wp:term":[{"taxonomy":"sujet","embeddable":true,"href":"https:\/\/www.lescale-du-perthuis.com\/de\/wp-json\/wp\/v2\/sujet?post=1918"}],"curies":[{"name":"wp","href":"https:\/\/api.w.org\/{rel}","templated":true}]}}