{"id":1926,"date":"2025-01-07T15:04:53","date_gmt":"2025-01-07T15:04:53","guid":{"rendered":"https:\/\/www.lescale-du-perthuis.com\/tourismus-vendee\/"},"modified":"2025-02-20T14:07:18","modified_gmt":"2025-02-20T14:07:18","slug":"tourismus-vendee","status":"publish","type":"page","link":"https:\/\/www.lescale-du-perthuis.com\/de\/tourismus-vendee\/","title":{"rendered":"Entdecken Sie die Vend\u00e9e"},"content":{"rendered":"<section id=\"ls-section-block_a37787cac7434eb640063b19b563bc06\" class=\"ls-section  page-one has-background has-color-4-background-color has-m-t m-t-0 has-m-b m-b-0 has-p-t p-t-14 has-p-b p-b-14\" >\r\n        <div class=\"container container--wide\">\r\n        \n\n<div class=\"wp-block-columns is-layout-flex wp-container-core-columns-is-layout-1 wp-block-columns-is-layout-flex\">\n<div class=\"wp-block-column is-vertically-aligned-center animated fadeInLeft delay-100ms slow is-layout-flow wp-block-column-is-layout-flow\" style=\"flex-basis:45%\">\n<figure class=\"wp-block-embed is-type-video is-provider-youtube wp-block-embed-youtube wp-embed-aspect-4-3 wp-has-aspect-ratio\"><div class=\"wp-block-embed__wrapper\">\n<iframe loading=\"lazy\" title=\"En Vend\u00e9e, la Nature va vous surprendre !\" width=\"500\" height=\"281\" src=\"https:\/\/www.youtube.com\/embed\/2zKbacIePC0?feature=oembed\" frameborder=\"0\" allow=\"accelerometer; autoplay; clipboard-write; encrypted-media; gyroscope; picture-in-picture; web-share\" referrerpolicy=\"strict-origin-when-cross-origin\" allowfullscreen><\/iframe>\n<\/div><\/figure>\n\n\n\n<p class=\"ls-paragraph\">Vend\u00e9e, La C\u00f4te de Lumi\u00e8re: ein Glanz der Natur, goldene Str\u00e4nde und unvergessliche Momente vom <a href=\"https:\/\/www.lescale-du-perthuis.com\/de\/\">Campingplatz l&#8217;Escale du Perthuis<\/a> aus.<\/p>\n<\/div>\n\n\n\n<div class=\"wp-block-column is-vertically-aligned-center animated fadeInRight slow is-layout-flow wp-block-column-is-layout-flow\" style=\"flex-basis:55%\">\n<h1 class=\"ls__heading wp-block-heading\">Aufenthalt in der Vend\u00e9e<\/h1>\n\n\n\n<h2 class=\"ls__heading wp-block-heading\">Sehensw\u00fcrdigkeiten in der Vend\u00e9e<\/h2>\n\n\n\n<p class=\"ls-paragraph\"><strong>Willkommen in der Vend\u00e9e<\/strong>, einem idealen Urlaubsziel, das so viele Orte zu erkunden bietet!  <\/p>\n\n\n\n<p class=\"ls-paragraph\">W\u00e4hrend Ihres Aufenthalts in einem <a href=\"https:\/\/www.lescale-du-perthuis.com\/de\/vermietung-mobilheim-vendee\/\">Mobilheim<\/a> in La Tranche sur Mer k\u00f6nnen Sie den Charme der <strong>Str\u00e4nde von Les Sables-d&#8217;Olonne und Saint-Jean-de-Monts<\/strong> entdecken, die ideal sind, um den Ozean zu bewundern. <\/p>\n\n\n\n<p class=\"ls-paragraph\">Erobern Sie die <a href=\"https:\/\/www.lescale-du-perthuis.com\/de\/tourismus-inseln-vendee\/\">Inseln<\/a> wie<strong> die \u00cele de Noirmoutier<\/strong>, die f\u00fcr ihre <strong>Passage du Gois und ihre Naturlandschaften<\/strong> ber\u00fchmt ist. <strong>Die \u00cele d&#8217;Yeu<\/strong> wird Sie mit ihren <strong>steilen Klippen und ihrem alten Schloss<\/strong> begeistern. <\/p>\n\n\n\n<p class=\"ls-paragraph\">Machen Sie einen Spaziergang durch das<strong> Marais Poitevin<\/strong>, das auch das<strong>&#8222;Gr\u00fcne Venedig<\/strong>&#8220; genannt wird, und tauchen Sie ein in die Natur. Verpassen Sie nicht die charaktervollen D\u00f6rfer wie Vouvant, das zu den sch\u00f6nsten D\u00f6rfern Frankreichs geh\u00f6rt, oder Fontenay-le-Comte, das ein reiches Renaissance-Erbe besitzt. <\/p>\n<\/div>\n<\/div>\n\n\r\n    <\/div>\r\n<\/section><section id=\"ls-section-block_97354eb12ff51bde76a191dcb2f14fe1\" class=\"ls-section  home-gallery has-background has-color-4-background-color has-m-t m-t-0 has-p-t p-t-0\" >\r\n        <div class=\"container container--full\">\r\n        \n\n<figure class=\"wp-block-gallery has-nested-images columns-1 is-cropped galerie-slider-container wp-block-gallery-1 is-layout-flex wp-block-gallery-is-layout-flex\">\n<figure class=\"wp-block-image size-full\"><a href=\"http:\/\/www.lescale-du-perthuis.com\/wp-content\/uploads\/sites\/25\/2025\/01\/camping-lescale-du-perthuis-en-vendee-phare.webp\"><img loading=\"lazy\" decoding=\"async\" width=\"1000\" height=\"750\" src=\"http:\/\/www.lescale-du-perthuis.com\/wp-content\/uploads\/sites\/25\/2025\/01\/camping-lescale-du-perthuis-en-vendee-phare.webp\" alt=\"camping lescale du perthuis en vendee phare\" class=\"wp-image-1080\" srcset=\"https:\/\/www.lescale-du-perthuis.com\/wp-content\/uploads\/sites\/25\/2025\/01\/camping-lescale-du-perthuis-en-vendee-phare.webp 1000w, https:\/\/www.lescale-du-perthuis.com\/wp-content\/uploads\/sites\/25\/2025\/01\/camping-lescale-du-perthuis-en-vendee-phare-300x225.webp 300w, https:\/\/www.lescale-du-perthuis.com\/wp-content\/uploads\/sites\/25\/2025\/01\/camping-lescale-du-perthuis-en-vendee-phare-768x576.webp 768w\" sizes=\"auto, (max-width: 1000px) 100vw, 1000px\" \/><\/a><\/figure>\n\n\n\n<figure class=\"wp-block-image size-full\"><a href=\"http:\/\/www.lescale-du-perthuis.com\/wp-content\/uploads\/sites\/25\/2025\/01\/camping-lescale-du-perthuis-en-vendee-aquarium.webp\"><img loading=\"lazy\" decoding=\"async\" width=\"1000\" height=\"750\" src=\"http:\/\/www.lescale-du-perthuis.com\/wp-content\/uploads\/sites\/25\/2025\/01\/camping-lescale-du-perthuis-en-vendee-aquarium.webp\" alt=\"camping lescale du perthuis en vendee aquarium\" class=\"wp-image-1012\" srcset=\"https:\/\/www.lescale-du-perthuis.com\/wp-content\/uploads\/sites\/25\/2025\/01\/camping-lescale-du-perthuis-en-vendee-aquarium.webp 1000w, https:\/\/www.lescale-du-perthuis.com\/wp-content\/uploads\/sites\/25\/2025\/01\/camping-lescale-du-perthuis-en-vendee-aquarium-300x225.webp 300w, https:\/\/www.lescale-du-perthuis.com\/wp-content\/uploads\/sites\/25\/2025\/01\/camping-lescale-du-perthuis-en-vendee-aquarium-768x576.webp 768w\" sizes=\"auto, (max-width: 1000px) 100vw, 1000px\" \/><\/a><\/figure>\n\n\n\n<figure class=\"wp-block-image size-full\"><a href=\"http:\/\/www.lescale-du-perthuis.com\/wp-content\/uploads\/sites\/25\/2025\/01\/camping-lescale-du-perthuis-en-vendee-ville.webp\"><img loading=\"lazy\" decoding=\"async\" width=\"1000\" height=\"750\" src=\"http:\/\/www.lescale-du-perthuis.com\/wp-content\/uploads\/sites\/25\/2025\/01\/camping-lescale-du-perthuis-en-vendee-ville.webp\" alt=\"camping lescale du perthuis in vendee ville\" class=\"wp-image-1156\" srcset=\"https:\/\/www.lescale-du-perthuis.com\/wp-content\/uploads\/sites\/25\/2025\/01\/camping-lescale-du-perthuis-en-vendee-ville.webp 1000w, https:\/\/www.lescale-du-perthuis.com\/wp-content\/uploads\/sites\/25\/2025\/01\/camping-lescale-du-perthuis-en-vendee-ville-300x225.webp 300w, https:\/\/www.lescale-du-perthuis.com\/wp-content\/uploads\/sites\/25\/2025\/01\/camping-lescale-du-perthuis-en-vendee-ville-768x576.webp 768w\" sizes=\"auto, (max-width: 1000px) 100vw, 1000px\" \/><\/a><\/figure>\n<\/figure>\n\n\r\n    <\/div>\r\n<\/section><section id=\"ls-section-block_fb80e96ce493e02c380a8d023bae36a0\" class=\"ls-section  page-one aventure\" >\r\n        <div class=\"container container--wide\">\r\n        \n\n<div class=\"wp-block-columns is-layout-flex wp-container-core-columns-is-layout-2 wp-block-columns-is-layout-flex\">\n<div class=\"wp-block-column first animated fadeInLeft delay-100ms slow is-layout-flow wp-block-column-is-layout-flow\" style=\"flex-basis:45%\">\n<figure class=\"wp-block-image size-full\"><a href=\"http:\/\/www.lescale-du-perthuis.com\/wp-content\/uploads\/sites\/25\/2025\/01\/camping-lescale-du-perthuis-en-vendee-spectacle-rapace.webp\"><img loading=\"lazy\" decoding=\"async\" width=\"1000\" height=\"750\" src=\"http:\/\/www.lescale-du-perthuis.com\/wp-content\/uploads\/sites\/25\/2025\/01\/camping-lescale-du-perthuis-en-vendee-spectacle-rapace.webp\" alt=\"Campingplatz Lescale du Perthuis in der Vendee Greifvogelschau\" class=\"wp-image-1144\" srcset=\"https:\/\/www.lescale-du-perthuis.com\/wp-content\/uploads\/sites\/25\/2025\/01\/camping-lescale-du-perthuis-en-vendee-spectacle-rapace.webp 1000w, https:\/\/www.lescale-du-perthuis.com\/wp-content\/uploads\/sites\/25\/2025\/01\/camping-lescale-du-perthuis-en-vendee-spectacle-rapace-300x225.webp 300w, https:\/\/www.lescale-du-perthuis.com\/wp-content\/uploads\/sites\/25\/2025\/01\/camping-lescale-du-perthuis-en-vendee-spectacle-rapace-768x576.webp 768w\" sizes=\"auto, (max-width: 1000px) 100vw, 1000px\" \/><\/a><\/figure>\n<\/div>\n\n\n\n<div class=\"wp-block-column is-vertically-aligned-center second animated fadeInRight slow is-layout-flow wp-block-column-is-layout-flow\" style=\"flex-basis:55%\">\n<div id=\"ls-heading ls-titre-div-block_81dec53a0aa1ee1243a6939734872c6f\" class=\"ls-titre-div border h1-like\" >\n    Erleben Sie das Vend\u00e9eterre d<em>&#8218;\u00e9vasion<\/em><\/div>\n\n\n\n<h2 class=\"ls__heading wp-block-heading has-text-align-left\">Was kann man in der Vend\u00e9e unternehmen?<\/h2>\n\n\n\n<p class=\"ls-paragraph\">Die Vend\u00e9e bietet <a href=\"https:\/\/www.lescale-du-perthuis.com\/de\/campingplatz-animationen-la-tranche-sur-mer\/\">eine Vielzahl von Aktivit\u00e4ten<\/a> f\u00fcr Gro\u00df und Klein, die Sie w\u00e4hrend Ihres Campingurlaubs auf dem Campingplatz L&#8217;Escale du Perthuis in La Tranche sur Mer entdecken k\u00f6nnen. <\/p>\n\n\n\n<p class=\"ls-paragraph\">Tauchen Sie ein in die fesselnde Welt von <a href=\"https:\/\/www.lescale-du-perthuis.com\/de\/tourismus-puy-du-fou\/\">Puy du Fou<\/a>, einem weltber\u00fchmten Themenpark. Erlernen Sie Wassersportarten oder entspannen Sie sich an den Str\u00e4nden von La Tranche-sur-Mer.  <\/p>\n\n\n\n<p class=\"ls-paragraph\">Fahren Sie auf den <strong>Radwegen durch das Marais Poitevin<\/strong> oder die K\u00fcstenw\u00e4lder. \u00dcbernehmen Sie das Steuer eines Segelbootes f\u00fcr einen Ausflug auf <a href=\"https:\/\/www.lescale-du-perthuis.com\/de\/tourismus-la-tranche-sur-mer\/\">See<\/a>.  <\/p>\n\n\n\n<p class=\"ls-paragraph\">Zum Abschluss k\u00f6nnen Sie sich in den Ruinen eines mittelalterlichen Schlosses auf ein Escape Game in Originalgr\u00f6\u00dfe begeben, ein au\u00dfergew\u00f6hnlicher Moment f\u00fcr die ganze Familie.<\/p>\n<\/div>\n<\/div>\n\n\r\n    <\/div>\r\n<\/section><section id=\"ls-section-block_6e9a1477581eab49685df26f241c6e89\" class=\"ls-section  page-maillage experience has-m-t m-t-0 has-p-t p-t-10\" >\r\n        <div class=\"container container--wide\">\r\n        \n\n<div id=\"ls-heading ls-titre-div-block_97aea3941f115580b9d54f240cb521df\" class=\"ls-titre-div aligncenter h2-like\" >\n    <strong>Die Vend\u00e9e <\/strong>erwartet Sie<\/div>\n\n\n<div id=\"ls-maillage-block_61efd73cf7e8e2cd864c2ea20d95f984\" class=\"ls-maillage cta-style-normal\" data-rows=\"3\">\n    <div class=\"wp-block-columns\"><div class=\"wp-block-column\"><div id=\"destinations\" class=\"ls-cta\">\n\n<a href=\"https:\/\/www.lescale-du-perthuis.com\/de\/tourismus-natur-vendee\/\" target=\"\" rel=\"noopener\" class=\"ls-cta__link\">\n\n\t<div class=\"ls-cta__image\"><img decoding=\"async\" src=\"https:\/\/www.lescale-du-perthuis.com\/wp-content\/uploads\/sites\/25\/2025\/01\/camping-lescale-du-perthuis-nature.webp\" alt=\"camping lescale du perthuis natur\"><\/div>\n\t<div class=\"ls-cta__title\">\n\t\tNatur\t<\/div>\n\n\t\t\n<\/a><\/div><\/div><div class=\"wp-block-column\"><div id=\"destinations\" class=\"ls-cta\">\n\n<a href=\"https:\/\/www.lescale-du-perthuis.com\/de\/tourismus-zoo-sables-d-olonne\/\" target=\"\" rel=\"noopener\" class=\"ls-cta__link\">\n\n\t<div class=\"ls-cta__image\"><img decoding=\"async\" src=\"https:\/\/www.lescale-du-perthuis.com\/wp-content\/uploads\/sites\/25\/2025\/01\/camping-en-vendee-zoo.webp\" alt=\"Campingplatz in der Vendee Zoo\"><\/div>\n\t<div class=\"ls-cta__title\">\n\t\tDer Zoo von Les Sables d&#8217;Olonne\t<\/div>\n\n\t\t\n<\/a><\/div><\/div><div class=\"wp-block-column\"><div id=\"destinations\" class=\"ls-cta\">\n\n<a href=\"https:\/\/www.lescale-du-perthuis.com\/de\/tourismus-inseln-vendee\/\" target=\"\" rel=\"noopener\" class=\"ls-cta__link\">\n\n\t<div class=\"ls-cta__image\"><img decoding=\"async\" src=\"https:\/\/www.lescale-du-perthuis.com\/wp-content\/uploads\/sites\/25\/2025\/01\/4-H.Marcou.-La-Baie-des-Sables-dOlonne_1-scaled.webp\" alt=\"4 H.Marcou. Die Bucht von Les Sables d'Olonne 1\"><\/div>\n\t<div class=\"ls-cta__title\">\n\t\tDie Inseln\t<\/div>\n\n\t\t\n<\/a><\/div><\/div><\/div><\/div>\n\r\n    <\/div>\r\n<\/section>","protected":false},"excerpt":{"rendered":"","protected":false},"author":1,"featured_media":1347,"parent":0,"menu_order":0,"comment_status":"closed","ping_status":"closed","template":"","meta":{"_acf_changed":false,"footnotes":""},"sujet":[],"class_list":["post-1926","page","type-page","status-publish","has-post-thumbnail","hentry"],"acf":[],"yoast_head":"<!-- This site is optimized with the Yoast SEO plugin v23.9 - https:\/\/yoast.com\/wordpress\/plugins\/seo\/ -->\n<title>Entdecken Sie die Vend\u00e9e von unserem 4-Sterne-Campingplatz aus<\/title>\n<meta name=\"description\" content=\"Die Vend\u00e9e ist ein sehr unterhaltsamer Urlaubsort mit vielen Vorteilen. Entdecken Sie die atemberaubende Landschaft vom 4-Sterne-Campingplatz aus.\" \/>\n<meta name=\"robots\" content=\"index, follow, max-snippet:-1, max-image-preview:large, max-video-preview:-1\" \/>\n<link rel=\"canonical\" href=\"https:\/\/www.lescale-du-perthuis.com\/de\/tourismus-vendee\/\" \/>\n<meta property=\"og:locale\" content=\"de_DE\" \/>\n<meta property=\"og:type\" content=\"article\" \/>\n<meta property=\"og:title\" content=\"Entdecken Sie die Vend\u00e9e von unserem 4-Sterne-Campingplatz aus\" \/>\n<meta property=\"og:description\" content=\"Die Vend\u00e9e ist ein sehr unterhaltsamer Urlaubsort mit vielen Vorteilen. Entdecken Sie die atemberaubende Landschaft vom 4-Sterne-Campingplatz aus.\" \/>\n<meta property=\"og:url\" content=\"https:\/\/www.lescale-du-perthuis.com\/de\/tourismus-vendee\/\" \/>\n<meta property=\"og:site_name\" content=\"Camping L&#039;Escale de Perthuis\" \/>\n<meta property=\"article:modified_time\" content=\"2025-02-20T14:07:18+00:00\" \/>\n<meta property=\"og:image\" content=\"https:\/\/www.lescale-du-perthuis.com\/wp-content\/uploads\/sites\/25\/2025\/01\/Design-sans-titre-24.webp\" \/>\n\t<meta property=\"og:image:width\" content=\"2500\" \/>\n\t<meta property=\"og:image:height\" content=\"750\" \/>\n\t<meta property=\"og:image:type\" content=\"image\/webp\" \/>\n<meta name=\"twitter:card\" content=\"summary_large_image\" \/>\n<meta name=\"twitter:label1\" content=\"Gesch\u00e4tzte Lesezeit\" \/>\n\t<meta name=\"twitter:data1\" content=\"2\u00a0Minuten\" \/>\n<script type=\"application\/ld+json\" class=\"yoast-schema-graph\">{\"@context\":\"https:\/\/schema.org\",\"@graph\":[{\"@type\":\"WebPage\",\"@id\":\"https:\/\/www.lescale-du-perthuis.com\/de\/tourismus-vendee\/\",\"url\":\"https:\/\/www.lescale-du-perthuis.com\/de\/tourismus-vendee\/\",\"name\":\"Entdecken Sie die Vend\u00e9e von unserem 4-Sterne-Campingplatz aus\",\"isPartOf\":{\"@id\":\"https:\/\/www.lescale-du-perthuis.com\/de\/#website\"},\"primaryImageOfPage\":{\"@id\":\"https:\/\/www.lescale-du-perthuis.com\/de\/tourismus-vendee\/#primaryimage\"},\"image\":{\"@id\":\"https:\/\/www.lescale-du-perthuis.com\/de\/tourismus-vendee\/#primaryimage\"},\"thumbnailUrl\":\"https:\/\/www.lescale-du-perthuis.com\/wp-content\/uploads\/sites\/25\/2025\/01\/Design-sans-titre-24.webp\",\"datePublished\":\"2025-01-07T15:04:53+00:00\",\"dateModified\":\"2025-02-20T14:07:18+00:00\",\"description\":\"Die Vend\u00e9e ist ein sehr unterhaltsamer Urlaubsort mit vielen Vorteilen. Entdecken Sie die atemberaubende Landschaft vom 4-Sterne-Campingplatz aus.\",\"breadcrumb\":{\"@id\":\"https:\/\/www.lescale-du-perthuis.com\/de\/tourismus-vendee\/#breadcrumb\"},\"inLanguage\":\"de\",\"potentialAction\":[{\"@type\":\"ReadAction\",\"target\":[\"https:\/\/www.lescale-du-perthuis.com\/de\/tourismus-vendee\/\"]}]},{\"@type\":\"ImageObject\",\"inLanguage\":\"de\",\"@id\":\"https:\/\/www.lescale-du-perthuis.com\/de\/tourismus-vendee\/#primaryimage\",\"url\":\"https:\/\/www.lescale-du-perthuis.com\/wp-content\/uploads\/sites\/25\/2025\/01\/Design-sans-titre-24.webp\",\"contentUrl\":\"https:\/\/www.lescale-du-perthuis.com\/wp-content\/uploads\/sites\/25\/2025\/01\/Design-sans-titre-24.webp\",\"width\":2500,\"height\":750,\"caption\":\"Entdecken Sie die Vendee\"},{\"@type\":\"BreadcrumbList\",\"@id\":\"https:\/\/www.lescale-du-perthuis.com\/de\/tourismus-vendee\/#breadcrumb\",\"itemListElement\":[{\"@type\":\"ListItem\",\"position\":1,\"name\":\"Camping in der Vend\u00e9e\",\"item\":\"https:\/\/www.lescale-du-perthuis.com\/de\/\"},{\"@type\":\"ListItem\",\"position\":2,\"name\":\"Entdecken Sie die Vend\u00e9e\"}]},{\"@type\":\"WebSite\",\"@id\":\"https:\/\/www.lescale-du-perthuis.com\/de\/#website\",\"url\":\"https:\/\/www.lescale-du-perthuis.com\/de\/\",\"name\":\"Camping L&#039;Escale de Perthuis\",\"description\":\"\",\"publisher\":{\"@id\":\"https:\/\/www.lescale-du-perthuis.com\/de\/#organization\"},\"potentialAction\":[{\"@type\":\"SearchAction\",\"target\":{\"@type\":\"EntryPoint\",\"urlTemplate\":\"https:\/\/www.lescale-du-perthuis.com\/de\/?s={search_term_string}\"},\"query-input\":{\"@type\":\"PropertyValueSpecification\",\"valueRequired\":true,\"valueName\":\"search_term_string\"}}],\"inLanguage\":\"de\"},{\"@type\":\"Organization\",\"@id\":\"https:\/\/www.lescale-du-perthuis.com\/de\/#organization\",\"name\":\"Camping L&#039;Escale de Perthuis\",\"url\":\"https:\/\/www.lescale-du-perthuis.com\/de\/\",\"logo\":{\"@type\":\"ImageObject\",\"inLanguage\":\"de\",\"@id\":\"https:\/\/www.lescale-du-perthuis.com\/de\/#\/schema\/logo\/image\/\",\"url\":\"https:\/\/www.lescale-du-perthuis.com\/wp-content\/uploads\/sites\/25\/2024\/07\/cropped-logo_camping_l_escale_du_perthuis.png\",\"contentUrl\":\"https:\/\/www.lescale-du-perthuis.com\/wp-content\/uploads\/sites\/25\/2024\/07\/cropped-logo_camping_l_escale_du_perthuis.png\",\"width\":200,\"height\":321,\"caption\":\"Camping L&#039;Escale de Perthuis\"},\"image\":{\"@id\":\"https:\/\/www.lescale-du-perthuis.com\/de\/#\/schema\/logo\/image\/\"}}]}<\/script>\n<!-- \/ Yoast SEO plugin. -->","yoast_head_json":{"title":"Entdecken Sie die Vend\u00e9e von unserem 4-Sterne-Campingplatz aus","description":"Die Vend\u00e9e ist ein sehr unterhaltsamer Urlaubsort mit vielen Vorteilen. Entdecken Sie die atemberaubende Landschaft vom 4-Sterne-Campingplatz aus.","robots":{"index":"index","follow":"follow","max-snippet":"max-snippet:-1","max-image-preview":"max-image-preview:large","max-video-preview":"max-video-preview:-1"},"canonical":"https:\/\/www.lescale-du-perthuis.com\/de\/tourismus-vendee\/","og_locale":"de_DE","og_type":"article","og_title":"Entdecken Sie die Vend\u00e9e von unserem 4-Sterne-Campingplatz aus","og_description":"Die Vend\u00e9e ist ein sehr unterhaltsamer Urlaubsort mit vielen Vorteilen. Entdecken Sie die atemberaubende Landschaft vom 4-Sterne-Campingplatz aus.","og_url":"https:\/\/www.lescale-du-perthuis.com\/de\/tourismus-vendee\/","og_site_name":"Camping L&#039;Escale de Perthuis","article_modified_time":"2025-02-20T14:07:18+00:00","og_image":[{"width":2500,"height":750,"url":"https:\/\/www.lescale-du-perthuis.com\/wp-content\/uploads\/sites\/25\/2025\/01\/Design-sans-titre-24.webp","type":"image\/webp"}],"twitter_card":"summary_large_image","twitter_misc":{"Gesch\u00e4tzte Lesezeit":"2\u00a0Minuten"},"schema":{"@context":"https:\/\/schema.org","@graph":[{"@type":"WebPage","@id":"https:\/\/www.lescale-du-perthuis.com\/de\/tourismus-vendee\/","url":"https:\/\/www.lescale-du-perthuis.com\/de\/tourismus-vendee\/","name":"Entdecken Sie die Vend\u00e9e von unserem 4-Sterne-Campingplatz aus","isPartOf":{"@id":"https:\/\/www.lescale-du-perthuis.com\/de\/#website"},"primaryImageOfPage":{"@id":"https:\/\/www.lescale-du-perthuis.com\/de\/tourismus-vendee\/#primaryimage"},"image":{"@id":"https:\/\/www.lescale-du-perthuis.com\/de\/tourismus-vendee\/#primaryimage"},"thumbnailUrl":"https:\/\/www.lescale-du-perthuis.com\/wp-content\/uploads\/sites\/25\/2025\/01\/Design-sans-titre-24.webp","datePublished":"2025-01-07T15:04:53+00:00","dateModified":"2025-02-20T14:07:18+00:00","description":"Die Vend\u00e9e ist ein sehr unterhaltsamer Urlaubsort mit vielen Vorteilen. Entdecken Sie die atemberaubende Landschaft vom 4-Sterne-Campingplatz aus.","breadcrumb":{"@id":"https:\/\/www.lescale-du-perthuis.com\/de\/tourismus-vendee\/#breadcrumb"},"inLanguage":"de","potentialAction":[{"@type":"ReadAction","target":["https:\/\/www.lescale-du-perthuis.com\/de\/tourismus-vendee\/"]}]},{"@type":"ImageObject","inLanguage":"de","@id":"https:\/\/www.lescale-du-perthuis.com\/de\/tourismus-vendee\/#primaryimage","url":"https:\/\/www.lescale-du-perthuis.com\/wp-content\/uploads\/sites\/25\/2025\/01\/Design-sans-titre-24.webp","contentUrl":"https:\/\/www.lescale-du-perthuis.com\/wp-content\/uploads\/sites\/25\/2025\/01\/Design-sans-titre-24.webp","width":2500,"height":750,"caption":"Entdecken Sie die Vendee"},{"@type":"BreadcrumbList","@id":"https:\/\/www.lescale-du-perthuis.com\/de\/tourismus-vendee\/#breadcrumb","itemListElement":[{"@type":"ListItem","position":1,"name":"Camping in der Vend\u00e9e","item":"https:\/\/www.lescale-du-perthuis.com\/de\/"},{"@type":"ListItem","position":2,"name":"Entdecken Sie die Vend\u00e9e"}]},{"@type":"WebSite","@id":"https:\/\/www.lescale-du-perthuis.com\/de\/#website","url":"https:\/\/www.lescale-du-perthuis.com\/de\/","name":"Camping L&#039;Escale de Perthuis","description":"","publisher":{"@id":"https:\/\/www.lescale-du-perthuis.com\/de\/#organization"},"potentialAction":[{"@type":"SearchAction","target":{"@type":"EntryPoint","urlTemplate":"https:\/\/www.lescale-du-perthuis.com\/de\/?s={search_term_string}"},"query-input":{"@type":"PropertyValueSpecification","valueRequired":true,"valueName":"search_term_string"}}],"inLanguage":"de"},{"@type":"Organization","@id":"https:\/\/www.lescale-du-perthuis.com\/de\/#organization","name":"Camping L&#039;Escale de Perthuis","url":"https:\/\/www.lescale-du-perthuis.com\/de\/","logo":{"@type":"ImageObject","inLanguage":"de","@id":"https:\/\/www.lescale-du-perthuis.com\/de\/#\/schema\/logo\/image\/","url":"https:\/\/www.lescale-du-perthuis.com\/wp-content\/uploads\/sites\/25\/2024\/07\/cropped-logo_camping_l_escale_du_perthuis.png","contentUrl":"https:\/\/www.lescale-du-perthuis.com\/wp-content\/uploads\/sites\/25\/2024\/07\/cropped-logo_camping_l_escale_du_perthuis.png","width":200,"height":321,"caption":"Camping L&#039;Escale de Perthuis"},"image":{"@id":"https:\/\/www.lescale-du-perthuis.com\/de\/#\/schema\/logo\/image\/"}}]}},"_links":{"self":[{"href":"https:\/\/www.lescale-du-perthuis.com\/de\/wp-json\/wp\/v2\/pages\/1926","targetHints":{"allow":["GET"]}}],"collection":[{"href":"https:\/\/www.lescale-du-perthuis.com\/de\/wp-json\/wp\/v2\/pages"}],"about":[{"href":"https:\/\/www.lescale-du-perthuis.com\/de\/wp-json\/wp\/v2\/types\/page"}],"author":[{"embeddable":true,"href":"https:\/\/www.lescale-du-perthuis.com\/de\/wp-json\/wp\/v2\/users\/1"}],"replies":[{"embeddable":true,"href":"https:\/\/www.lescale-du-perthuis.com\/de\/wp-json\/wp\/v2\/comments?post=1926"}],"version-history":[{"count":4,"href":"https:\/\/www.lescale-du-perthuis.com\/de\/wp-json\/wp\/v2\/pages\/1926\/revisions"}],"predecessor-version":[{"id":2305,"href":"https:\/\/www.lescale-du-perthuis.com\/de\/wp-json\/wp\/v2\/pages\/1926\/revisions\/2305"}],"wp:featuredmedia":[{"embeddable":true,"href":"https:\/\/www.lescale-du-perthuis.com\/de\/wp-json\/wp\/v2\/media\/1347"}],"wp:attachment":[{"href":"https:\/\/www.lescale-du-perthuis.com\/de\/wp-json\/wp\/v2\/media?parent=1926"}],"wp:term":[{"taxonomy":"sujet","embeddable":true,"href":"https:\/\/www.lescale-du-perthuis.com\/de\/wp-json\/wp\/v2\/sujet?post=1926"}],"curies":[{"name":"wp","href":"https:\/\/api.w.org\/{rel}","templated":true}]}}