{"id":1952,"date":"2025-01-07T15:05:54","date_gmt":"2025-01-07T15:05:54","guid":{"rendered":"https:\/\/www.lescale-du-perthuis.com\/tourismus-puy-du-fou\/"},"modified":"2025-02-20T14:01:16","modified_gmt":"2025-02-20T14:01:16","slug":"tourismus-puy-du-fou","status":"publish","type":"page","link":"https:\/\/www.lescale-du-perthuis.com\/de\/tourismus-puy-du-fou\/","title":{"rendered":"Der Puy du fou"},"content":{"rendered":"<section id=\"ls-section-block_e50ed52776b641b87e519ce9aa1ace0b\" class=\"ls-section  page-one has-background has-color-4-background-color has-m-t m-t-0 has-m-b m-b-0 has-p-t p-t-14 has-p-b p-b-14\" >\r\n        <div class=\"container container--wide\">\r\n        \n\n<div class=\"wp-block-columns is-layout-flex wp-container-core-columns-is-layout-1 wp-block-columns-is-layout-flex\">\n<div class=\"wp-block-column animated fadeInLeft delay-100ms slow is-layout-flow wp-block-column-is-layout-flow\" style=\"flex-basis:45%\">\n<figure class=\"wp-block-image size-full\"><a href=\"http:\/\/www.lescale-du-perthuis.com\/wp-content\/uploads\/sites\/25\/2025\/01\/camping-lescale-du-perthuis-en-vendee-puy-du-fou-entree.webp\"><img loading=\"lazy\" decoding=\"async\" width=\"1000\" height=\"750\" src=\"http:\/\/www.lescale-du-perthuis.com\/wp-content\/uploads\/sites\/25\/2025\/01\/camping-lescale-du-perthuis-en-vendee-puy-du-fou-entree.webp\" alt=\"camping lescale du perthuis en vendee puy du fou entree\" class=\"wp-image-1104\" srcset=\"https:\/\/www.lescale-du-perthuis.com\/wp-content\/uploads\/sites\/25\/2025\/01\/camping-lescale-du-perthuis-en-vendee-puy-du-fou-entree.webp 1000w, https:\/\/www.lescale-du-perthuis.com\/wp-content\/uploads\/sites\/25\/2025\/01\/camping-lescale-du-perthuis-en-vendee-puy-du-fou-entree-300x225.webp 300w, https:\/\/www.lescale-du-perthuis.com\/wp-content\/uploads\/sites\/25\/2025\/01\/camping-lescale-du-perthuis-en-vendee-puy-du-fou-entree-768x576.webp 768w\" sizes=\"auto, (max-width: 1000px) 100vw, 1000px\" \/><\/a><\/figure>\n<\/div>\n\n\n\n<div class=\"wp-block-column animated fadeInRight slow is-layout-flow wp-block-column-is-layout-flow\" style=\"flex-basis:55%\">\n<h1 class=\"ls__heading wp-block-heading\">Erleben Sie das Abenteuer Puy du Fou<\/h1>\n\n\n\n<p class=\"ls-paragraph\">Tauchen Sie ein in das Herz der Geschichte und erleben Sie das einzigartige Abenteuer von<strong> Puy du Fou<\/strong>, wo die Vergangenheit spektakul\u00e4r wird!<\/p>\n\n\n\n<h2 class=\"ls__heading wp-block-heading\">Besuchen Sie den <strong>Puy du Fou<\/strong><\/h2>\n\n\n\n<p class=\"ls-paragraph\">Verpassen Sie nicht den unumg\u00e4nglichen <strong>Puy du Fou<\/strong> w\u00e4hrend Ihres Urlaubs auf einem <a href=\"https:\/\/www.lescale-du-perthuis.com\/de\/\">4-Sterne-Campingplatz in der Vend\u00e9e<\/a>. Der Park ist mehr als nur ein Themenpark, er ist eine Reise durch die Zeit. Dieser <strong>zauberhafte Ort<\/strong> entf\u00fchrt die Besucher mit einer <strong>Reihe von gro\u00dfartigen Shows<\/strong>, die Jung und Alt in ihren Bann ziehen.<\/p>\n\n\n\n<p class=\"ls-paragraph\">Dieser <strong>international bekannte<\/strong> und einzigartige Park empf\u00e4ngt jedes Jahr mehr als <strong>2,3 Millionen Besucher<\/strong>, die eine immersive und unvergessliche Erfahrung machen wollen.  <\/p>\n\n\n\n<p class=\"ls-paragraph\">Um die <strong>Shows und Animationen<\/strong> in vollem Umfang genie\u00dfen zu k\u00f6nnen, sollten Sie einen ganzen Tag einplanen. Vor Ort ist alles auf Ihren Komfort ausgerichtet: einladende Restaurants und Serviceleistungen f\u00fcr alle, damit Ihr Besuch zu einem warmen und unvergesslichen Erlebnis wird.   <\/p>\n\n\n\n<p class=\"ls-paragraph\">Buchen Sie Ihren Familienurlaub in einem Mobilheim in La Tranche sur Mer und genie\u00dfen Sie eine <strong>bezaubernde Zeit im Puy du Fou<\/strong>.<strong> Eine epische Reise und starke Emotionen<\/strong> f\u00fcr die ganze Familie sind garantiert!<\/p>\n<\/div>\n<\/div>\n\n\r\n    <\/div>\r\n<\/section><section id=\"ls-section-block_98ab54e016221061a9261ec8885be863\" class=\"ls-section  home-gallery has-background has-color-4-background-color has-m-t m-t-0 has-p-t p-t-0\" >\r\n        <div class=\"container container--full\">\r\n        \n\n<figure class=\"wp-block-gallery has-nested-images columns-1 is-cropped galerie-slider-container wp-block-gallery-1 is-layout-flex wp-block-gallery-is-layout-flex\">\n<figure class=\"wp-block-image size-full\"><a href=\"http:\/\/www.lescale-du-perthuis.com\/wp-content\/uploads\/sites\/25\/2025\/01\/camping-lescale-du-perthuis-en-vendee-spectacle-puy-du-fou.webp\"><img loading=\"lazy\" decoding=\"async\" width=\"1000\" height=\"750\" src=\"http:\/\/www.lescale-du-perthuis.com\/wp-content\/uploads\/sites\/25\/2025\/01\/camping-lescale-du-perthuis-en-vendee-spectacle-puy-du-fou.webp\" alt=\"camping lescale du perthuis en vendee show puy du fou\" class=\"wp-image-1140\" srcset=\"https:\/\/www.lescale-du-perthuis.com\/wp-content\/uploads\/sites\/25\/2025\/01\/camping-lescale-du-perthuis-en-vendee-spectacle-puy-du-fou.webp 1000w, https:\/\/www.lescale-du-perthuis.com\/wp-content\/uploads\/sites\/25\/2025\/01\/camping-lescale-du-perthuis-en-vendee-spectacle-puy-du-fou-300x225.webp 300w, https:\/\/www.lescale-du-perthuis.com\/wp-content\/uploads\/sites\/25\/2025\/01\/camping-lescale-du-perthuis-en-vendee-spectacle-puy-du-fou-768x576.webp 768w\" sizes=\"auto, (max-width: 1000px) 100vw, 1000px\" \/><\/a><\/figure>\n\n\n\n<figure class=\"wp-block-image size-full\"><a href=\"http:\/\/www.lescale-du-perthuis.com\/wp-content\/uploads\/sites\/25\/2025\/01\/camping-lescale-du-perthuis-en-vendee-puy-du-fou-village.webp\"><img loading=\"lazy\" decoding=\"async\" width=\"1000\" height=\"750\" src=\"http:\/\/www.lescale-du-perthuis.com\/wp-content\/uploads\/sites\/25\/2025\/01\/camping-lescale-du-perthuis-en-vendee-puy-du-fou-village.webp\" alt=\"camping lescale du perthuis in vendee puy du fou village\" class=\"wp-image-1108\" srcset=\"https:\/\/www.lescale-du-perthuis.com\/wp-content\/uploads\/sites\/25\/2025\/01\/camping-lescale-du-perthuis-en-vendee-puy-du-fou-village.webp 1000w, https:\/\/www.lescale-du-perthuis.com\/wp-content\/uploads\/sites\/25\/2025\/01\/camping-lescale-du-perthuis-en-vendee-puy-du-fou-village-300x225.webp 300w, https:\/\/www.lescale-du-perthuis.com\/wp-content\/uploads\/sites\/25\/2025\/01\/camping-lescale-du-perthuis-en-vendee-puy-du-fou-village-768x576.webp 768w\" sizes=\"auto, (max-width: 1000px) 100vw, 1000px\" \/><\/a><\/figure>\n\n\n\n<figure class=\"wp-block-image size-full\"><a href=\"http:\/\/www.lescale-du-perthuis.com\/wp-content\/uploads\/sites\/25\/2025\/01\/camping-lescale-du-perthuis-en-vendee-spectacle-rapace.webp\"><img loading=\"lazy\" decoding=\"async\" width=\"1000\" height=\"750\" src=\"http:\/\/www.lescale-du-perthuis.com\/wp-content\/uploads\/sites\/25\/2025\/01\/camping-lescale-du-perthuis-en-vendee-spectacle-rapace.webp\" alt=\"Campingplatz Lescale du Perthuis in der Vendee Greifvogelschau\" class=\"wp-image-1144\" srcset=\"https:\/\/www.lescale-du-perthuis.com\/wp-content\/uploads\/sites\/25\/2025\/01\/camping-lescale-du-perthuis-en-vendee-spectacle-rapace.webp 1000w, https:\/\/www.lescale-du-perthuis.com\/wp-content\/uploads\/sites\/25\/2025\/01\/camping-lescale-du-perthuis-en-vendee-spectacle-rapace-300x225.webp 300w, https:\/\/www.lescale-du-perthuis.com\/wp-content\/uploads\/sites\/25\/2025\/01\/camping-lescale-du-perthuis-en-vendee-spectacle-rapace-768x576.webp 768w\" sizes=\"auto, (max-width: 1000px) 100vw, 1000px\" \/><\/a><\/figure>\n<\/figure>\n\n\r\n    <\/div>\r\n<\/section><section id=\"ls-section-block_dc7996680d908bcee80c48fe1798de02\" class=\"ls-section  page-one aventure\" >\r\n        <div class=\"container container--wide\">\r\n        \n\n<div class=\"wp-block-columns is-layout-flex wp-container-core-columns-is-layout-2 wp-block-columns-is-layout-flex\">\n<div class=\"wp-block-column first animated fadeInLeft delay-100ms slow is-layout-flow wp-block-column-is-layout-flow\" style=\"flex-basis:45%\">\n<figure class=\"wp-block-image size-full\"><a href=\"http:\/\/www.lescale-du-perthuis.com\/wp-content\/uploads\/sites\/25\/2025\/01\/camping-lescale-du-perthuis-en-vendee-spectacle-puy-du-fou-feu.webp\"><img loading=\"lazy\" decoding=\"async\" width=\"1000\" height=\"750\" src=\"http:\/\/www.lescale-du-perthuis.com\/wp-content\/uploads\/sites\/25\/2025\/01\/camping-lescale-du-perthuis-en-vendee-spectacle-puy-du-fou-feu.webp\" alt=\"Campingplatz Lescale du Perthuis in der Vendee Show Puy du Fou Feuer\" class=\"wp-image-1132\" srcset=\"https:\/\/www.lescale-du-perthuis.com\/wp-content\/uploads\/sites\/25\/2025\/01\/camping-lescale-du-perthuis-en-vendee-spectacle-puy-du-fou-feu.webp 1000w, https:\/\/www.lescale-du-perthuis.com\/wp-content\/uploads\/sites\/25\/2025\/01\/camping-lescale-du-perthuis-en-vendee-spectacle-puy-du-fou-feu-300x225.webp 300w, https:\/\/www.lescale-du-perthuis.com\/wp-content\/uploads\/sites\/25\/2025\/01\/camping-lescale-du-perthuis-en-vendee-spectacle-puy-du-fou-feu-768x576.webp 768w\" sizes=\"auto, (max-width: 1000px) 100vw, 1000px\" \/><\/a><\/figure>\n<\/div>\n\n\n\n<div class=\"wp-block-column is-vertically-aligned-center second animated fadeInRight slow is-layout-flow wp-block-column-is-layout-flow\" style=\"flex-basis:55%\">\n<h2 class=\"ls__heading wp-block-heading has-text-align-left\">Was kann man in Puy du Fou unternehmen?<\/h2>\n\n\n\n<p class=\"ls-paragraph\">Entdecken Sie w\u00e4hrend Ihres Urlaubs auf einem <a href=\"https:\/\/www.lescale-du-perthuis.com\/de\/campingplatz-hallenbad-la-tranche-sur-mer\/\">Campingplatz mit Wasserpark in der Vend\u00e9e<\/a> den Puy du Fou. Eine Vielzahl von Aktivit\u00e4ten und fesselnden Auff\u00fchrungen erwarten Sie.<\/p>\n\n\n\n<p class=\"ls-paragraph\">Besuchen Sie die zahlreichen Shows wie <strong>&#8222;Das Zeichen des Triumphs<\/strong>&#8222;, wo Gladiatoren und r\u00f6mische Streitwagen in einer Arena zum Leben erweckt werden. Erleben Sie die Aufregung der nordischen Invasionen mit <strong>&#8222;The Vikings<\/strong>&#8222;, einer<strong> beeindruckenden Show mit Stunts und Spezialeffekten<\/strong>. <\/p>\n\n\n\n<p class=\"ls-paragraph\">Bestaunen Sie den <strong>&#8222;Ball der Geisterv\u00f6gel<\/strong>&#8222;, bei dem <strong>majest\u00e4tische Raubv\u00f6gel \u00fcber die Zuschauer hinwegfliegen<\/strong>. Erkunden Sie die nachgebauten D\u00f6rfer, nehmen Sie an <strong>interaktiven Animationen<\/strong> teil oder schauen Sie <strong>Handwerkern bei ihren Vorf\u00fchrungen<\/strong> zu.  <\/p>\n\n\n\n<p class=\"ls-paragraph\">Im Sommer sollten Sie sich die ber\u00fchmte <strong>abendliche Cin\u00e9sc\u00e9nie<\/strong> nicht entgehen lassen, ein unvergleichliches historisches Fresko mit mehr als 2.500 freiwilligen Helfern. <strong>Spektakul\u00e4re Effekte und gro\u00dfartige Kulissen<\/strong> lassen 700 Jahre Geschichte zu einem unvergesslichen Erlebnis werden.<\/p>\n<\/div>\n<\/div>\n\n\r\n    <\/div>\r\n<\/section><section id=\"ls-section-block_85d678c3aa4134fd30f735ec606fa848\" class=\"ls-section  page-maillage experience has-m-t m-t-0 has-p-t p-t-10\" >\r\n        <div class=\"container container--wide\">\r\n        \n\n<div id=\"ls-heading ls-titre-div-block_9d300a1047b93633941d12ffe5a904f7\" class=\"ls-titre-div aligncenter h2-like\" >\n    <strong>Tauchen Sie <\/strong>ein in die Geschichte!<\/div>\n\n\n<div id=\"ls-maillage-block_509a91c3eecfc4567d65392e946892d5\" class=\"ls-maillage cta-style-normal\" data-rows=\"3\">\n    <div class=\"wp-block-columns\"><div class=\"wp-block-column\"><div id=\"destinations\" class=\"ls-cta\">\n\n<a href=\"https:\/\/www.lescale-du-perthuis.com\/de\/tourismus-stadte-vendee\/\" target=\"\" rel=\"noopener\" class=\"ls-cta__link\">\n\n\t<div class=\"ls-cta__image\"><img decoding=\"async\" src=\"https:\/\/www.lescale-du-perthuis.com\/wp-content\/uploads\/sites\/25\/2025\/01\/Design-sans-titre-49.webp\" alt=\"cotes ville camping lescale du perthuis\"><\/div>\n\t<div class=\"ls-cta__title\">\n\t\tStadtseiten\t<\/div>\n\n\t\t\n<\/a><\/div><\/div><div class=\"wp-block-column\"><div id=\"destinations\" class=\"ls-cta\">\n\n<a href=\"https:\/\/www.lescale-du-perthuis.com\/de\/tourismus-la-tranche-sur-mer\/\" target=\"\" rel=\"noopener\" class=\"ls-cta__link\">\n\n\t<div class=\"ls-cta__image\"><img decoding=\"async\" src=\"https:\/\/www.lescale-du-perthuis.com\/wp-content\/uploads\/sites\/25\/2025\/01\/camping-en-vendee-balade.webp\" alt=\"Camping in der Vendee Spaziergang\"><\/div>\n\t<div class=\"ls-cta__title\">\n\t\tErkunden Sie die K\u00fcste\t<\/div>\n\n\t\t\n<\/a><\/div><\/div><div class=\"wp-block-column\"><div id=\"destinations\" class=\"ls-cta\">\n\n<a href=\"https:\/\/www.lescale-du-perthuis.com\/de\/campingplatz-hallenbad-la-tranche-sur-mer\/\" target=\"\" rel=\"noopener\" class=\"ls-cta__link\">\n\n\t<div class=\"ls-cta__image\"><img decoding=\"async\" src=\"https:\/\/www.lescale-du-perthuis.com\/wp-content\/uploads\/sites\/25\/2025\/01\/camping-espace-aquatique-1.webp\" alt=\"Campingplatz mit Wasserpark\"><\/div>\n\t<div class=\"ls-cta__title\">\n\t\tUnsere Swimmingpools\t<\/div>\n\n\t\t\n<\/a><\/div><\/div><\/div><\/div>\n\r\n    <\/div>\r\n<\/section>","protected":false},"excerpt":{"rendered":"","protected":false},"author":1,"featured_media":930,"parent":0,"menu_order":0,"comment_status":"closed","ping_status":"closed","template":"","meta":{"_acf_changed":false,"footnotes":""},"sujet":[],"class_list":["post-1952","page","type-page","status-publish","has-post-thumbnail","hentry"],"acf":[],"yoast_head":"<!-- This site is optimized with the Yoast SEO plugin v23.9 - https:\/\/yoast.com\/wordpress\/plugins\/seo\/ -->\n<title>Campingplatz in der N\u00e4he von Puy du Fou Grand parc und Cinescenie<\/title>\n<meta name=\"description\" content=\"Ihr Campingurlaub in der N\u00e4he von Puy du Fou - nutzen Sie einen Tag, um diesen Vergn\u00fcgungspark zu entdecken, der nur 95 km von unserem Campingplatz entfernt liegt.\" \/>\n<meta name=\"robots\" content=\"index, follow, max-snippet:-1, max-image-preview:large, max-video-preview:-1\" \/>\n<link rel=\"canonical\" href=\"https:\/\/www.lescale-du-perthuis.com\/de\/tourismus-puy-du-fou\/\" \/>\n<meta property=\"og:locale\" content=\"de_DE\" \/>\n<meta property=\"og:type\" content=\"article\" \/>\n<meta property=\"og:title\" content=\"Campingplatz in der N\u00e4he von Puy du Fou Grand parc und Cinescenie\" \/>\n<meta property=\"og:description\" content=\"Ihr Campingurlaub in der N\u00e4he von Puy du Fou - nutzen Sie einen Tag, um diesen Vergn\u00fcgungspark zu entdecken, der nur 95 km von unserem Campingplatz entfernt liegt.\" \/>\n<meta property=\"og:url\" content=\"https:\/\/www.lescale-du-perthuis.com\/de\/tourismus-puy-du-fou\/\" \/>\n<meta property=\"og:site_name\" content=\"Camping L&#039;Escale de Perthuis\" \/>\n<meta property=\"article:modified_time\" content=\"2025-02-20T14:01:16+00:00\" \/>\n<meta property=\"og:image\" content=\"https:\/\/www.lescale-du-perthuis.com\/wp-content\/uploads\/sites\/25\/2025\/01\/puy-du-fou-camping-lescale-du-perthuis.webp\" \/>\n\t<meta property=\"og:image:width\" content=\"2500\" \/>\n\t<meta property=\"og:image:height\" content=\"750\" \/>\n\t<meta property=\"og:image:type\" content=\"image\/webp\" \/>\n<meta name=\"twitter:card\" content=\"summary_large_image\" \/>\n<meta name=\"twitter:label1\" content=\"Gesch\u00e4tzte Lesezeit\" \/>\n\t<meta name=\"twitter:data1\" content=\"2\u00a0Minuten\" \/>\n<script type=\"application\/ld+json\" class=\"yoast-schema-graph\">{\"@context\":\"https:\/\/schema.org\",\"@graph\":[{\"@type\":\"WebPage\",\"@id\":\"https:\/\/www.lescale-du-perthuis.com\/de\/tourismus-puy-du-fou\/\",\"url\":\"https:\/\/www.lescale-du-perthuis.com\/de\/tourismus-puy-du-fou\/\",\"name\":\"Campingplatz in der N\u00e4he von Puy du Fou Grand parc und Cinescenie\",\"isPartOf\":{\"@id\":\"https:\/\/www.lescale-du-perthuis.com\/de\/#website\"},\"primaryImageOfPage\":{\"@id\":\"https:\/\/www.lescale-du-perthuis.com\/de\/tourismus-puy-du-fou\/#primaryimage\"},\"image\":{\"@id\":\"https:\/\/www.lescale-du-perthuis.com\/de\/tourismus-puy-du-fou\/#primaryimage\"},\"thumbnailUrl\":\"https:\/\/www.lescale-du-perthuis.com\/wp-content\/uploads\/sites\/25\/2025\/01\/puy-du-fou-camping-lescale-du-perthuis.webp\",\"datePublished\":\"2025-01-07T15:05:54+00:00\",\"dateModified\":\"2025-02-20T14:01:16+00:00\",\"description\":\"Ihr Campingurlaub in der N\u00e4he von Puy du Fou - nutzen Sie einen Tag, um diesen Vergn\u00fcgungspark zu entdecken, der nur 95 km von unserem Campingplatz entfernt liegt.\",\"breadcrumb\":{\"@id\":\"https:\/\/www.lescale-du-perthuis.com\/de\/tourismus-puy-du-fou\/#breadcrumb\"},\"inLanguage\":\"de\",\"potentialAction\":[{\"@type\":\"ReadAction\",\"target\":[\"https:\/\/www.lescale-du-perthuis.com\/de\/tourismus-puy-du-fou\/\"]}]},{\"@type\":\"ImageObject\",\"inLanguage\":\"de\",\"@id\":\"https:\/\/www.lescale-du-perthuis.com\/de\/tourismus-puy-du-fou\/#primaryimage\",\"url\":\"https:\/\/www.lescale-du-perthuis.com\/wp-content\/uploads\/sites\/25\/2025\/01\/puy-du-fou-camping-lescale-du-perthuis.webp\",\"contentUrl\":\"https:\/\/www.lescale-du-perthuis.com\/wp-content\/uploads\/sites\/25\/2025\/01\/puy-du-fou-camping-lescale-du-perthuis.webp\",\"width\":2500,\"height\":750,\"caption\":\"puy du fou camping lescale du perthuis\"},{\"@type\":\"BreadcrumbList\",\"@id\":\"https:\/\/www.lescale-du-perthuis.com\/de\/tourismus-puy-du-fou\/#breadcrumb\",\"itemListElement\":[{\"@type\":\"ListItem\",\"position\":1,\"name\":\"Camping in der Vend\u00e9e\",\"item\":\"https:\/\/www.lescale-du-perthuis.com\/de\/\"},{\"@type\":\"ListItem\",\"position\":2,\"name\":\"Puy du Fou\"}]},{\"@type\":\"WebSite\",\"@id\":\"https:\/\/www.lescale-du-perthuis.com\/de\/#website\",\"url\":\"https:\/\/www.lescale-du-perthuis.com\/de\/\",\"name\":\"Camping L&#039;Escale de Perthuis\",\"description\":\"\",\"publisher\":{\"@id\":\"https:\/\/www.lescale-du-perthuis.com\/de\/#organization\"},\"potentialAction\":[{\"@type\":\"SearchAction\",\"target\":{\"@type\":\"EntryPoint\",\"urlTemplate\":\"https:\/\/www.lescale-du-perthuis.com\/de\/?s={search_term_string}\"},\"query-input\":{\"@type\":\"PropertyValueSpecification\",\"valueRequired\":true,\"valueName\":\"search_term_string\"}}],\"inLanguage\":\"de\"},{\"@type\":\"Organization\",\"@id\":\"https:\/\/www.lescale-du-perthuis.com\/de\/#organization\",\"name\":\"Camping L&#039;Escale de Perthuis\",\"url\":\"https:\/\/www.lescale-du-perthuis.com\/de\/\",\"logo\":{\"@type\":\"ImageObject\",\"inLanguage\":\"de\",\"@id\":\"https:\/\/www.lescale-du-perthuis.com\/de\/#\/schema\/logo\/image\/\",\"url\":\"https:\/\/www.lescale-du-perthuis.com\/wp-content\/uploads\/sites\/25\/2024\/07\/cropped-logo_camping_l_escale_du_perthuis.png\",\"contentUrl\":\"https:\/\/www.lescale-du-perthuis.com\/wp-content\/uploads\/sites\/25\/2024\/07\/cropped-logo_camping_l_escale_du_perthuis.png\",\"width\":200,\"height\":321,\"caption\":\"Camping L&#039;Escale de Perthuis\"},\"image\":{\"@id\":\"https:\/\/www.lescale-du-perthuis.com\/de\/#\/schema\/logo\/image\/\"}}]}<\/script>\n<!-- \/ Yoast SEO plugin. -->","yoast_head_json":{"title":"Campingplatz in der N\u00e4he von Puy du Fou Grand parc und Cinescenie","description":"Ihr Campingurlaub in der N\u00e4he von Puy du Fou - nutzen Sie einen Tag, um diesen Vergn\u00fcgungspark zu entdecken, der nur 95 km von unserem Campingplatz entfernt liegt.","robots":{"index":"index","follow":"follow","max-snippet":"max-snippet:-1","max-image-preview":"max-image-preview:large","max-video-preview":"max-video-preview:-1"},"canonical":"https:\/\/www.lescale-du-perthuis.com\/de\/tourismus-puy-du-fou\/","og_locale":"de_DE","og_type":"article","og_title":"Campingplatz in der N\u00e4he von Puy du Fou Grand parc und Cinescenie","og_description":"Ihr Campingurlaub in der N\u00e4he von Puy du Fou - nutzen Sie einen Tag, um diesen Vergn\u00fcgungspark zu entdecken, der nur 95 km von unserem Campingplatz entfernt liegt.","og_url":"https:\/\/www.lescale-du-perthuis.com\/de\/tourismus-puy-du-fou\/","og_site_name":"Camping L&#039;Escale de Perthuis","article_modified_time":"2025-02-20T14:01:16+00:00","og_image":[{"width":2500,"height":750,"url":"https:\/\/www.lescale-du-perthuis.com\/wp-content\/uploads\/sites\/25\/2025\/01\/puy-du-fou-camping-lescale-du-perthuis.webp","type":"image\/webp"}],"twitter_card":"summary_large_image","twitter_misc":{"Gesch\u00e4tzte Lesezeit":"2\u00a0Minuten"},"schema":{"@context":"https:\/\/schema.org","@graph":[{"@type":"WebPage","@id":"https:\/\/www.lescale-du-perthuis.com\/de\/tourismus-puy-du-fou\/","url":"https:\/\/www.lescale-du-perthuis.com\/de\/tourismus-puy-du-fou\/","name":"Campingplatz in der N\u00e4he von Puy du Fou Grand parc und Cinescenie","isPartOf":{"@id":"https:\/\/www.lescale-du-perthuis.com\/de\/#website"},"primaryImageOfPage":{"@id":"https:\/\/www.lescale-du-perthuis.com\/de\/tourismus-puy-du-fou\/#primaryimage"},"image":{"@id":"https:\/\/www.lescale-du-perthuis.com\/de\/tourismus-puy-du-fou\/#primaryimage"},"thumbnailUrl":"https:\/\/www.lescale-du-perthuis.com\/wp-content\/uploads\/sites\/25\/2025\/01\/puy-du-fou-camping-lescale-du-perthuis.webp","datePublished":"2025-01-07T15:05:54+00:00","dateModified":"2025-02-20T14:01:16+00:00","description":"Ihr Campingurlaub in der N\u00e4he von Puy du Fou - nutzen Sie einen Tag, um diesen Vergn\u00fcgungspark zu entdecken, der nur 95 km von unserem Campingplatz entfernt liegt.","breadcrumb":{"@id":"https:\/\/www.lescale-du-perthuis.com\/de\/tourismus-puy-du-fou\/#breadcrumb"},"inLanguage":"de","potentialAction":[{"@type":"ReadAction","target":["https:\/\/www.lescale-du-perthuis.com\/de\/tourismus-puy-du-fou\/"]}]},{"@type":"ImageObject","inLanguage":"de","@id":"https:\/\/www.lescale-du-perthuis.com\/de\/tourismus-puy-du-fou\/#primaryimage","url":"https:\/\/www.lescale-du-perthuis.com\/wp-content\/uploads\/sites\/25\/2025\/01\/puy-du-fou-camping-lescale-du-perthuis.webp","contentUrl":"https:\/\/www.lescale-du-perthuis.com\/wp-content\/uploads\/sites\/25\/2025\/01\/puy-du-fou-camping-lescale-du-perthuis.webp","width":2500,"height":750,"caption":"puy du fou camping lescale du perthuis"},{"@type":"BreadcrumbList","@id":"https:\/\/www.lescale-du-perthuis.com\/de\/tourismus-puy-du-fou\/#breadcrumb","itemListElement":[{"@type":"ListItem","position":1,"name":"Camping in der Vend\u00e9e","item":"https:\/\/www.lescale-du-perthuis.com\/de\/"},{"@type":"ListItem","position":2,"name":"Puy du Fou"}]},{"@type":"WebSite","@id":"https:\/\/www.lescale-du-perthuis.com\/de\/#website","url":"https:\/\/www.lescale-du-perthuis.com\/de\/","name":"Camping L&#039;Escale de Perthuis","description":"","publisher":{"@id":"https:\/\/www.lescale-du-perthuis.com\/de\/#organization"},"potentialAction":[{"@type":"SearchAction","target":{"@type":"EntryPoint","urlTemplate":"https:\/\/www.lescale-du-perthuis.com\/de\/?s={search_term_string}"},"query-input":{"@type":"PropertyValueSpecification","valueRequired":true,"valueName":"search_term_string"}}],"inLanguage":"de"},{"@type":"Organization","@id":"https:\/\/www.lescale-du-perthuis.com\/de\/#organization","name":"Camping L&#039;Escale de Perthuis","url":"https:\/\/www.lescale-du-perthuis.com\/de\/","logo":{"@type":"ImageObject","inLanguage":"de","@id":"https:\/\/www.lescale-du-perthuis.com\/de\/#\/schema\/logo\/image\/","url":"https:\/\/www.lescale-du-perthuis.com\/wp-content\/uploads\/sites\/25\/2024\/07\/cropped-logo_camping_l_escale_du_perthuis.png","contentUrl":"https:\/\/www.lescale-du-perthuis.com\/wp-content\/uploads\/sites\/25\/2024\/07\/cropped-logo_camping_l_escale_du_perthuis.png","width":200,"height":321,"caption":"Camping L&#039;Escale de Perthuis"},"image":{"@id":"https:\/\/www.lescale-du-perthuis.com\/de\/#\/schema\/logo\/image\/"}}]}},"_links":{"self":[{"href":"https:\/\/www.lescale-du-perthuis.com\/de\/wp-json\/wp\/v2\/pages\/1952","targetHints":{"allow":["GET"]}}],"collection":[{"href":"https:\/\/www.lescale-du-perthuis.com\/de\/wp-json\/wp\/v2\/pages"}],"about":[{"href":"https:\/\/www.lescale-du-perthuis.com\/de\/wp-json\/wp\/v2\/types\/page"}],"author":[{"embeddable":true,"href":"https:\/\/www.lescale-du-perthuis.com\/de\/wp-json\/wp\/v2\/users\/1"}],"replies":[{"embeddable":true,"href":"https:\/\/www.lescale-du-perthuis.com\/de\/wp-json\/wp\/v2\/comments?post=1952"}],"version-history":[{"count":4,"href":"https:\/\/www.lescale-du-perthuis.com\/de\/wp-json\/wp\/v2\/pages\/1952\/revisions"}],"predecessor-version":[{"id":2291,"href":"https:\/\/www.lescale-du-perthuis.com\/de\/wp-json\/wp\/v2\/pages\/1952\/revisions\/2291"}],"wp:featuredmedia":[{"embeddable":true,"href":"https:\/\/www.lescale-du-perthuis.com\/de\/wp-json\/wp\/v2\/media\/930"}],"wp:attachment":[{"href":"https:\/\/www.lescale-du-perthuis.com\/de\/wp-json\/wp\/v2\/media?parent=1952"}],"wp:term":[{"taxonomy":"sujet","embeddable":true,"href":"https:\/\/www.lescale-du-perthuis.com\/de\/wp-json\/wp\/v2\/sujet?post=1952"}],"curies":[{"name":"wp","href":"https:\/\/api.w.org\/{rel}","templated":true}]}}