{"id":1958,"date":"2025-01-07T15:10:17","date_gmt":"2025-01-07T15:10:17","guid":{"rendered":"https:\/\/www.lescale-du-perthuis.com\/tourismus-zoo-sables-d-olonne\/"},"modified":"2025-02-20T14:00:45","modified_gmt":"2025-02-20T14:00:45","slug":"tourismus-zoo-sables-d-olonne","status":"publish","type":"page","link":"https:\/\/www.lescale-du-perthuis.com\/de\/tourismus-zoo-sables-d-olonne\/","title":{"rendered":"Der Zoo von Les Sables d&#8217;Olonne"},"content":{"rendered":"<section id=\"ls-section-block_679b9b33792d1073f46c75ccbc56939b\" class=\"ls-section  page-one has-background has-color-4-background-color has-m-t m-t-0 has-m-b m-b-0 has-p-t p-t-14 has-p-b p-b-14\" >\r\n        <div class=\"container container--wide\">\r\n        \n\n<div class=\"wp-block-columns is-layout-flex wp-container-core-columns-is-layout-1 wp-block-columns-is-layout-flex\">\n<div class=\"wp-block-column animated fadeInLeft delay-100ms slow is-layout-flow wp-block-column-is-layout-flow\" style=\"flex-basis:45%\">\n<figure class=\"wp-block-image size-full\"><a href=\"http:\/\/www.lescale-du-perthuis.com\/wp-content\/uploads\/sites\/25\/2025\/01\/Design-sans-titre-30.webp\"><img loading=\"lazy\" decoding=\"async\" width=\"1000\" height=\"750\" src=\"http:\/\/www.lescale-du-perthuis.com\/wp-content\/uploads\/sites\/25\/2025\/01\/Design-sans-titre-30.webp\" alt=\"lion zoo des sables dolonne\" class=\"wp-image-1373\" srcset=\"https:\/\/www.lescale-du-perthuis.com\/wp-content\/uploads\/sites\/25\/2025\/01\/Design-sans-titre-30.webp 1000w, https:\/\/www.lescale-du-perthuis.com\/wp-content\/uploads\/sites\/25\/2025\/01\/Design-sans-titre-30-300x225.webp 300w, https:\/\/www.lescale-du-perthuis.com\/wp-content\/uploads\/sites\/25\/2025\/01\/Design-sans-titre-30-768x576.webp 768w\" sizes=\"auto, (max-width: 1000px) 100vw, 1000px\" \/><\/a><\/figure>\n<\/div>\n\n\n\n<div class=\"wp-block-column is-vertically-aligned-center animated fadeInRight slow is-layout-flow wp-block-column-is-layout-flow\" style=\"flex-basis:55%\">\n<h1 class=\"ls__heading wp-block-heading\">Besuchen Sie den Zoo in Les Sables d&#8217;Olonne<\/h1>\n\n\n\n<p class=\"ls-paragraph\"><strong>Entdecken Sie den Zoo von Les Sables d&#8217;Olonne<\/strong>, eine gr\u00fcne Oase, in der exotische Tiere und Naturschutz zusammenkommen, um Gro\u00df und Klein zu begeistern!<\/p>\n\n\n\n<h2 class=\"ls__heading wp-block-heading\">Entdecken Sie den Zoo von Les Sables d&#8217;Olonne<\/h2>\n\n\n\n<p class=\"ls-paragraph\">Der Zoo von Les Sables d&#8217;Olonne ist eine wahre Oase der <strong>Biodiversit\u00e4t<\/strong>, eingebettet in eine gr\u00fcne Umgebung. Der Zoo ist mehr als nur ein Zoo, er engagiert sich aktiv f\u00fcr die <strong>Erhaltung bedrohter Arten<\/strong> und die<strong>Umwelterziehung<\/strong>.   <\/p>\n\n\n\n<p class=\"ls-paragraph\">Kommen Sie mit Familie oder Freunden w\u00e4hrend Ihres <a href=\"https:\/\/www.lescale-du-perthuis.com\/de\/\">Campingurlaubs <\/a>in La Tranche sur Mer und lassen Sie sich von der Artenvielfalt begeistern.  <\/p>\n\n\n\n<p class=\"ls-paragraph\">Begegnen Sie <strong>mehr als 500 Tieren<\/strong>, die eine faszinierende Vielfalt an Arten repr\u00e4sentieren: L\u00f6wen, Giraffen, Pinguine, Primaten und viele andere. Kinder werden die <strong>interaktiven Bereiche<\/strong> und die <strong>p\u00e4dagogischen Veranstaltungen<\/strong> lieben.   <\/p>\n\n\n\n<p class=\"ls-paragraph\">Genie\u00dfen Sie auch die \u00fcppigen G\u00e4rten, in denen Flora und Fauna harmonisch miteinander verwoben sind. Ein idealer Besuch, um die ganze Familie f\u00fcr den Naturschutz zu sensibilisieren und dabei einen unvergesslichen Moment zu erleben. <\/p>\n<\/div>\n<\/div>\n\n\r\n    <\/div>\r\n<\/section><section id=\"ls-section-block_024710b400046c4a5ab6334e92438146\" class=\"ls-section  home-gallery has-background has-color-4-background-color has-m-t m-t-0 has-p-t p-t-0\" >\r\n        <div class=\"container container--full\">\r\n        \n\n<figure class=\"wp-block-gallery has-nested-images columns-1 is-cropped galerie-slider-container wp-block-gallery-1 is-layout-flex wp-block-gallery-is-layout-flex\">\n<figure class=\"wp-block-image size-full\"><a href=\"http:\/\/www.lescale-du-perthuis.com\/wp-content\/uploads\/sites\/25\/2025\/01\/Design-sans-titre-28.webp\"><img loading=\"lazy\" decoding=\"async\" width=\"1000\" height=\"750\" src=\"http:\/\/www.lescale-du-perthuis.com\/wp-content\/uploads\/sites\/25\/2025\/01\/Design-sans-titre-28.webp\" alt=\"zoo des sables dolonne giraffen\" class=\"wp-image-1365\" srcset=\"https:\/\/www.lescale-du-perthuis.com\/wp-content\/uploads\/sites\/25\/2025\/01\/Design-sans-titre-28.webp 1000w, https:\/\/www.lescale-du-perthuis.com\/wp-content\/uploads\/sites\/25\/2025\/01\/Design-sans-titre-28-300x225.webp 300w, https:\/\/www.lescale-du-perthuis.com\/wp-content\/uploads\/sites\/25\/2025\/01\/Design-sans-titre-28-768x576.webp 768w\" sizes=\"auto, (max-width: 1000px) 100vw, 1000px\" \/><\/a><\/figure>\n\n\n\n<figure class=\"wp-block-image size-full\"><a href=\"http:\/\/www.lescale-du-perthuis.com\/wp-content\/uploads\/sites\/25\/2025\/01\/Design-sans-titre-31.webp\"><img loading=\"lazy\" decoding=\"async\" width=\"1000\" height=\"750\" src=\"http:\/\/www.lescale-du-perthuis.com\/wp-content\/uploads\/sites\/25\/2025\/01\/Design-sans-titre-31.webp\" alt=\"zoo des sables dolonne\" class=\"wp-image-1377\" srcset=\"https:\/\/www.lescale-du-perthuis.com\/wp-content\/uploads\/sites\/25\/2025\/01\/Design-sans-titre-31.webp 1000w, https:\/\/www.lescale-du-perthuis.com\/wp-content\/uploads\/sites\/25\/2025\/01\/Design-sans-titre-31-300x225.webp 300w, https:\/\/www.lescale-du-perthuis.com\/wp-content\/uploads\/sites\/25\/2025\/01\/Design-sans-titre-31-768x576.webp 768w\" sizes=\"auto, (max-width: 1000px) 100vw, 1000px\" \/><\/a><\/figure>\n\n\n\n<figure class=\"wp-block-image size-full\"><a href=\"http:\/\/www.lescale-du-perthuis.com\/wp-content\/uploads\/sites\/25\/2025\/01\/Design-sans-titre-29.webp\"><img loading=\"lazy\" decoding=\"async\" width=\"1000\" height=\"750\" src=\"http:\/\/www.lescale-du-perthuis.com\/wp-content\/uploads\/sites\/25\/2025\/01\/Design-sans-titre-29.webp\" alt=\"zoo des sables dolonne vendee\" class=\"wp-image-1369\" srcset=\"https:\/\/www.lescale-du-perthuis.com\/wp-content\/uploads\/sites\/25\/2025\/01\/Design-sans-titre-29.webp 1000w, https:\/\/www.lescale-du-perthuis.com\/wp-content\/uploads\/sites\/25\/2025\/01\/Design-sans-titre-29-300x225.webp 300w, https:\/\/www.lescale-du-perthuis.com\/wp-content\/uploads\/sites\/25\/2025\/01\/Design-sans-titre-29-768x576.webp 768w\" sizes=\"auto, (max-width: 1000px) 100vw, 1000px\" \/><\/a><\/figure>\n<\/figure>\n\n\r\n    <\/div>\r\n<\/section><section id=\"ls-section-block_1517f13460321d09c8bba0e1a48d9790\" class=\"ls-section  page-one aventure\" >\r\n        <div class=\"container container--wide\">\r\n        \n\n<div class=\"wp-block-columns is-layout-flex wp-container-core-columns-is-layout-2 wp-block-columns-is-layout-flex\">\n<div class=\"wp-block-column first animated fadeInLeft delay-100ms slow is-layout-flow wp-block-column-is-layout-flow\" style=\"flex-basis:45%\">\n<figure class=\"wp-block-image size-full\"><img loading=\"lazy\" decoding=\"async\" width=\"1000\" height=\"750\" src=\"http:\/\/www.lescale-du-perthuis.com\/wp-content\/uploads\/sites\/25\/2025\/01\/Design-sans-titre-26.webp\" alt=\"V&#xF6;gel Zoo von Les Sables d'Olonne\" class=\"wp-image-1392\" srcset=\"https:\/\/www.lescale-du-perthuis.com\/wp-content\/uploads\/sites\/25\/2025\/01\/Design-sans-titre-26.webp 1000w, https:\/\/www.lescale-du-perthuis.com\/wp-content\/uploads\/sites\/25\/2025\/01\/Design-sans-titre-26-300x225.webp 300w, https:\/\/www.lescale-du-perthuis.com\/wp-content\/uploads\/sites\/25\/2025\/01\/Design-sans-titre-26-768x576.webp 768w\" sizes=\"auto, (max-width: 1000px) 100vw, 1000px\" \/><\/figure>\n<\/div>\n\n\n\n<div class=\"wp-block-column is-vertically-aligned-center second animated fadeInRight slow is-layout-flow wp-block-column-is-layout-flow\" style=\"flex-basis:55%\">\n<h2 class=\"ls__heading wp-block-heading has-text-align-left\">Was kann man im Zoo von Les Sables d&#8217;Olonne unternehmen?<\/h2>\n\n\n\n<p class=\"ls-paragraph\">Zu den Hauptattraktionen geh\u00f6rt der Raubtierbereich, wo Sie <strong>L\u00f6wen, Tiger und Panther beobachten<\/strong> k\u00f6nnen.  <\/p>\n\n\n\n<p class=\"ls-paragraph\">Kinder werden die<strong> Mini-Farm<\/strong> und die interaktiven Spielpl\u00e4tze lieben.  <\/p>\n\n\n\n<p class=\"ls-paragraph\">Der Zoo bietet auch p\u00e4dagogische Veranstaltungen an, wie z.B. <strong>kommentierte F\u00fctterungen<\/strong>, bei denen Sie mehr \u00fcber die Lebensgewohnheiten der Tiere erfahren k\u00f6nnen.<\/p>\n\n\n\n<p class=\"ls-paragraph\">Nehmen Sie sich schlie\u00dflich Zeit, um sich in den Picknickbereichen oder im Caf\u00e9 des Zoos zu entspannen, von wo aus Sie einen herrlichen Blick auf die Gehege haben.  <\/p>\n\n\n\n<p class=\"ls-paragraph\">Von Ihrem Familiencampingplatz mit <a href=\"https:\/\/www.lescale-du-perthuis.com\/de\/campingplatz-hallenbad-la-tranche-sur-mer\/\">Wasserpark<\/a> in La Tranche sur Mer aus k\u00f6nnen Sie den 40 km entfernten Zoo von Les Sables d&#8217;Olonne besuchen. <\/p>\n\n\n\n<p class=\"ls-paragraph\">Momente der Entdeckung, des Staunens und der Entspannung f\u00fcr die ganze Familie.<\/p>\n<\/div>\n<\/div>\n\n\r\n    <\/div>\r\n<\/section><section id=\"ls-section-block_f2d2d16467383456986b89c3fa5e31fc\" class=\"ls-section  page-maillage experience has-m-t m-t-0 has-p-t p-t-10\" >\r\n        <div class=\"container container--wide\">\r\n        \n\n<div id=\"ls-heading ls-titre-div-block_c204c6f4092f2deef19c1993fdfcd5e0\" class=\"ls-titre-div aligncenter h2-like\" >\n    Ein <strong>unvergesslicher<\/strong> Urlaub?<\/div>\n\n\n<div id=\"ls-maillage-block_6044643fefd260557eedd9a4c102ff0a\" class=\"ls-maillage cta-style-normal\" data-rows=\"3\">\n    <div class=\"wp-block-columns\"><div class=\"wp-block-column\"><div id=\"destinations\" class=\"ls-cta\">\n\n<a href=\"https:\/\/www.lescale-du-perthuis.com\/de\/tourismus-la-tranche-sur-mer\/\" target=\"\" rel=\"noopener\" class=\"ls-cta__link\">\n\n\t<div class=\"ls-cta__image\"><img decoding=\"async\" src=\"https:\/\/www.lescale-du-perthuis.com\/wp-content\/uploads\/sites\/25\/2025\/01\/camping-en-vendee-balade.webp\" alt=\"Camping in der Vendee Spaziergang\"><\/div>\n\t<div class=\"ls-cta__title\">\n\t\tErkunden Sie die K\u00fcste\t<\/div>\n\n\t\t\n<\/a><\/div><\/div><div class=\"wp-block-column\"><div id=\"destinations\" class=\"ls-cta\">\n\n<a href=\"https:\/\/www.lescale-du-perthuis.com\/de\/tourismus-inseln-vendee\/\" target=\"\" rel=\"noopener\" class=\"ls-cta__link\">\n\n\t<div class=\"ls-cta__image\"><img decoding=\"async\" src=\"https:\/\/www.lescale-du-perthuis.com\/wp-content\/uploads\/sites\/25\/2025\/01\/4-H.Marcou.-La-Baie-des-Sables-dOlonne_1-scaled.webp\" alt=\"4 H.Marcou. Die Bucht von Les Sables d'Olonne 1\"><\/div>\n\t<div class=\"ls-cta__title\">\n\t\tDie Inseln\t<\/div>\n\n\t\t\n<\/a><\/div><\/div><div class=\"wp-block-column\"><div id=\"destinations\" class=\"ls-cta\">\n\n<a href=\"https:\/\/www.lescale-du-perthuis.com\/de\/campingplatz-animationen-la-tranche-sur-mer\/\" target=\"\" rel=\"noopener\" class=\"ls-cta__link\">\n\n\t<div class=\"ls-cta__image\"><img decoding=\"async\" src=\"https:\/\/www.lescale-du-perthuis.com\/wp-content\/uploads\/sites\/25\/2026\/01\/Lescale_du_Perthuis_mascotte_du_camping-scaled.webp\" alt=\"L'escale du Perthuis Maskottchen des Campingplatzes\"><\/div>\n\t<div class=\"ls-cta__title\">\n\t\tFreizeit\t<\/div>\n\n\t\t\n<\/a><\/div><\/div><\/div><\/div>\n\r\n    <\/div>\r\n<\/section>","protected":false},"excerpt":{"rendered":"","protected":false},"author":1,"featured_media":922,"parent":0,"menu_order":0,"comment_status":"closed","ping_status":"closed","template":"","meta":{"_acf_changed":false,"footnotes":""},"sujet":[],"class_list":["post-1958","page","type-page","status-publish","has-post-thumbnail","hentry"],"acf":[],"yoast_head":"<!-- This site is optimized with the Yoast SEO plugin v23.9 - https:\/\/yoast.com\/wordpress\/plugins\/seo\/ -->\n<title>Campingplatz in der N\u00e4he des Zoos von Les Sables d&#039;Olonne<\/title>\n<meta name=\"description\" content=\"Der Zoo von Les Sables d&#039;Olonne wurde 1963 in der Vend\u00e9e gegr\u00fcndet und ist ein \u00d6kozoo. Er wird also nach \u00f6kologischen Prinzipien gef\u00fchrt. Wir w\u00fcnschen Ihnen einen angenehmen Besuch mit Ihrer Familie!\" \/>\n<meta name=\"robots\" content=\"index, follow, max-snippet:-1, max-image-preview:large, max-video-preview:-1\" \/>\n<link rel=\"canonical\" href=\"https:\/\/www.lescale-du-perthuis.com\/de\/tourismus-zoo-sables-d-olonne\/\" \/>\n<meta property=\"og:locale\" content=\"de_DE\" \/>\n<meta property=\"og:type\" content=\"article\" \/>\n<meta property=\"og:title\" content=\"Campingplatz in der N\u00e4he des Zoos von Les Sables d&#039;Olonne\" \/>\n<meta property=\"og:description\" content=\"Der Zoo von Les Sables d&#039;Olonne wurde 1963 in der Vend\u00e9e gegr\u00fcndet und ist ein \u00d6kozoo. Er wird also nach \u00f6kologischen Prinzipien gef\u00fchrt. Wir w\u00fcnschen Ihnen einen angenehmen Besuch mit Ihrer Familie!\" \/>\n<meta property=\"og:url\" content=\"https:\/\/www.lescale-du-perthuis.com\/de\/tourismus-zoo-sables-d-olonne\/\" \/>\n<meta property=\"og:site_name\" content=\"Camping L&#039;Escale de Perthuis\" \/>\n<meta property=\"article:modified_time\" content=\"2025-02-20T14:00:45+00:00\" \/>\n<meta property=\"og:image\" content=\"https:\/\/www.lescale-du-perthuis.com\/wp-content\/uploads\/sites\/25\/2025\/01\/camping-lescale-du-perthuis-zoo.webp\" \/>\n\t<meta property=\"og:image:width\" content=\"2500\" \/>\n\t<meta property=\"og:image:height\" content=\"750\" \/>\n\t<meta property=\"og:image:type\" content=\"image\/webp\" \/>\n<meta name=\"twitter:card\" content=\"summary_large_image\" \/>\n<meta name=\"twitter:label1\" content=\"Gesch\u00e4tzte Lesezeit\" \/>\n\t<meta name=\"twitter:data1\" content=\"2\u00a0Minuten\" \/>\n<script type=\"application\/ld+json\" class=\"yoast-schema-graph\">{\"@context\":\"https:\/\/schema.org\",\"@graph\":[{\"@type\":\"WebPage\",\"@id\":\"https:\/\/www.lescale-du-perthuis.com\/de\/tourismus-zoo-sables-d-olonne\/\",\"url\":\"https:\/\/www.lescale-du-perthuis.com\/de\/tourismus-zoo-sables-d-olonne\/\",\"name\":\"Campingplatz in der N\u00e4he des Zoos von Les Sables d'Olonne\",\"isPartOf\":{\"@id\":\"https:\/\/www.lescale-du-perthuis.com\/de\/#website\"},\"primaryImageOfPage\":{\"@id\":\"https:\/\/www.lescale-du-perthuis.com\/de\/tourismus-zoo-sables-d-olonne\/#primaryimage\"},\"image\":{\"@id\":\"https:\/\/www.lescale-du-perthuis.com\/de\/tourismus-zoo-sables-d-olonne\/#primaryimage\"},\"thumbnailUrl\":\"https:\/\/www.lescale-du-perthuis.com\/wp-content\/uploads\/sites\/25\/2025\/01\/camping-lescale-du-perthuis-zoo.webp\",\"datePublished\":\"2025-01-07T15:10:17+00:00\",\"dateModified\":\"2025-02-20T14:00:45+00:00\",\"description\":\"Der Zoo von Les Sables d'Olonne wurde 1963 in der Vend\u00e9e gegr\u00fcndet und ist ein \u00d6kozoo. Er wird also nach \u00f6kologischen Prinzipien gef\u00fchrt. Wir w\u00fcnschen Ihnen einen angenehmen Besuch mit Ihrer Familie!\",\"breadcrumb\":{\"@id\":\"https:\/\/www.lescale-du-perthuis.com\/de\/tourismus-zoo-sables-d-olonne\/#breadcrumb\"},\"inLanguage\":\"de\",\"potentialAction\":[{\"@type\":\"ReadAction\",\"target\":[\"https:\/\/www.lescale-du-perthuis.com\/de\/tourismus-zoo-sables-d-olonne\/\"]}]},{\"@type\":\"ImageObject\",\"inLanguage\":\"de\",\"@id\":\"https:\/\/www.lescale-du-perthuis.com\/de\/tourismus-zoo-sables-d-olonne\/#primaryimage\",\"url\":\"https:\/\/www.lescale-du-perthuis.com\/wp-content\/uploads\/sites\/25\/2025\/01\/camping-lescale-du-perthuis-zoo.webp\",\"contentUrl\":\"https:\/\/www.lescale-du-perthuis.com\/wp-content\/uploads\/sites\/25\/2025\/01\/camping-lescale-du-perthuis-zoo.webp\",\"width\":2500,\"height\":750,\"caption\":\"camping lescale du perthuis zoo\"},{\"@type\":\"BreadcrumbList\",\"@id\":\"https:\/\/www.lescale-du-perthuis.com\/de\/tourismus-zoo-sables-d-olonne\/#breadcrumb\",\"itemListElement\":[{\"@type\":\"ListItem\",\"position\":1,\"name\":\"Camping in der Vend\u00e9e\",\"item\":\"https:\/\/www.lescale-du-perthuis.com\/de\/\"},{\"@type\":\"ListItem\",\"position\":2,\"name\":\"Besuchen Sie den Zoo in Les Sables d'Olonne\"}]},{\"@type\":\"WebSite\",\"@id\":\"https:\/\/www.lescale-du-perthuis.com\/de\/#website\",\"url\":\"https:\/\/www.lescale-du-perthuis.com\/de\/\",\"name\":\"Camping L&#039;Escale de Perthuis\",\"description\":\"\",\"publisher\":{\"@id\":\"https:\/\/www.lescale-du-perthuis.com\/de\/#organization\"},\"potentialAction\":[{\"@type\":\"SearchAction\",\"target\":{\"@type\":\"EntryPoint\",\"urlTemplate\":\"https:\/\/www.lescale-du-perthuis.com\/de\/?s={search_term_string}\"},\"query-input\":{\"@type\":\"PropertyValueSpecification\",\"valueRequired\":true,\"valueName\":\"search_term_string\"}}],\"inLanguage\":\"de\"},{\"@type\":\"Organization\",\"@id\":\"https:\/\/www.lescale-du-perthuis.com\/de\/#organization\",\"name\":\"Camping L&#039;Escale de Perthuis\",\"url\":\"https:\/\/www.lescale-du-perthuis.com\/de\/\",\"logo\":{\"@type\":\"ImageObject\",\"inLanguage\":\"de\",\"@id\":\"https:\/\/www.lescale-du-perthuis.com\/de\/#\/schema\/logo\/image\/\",\"url\":\"https:\/\/www.lescale-du-perthuis.com\/wp-content\/uploads\/sites\/25\/2024\/07\/cropped-logo_camping_l_escale_du_perthuis.png\",\"contentUrl\":\"https:\/\/www.lescale-du-perthuis.com\/wp-content\/uploads\/sites\/25\/2024\/07\/cropped-logo_camping_l_escale_du_perthuis.png\",\"width\":200,\"height\":321,\"caption\":\"Camping L&#039;Escale de Perthuis\"},\"image\":{\"@id\":\"https:\/\/www.lescale-du-perthuis.com\/de\/#\/schema\/logo\/image\/\"}}]}<\/script>\n<!-- \/ Yoast SEO plugin. -->","yoast_head_json":{"title":"Campingplatz in der N\u00e4he des Zoos von Les Sables d'Olonne","description":"Der Zoo von Les Sables d'Olonne wurde 1963 in der Vend\u00e9e gegr\u00fcndet und ist ein \u00d6kozoo. Er wird also nach \u00f6kologischen Prinzipien gef\u00fchrt. Wir w\u00fcnschen Ihnen einen angenehmen Besuch mit Ihrer Familie!","robots":{"index":"index","follow":"follow","max-snippet":"max-snippet:-1","max-image-preview":"max-image-preview:large","max-video-preview":"max-video-preview:-1"},"canonical":"https:\/\/www.lescale-du-perthuis.com\/de\/tourismus-zoo-sables-d-olonne\/","og_locale":"de_DE","og_type":"article","og_title":"Campingplatz in der N\u00e4he des Zoos von Les Sables d'Olonne","og_description":"Der Zoo von Les Sables d'Olonne wurde 1963 in der Vend\u00e9e gegr\u00fcndet und ist ein \u00d6kozoo. Er wird also nach \u00f6kologischen Prinzipien gef\u00fchrt. Wir w\u00fcnschen Ihnen einen angenehmen Besuch mit Ihrer Familie!","og_url":"https:\/\/www.lescale-du-perthuis.com\/de\/tourismus-zoo-sables-d-olonne\/","og_site_name":"Camping L&#039;Escale de Perthuis","article_modified_time":"2025-02-20T14:00:45+00:00","og_image":[{"width":2500,"height":750,"url":"https:\/\/www.lescale-du-perthuis.com\/wp-content\/uploads\/sites\/25\/2025\/01\/camping-lescale-du-perthuis-zoo.webp","type":"image\/webp"}],"twitter_card":"summary_large_image","twitter_misc":{"Gesch\u00e4tzte Lesezeit":"2\u00a0Minuten"},"schema":{"@context":"https:\/\/schema.org","@graph":[{"@type":"WebPage","@id":"https:\/\/www.lescale-du-perthuis.com\/de\/tourismus-zoo-sables-d-olonne\/","url":"https:\/\/www.lescale-du-perthuis.com\/de\/tourismus-zoo-sables-d-olonne\/","name":"Campingplatz in der N\u00e4he des Zoos von Les Sables d'Olonne","isPartOf":{"@id":"https:\/\/www.lescale-du-perthuis.com\/de\/#website"},"primaryImageOfPage":{"@id":"https:\/\/www.lescale-du-perthuis.com\/de\/tourismus-zoo-sables-d-olonne\/#primaryimage"},"image":{"@id":"https:\/\/www.lescale-du-perthuis.com\/de\/tourismus-zoo-sables-d-olonne\/#primaryimage"},"thumbnailUrl":"https:\/\/www.lescale-du-perthuis.com\/wp-content\/uploads\/sites\/25\/2025\/01\/camping-lescale-du-perthuis-zoo.webp","datePublished":"2025-01-07T15:10:17+00:00","dateModified":"2025-02-20T14:00:45+00:00","description":"Der Zoo von Les Sables d'Olonne wurde 1963 in der Vend\u00e9e gegr\u00fcndet und ist ein \u00d6kozoo. Er wird also nach \u00f6kologischen Prinzipien gef\u00fchrt. Wir w\u00fcnschen Ihnen einen angenehmen Besuch mit Ihrer Familie!","breadcrumb":{"@id":"https:\/\/www.lescale-du-perthuis.com\/de\/tourismus-zoo-sables-d-olonne\/#breadcrumb"},"inLanguage":"de","potentialAction":[{"@type":"ReadAction","target":["https:\/\/www.lescale-du-perthuis.com\/de\/tourismus-zoo-sables-d-olonne\/"]}]},{"@type":"ImageObject","inLanguage":"de","@id":"https:\/\/www.lescale-du-perthuis.com\/de\/tourismus-zoo-sables-d-olonne\/#primaryimage","url":"https:\/\/www.lescale-du-perthuis.com\/wp-content\/uploads\/sites\/25\/2025\/01\/camping-lescale-du-perthuis-zoo.webp","contentUrl":"https:\/\/www.lescale-du-perthuis.com\/wp-content\/uploads\/sites\/25\/2025\/01\/camping-lescale-du-perthuis-zoo.webp","width":2500,"height":750,"caption":"camping lescale du perthuis zoo"},{"@type":"BreadcrumbList","@id":"https:\/\/www.lescale-du-perthuis.com\/de\/tourismus-zoo-sables-d-olonne\/#breadcrumb","itemListElement":[{"@type":"ListItem","position":1,"name":"Camping in der Vend\u00e9e","item":"https:\/\/www.lescale-du-perthuis.com\/de\/"},{"@type":"ListItem","position":2,"name":"Besuchen Sie den Zoo in Les Sables d'Olonne"}]},{"@type":"WebSite","@id":"https:\/\/www.lescale-du-perthuis.com\/de\/#website","url":"https:\/\/www.lescale-du-perthuis.com\/de\/","name":"Camping L&#039;Escale de Perthuis","description":"","publisher":{"@id":"https:\/\/www.lescale-du-perthuis.com\/de\/#organization"},"potentialAction":[{"@type":"SearchAction","target":{"@type":"EntryPoint","urlTemplate":"https:\/\/www.lescale-du-perthuis.com\/de\/?s={search_term_string}"},"query-input":{"@type":"PropertyValueSpecification","valueRequired":true,"valueName":"search_term_string"}}],"inLanguage":"de"},{"@type":"Organization","@id":"https:\/\/www.lescale-du-perthuis.com\/de\/#organization","name":"Camping L&#039;Escale de Perthuis","url":"https:\/\/www.lescale-du-perthuis.com\/de\/","logo":{"@type":"ImageObject","inLanguage":"de","@id":"https:\/\/www.lescale-du-perthuis.com\/de\/#\/schema\/logo\/image\/","url":"https:\/\/www.lescale-du-perthuis.com\/wp-content\/uploads\/sites\/25\/2024\/07\/cropped-logo_camping_l_escale_du_perthuis.png","contentUrl":"https:\/\/www.lescale-du-perthuis.com\/wp-content\/uploads\/sites\/25\/2024\/07\/cropped-logo_camping_l_escale_du_perthuis.png","width":200,"height":321,"caption":"Camping L&#039;Escale de Perthuis"},"image":{"@id":"https:\/\/www.lescale-du-perthuis.com\/de\/#\/schema\/logo\/image\/"}}]}},"_links":{"self":[{"href":"https:\/\/www.lescale-du-perthuis.com\/de\/wp-json\/wp\/v2\/pages\/1958","targetHints":{"allow":["GET"]}}],"collection":[{"href":"https:\/\/www.lescale-du-perthuis.com\/de\/wp-json\/wp\/v2\/pages"}],"about":[{"href":"https:\/\/www.lescale-du-perthuis.com\/de\/wp-json\/wp\/v2\/types\/page"}],"author":[{"embeddable":true,"href":"https:\/\/www.lescale-du-perthuis.com\/de\/wp-json\/wp\/v2\/users\/1"}],"replies":[{"embeddable":true,"href":"https:\/\/www.lescale-du-perthuis.com\/de\/wp-json\/wp\/v2\/comments?post=1958"}],"version-history":[{"count":4,"href":"https:\/\/www.lescale-du-perthuis.com\/de\/wp-json\/wp\/v2\/pages\/1958\/revisions"}],"predecessor-version":[{"id":2287,"href":"https:\/\/www.lescale-du-perthuis.com\/de\/wp-json\/wp\/v2\/pages\/1958\/revisions\/2287"}],"wp:featuredmedia":[{"embeddable":true,"href":"https:\/\/www.lescale-du-perthuis.com\/de\/wp-json\/wp\/v2\/media\/922"}],"wp:attachment":[{"href":"https:\/\/www.lescale-du-perthuis.com\/de\/wp-json\/wp\/v2\/media?parent=1958"}],"wp:term":[{"taxonomy":"sujet","embeddable":true,"href":"https:\/\/www.lescale-du-perthuis.com\/de\/wp-json\/wp\/v2\/sujet?post=1958"}],"curies":[{"name":"wp","href":"https:\/\/api.w.org\/{rel}","templated":true}]}}