{"id":1980,"date":"2024-07-30T07:43:37","date_gmt":"2024-07-30T07:43:37","guid":{"rendered":"https:\/\/www.lescale-du-perthuis.com\/campingplatz-okologischer-vendee\/"},"modified":"2025-02-20T13:56:57","modified_gmt":"2025-02-20T13:56:57","slug":"campingplatz-okologischer-vendee","status":"publish","type":"page","link":"https:\/\/www.lescale-du-perthuis.com\/de\/campingplatz-okologischer-vendee\/","title":{"rendered":"Unsere Verpflichtungen"},"content":{"rendered":"<section id=\"ls-section-block_cd70e27b5ad74f6a476dc9cd6fa61643\" class=\"ls-section  page-one has-background has-color-4-background-color has-m-t m-t-0 has-m-b m-b-0 has-p-t p-t-14 has-p-b p-b-14\" >\r\n        <div class=\"container container--wide\">\r\n        \n\n<div class=\"wp-block-columns is-layout-flex wp-container-core-columns-is-layout-1 wp-block-columns-is-layout-flex\">\n<div class=\"wp-block-column animated fadeInLeft delay-100ms slow is-layout-flow wp-block-column-is-layout-flow\" style=\"flex-basis:45%\">\n<figure class=\"wp-block-image size-full\"><a href=\"http:\/\/www.lescale-du-perthuis.com\/wp-content\/uploads\/sites\/25\/2025\/01\/camping-lescale-du-perthuis-en-vendee-a-pied.webp\"><img loading=\"lazy\" decoding=\"async\" width=\"1000\" height=\"750\" src=\"http:\/\/www.lescale-du-perthuis.com\/wp-content\/uploads\/sites\/25\/2025\/01\/camping-lescale-du-perthuis-en-vendee-a-pied.webp\" alt=\"camping lescale du perthuis in der vendee zu fu&#xDF;\" class=\"wp-image-1000\" srcset=\"https:\/\/www.lescale-du-perthuis.com\/wp-content\/uploads\/sites\/25\/2025\/01\/camping-lescale-du-perthuis-en-vendee-a-pied.webp 1000w, https:\/\/www.lescale-du-perthuis.com\/wp-content\/uploads\/sites\/25\/2025\/01\/camping-lescale-du-perthuis-en-vendee-a-pied-300x225.webp 300w, https:\/\/www.lescale-du-perthuis.com\/wp-content\/uploads\/sites\/25\/2025\/01\/camping-lescale-du-perthuis-en-vendee-a-pied-768x576.webp 768w\" sizes=\"auto, (max-width: 1000px) 100vw, 1000px\" \/><\/a><\/figure>\n<\/div>\n\n\n\n<div class=\"wp-block-column is-vertically-aligned-center animated fadeInRight slow is-layout-flow wp-block-column-is-layout-flow\" style=\"flex-basis:55%\">\n<h1 class=\"ls__heading wp-block-heading\">\u00d6kologisch engagierter Campingplatz in der Vend\u00e9e<\/h1>\n\n\n\n<h2 class=\"ls__heading wp-block-heading\">Unser Campingplatz in der Vend\u00e9e engagiert sich f\u00fcr die Umwelt  <\/h2>\n\n\n\n<p class=\"ls-paragraph\">Ein Aufenthalt auf unserem <a href=\"https:\/\/www.lescale-du-perthuis.com\/de\/\">Campingplatz in der Vend\u00e9e<\/a> bedeutet, dass Sie die <a href=\"https:\/\/www.lescale-du-perthuis.com\/de\/tourismus-natur-vendee\/\">Natur<\/a> in einer gesch\u00fctzten Umgebung genie\u00dfen k\u00f6nnen, in der der <strong>Respekt f\u00fcr die Umwelt<\/strong> eine zentrale Rolle spielt.  <\/p>\n\n\n\n<p class=\"ls-paragraph\"><strong>Unser Campingplatz<\/strong> liegt inmitten einer beruhigenden Naturlandschaft und hat <strong>sich verpflichtet, die Sch\u00f6nheit seiner Umgebung zu erhalten,<\/strong> um Ihnen einen<strong> Urlaub in perfekter<\/strong> Harmonie mit der Natur zu bieten.  <\/p>\n\n\n\n<p class=\"ls-paragraph\">Hier wird jeder Aufenthalt zu einer Einladung zur Entspannung, zum Wohlbefinden und zur Entdeckung, w\u00e4hrend Sie gleichzeitig zum Schutz unserer wundersch\u00f6nen <a href=\"https:\/\/www.lescale-du-perthuis.com\/de\/tourismus-vendee\/\">Region<\/a> beitragen.<\/p>\n<\/div>\n<\/div>\n\n\r\n    <\/div>\r\n<\/section><section id=\"ls-section-block_7f3b8c4c3407b78772d56b32392c1265\" class=\"ls-section  page-one has-background has-color-white-background-color has-m-b m-b-0 has-p-t p-t-14\" >\r\n        <div class=\"container container--wide\">\r\n        \n\n<div class=\"wp-block-columns is-layout-flex wp-container-core-columns-is-layout-2 wp-block-columns-is-layout-flex\">\n<div class=\"wp-block-column is-vertically-aligned-center first  animated fadeInLeft slow is-layout-flow wp-block-column-is-layout-flow\" style=\"flex-basis:55%\">\n<h2 class=\"ls__heading wp-block-heading\">Unsere \u00f6kologischen Verpflichtungen auf dem Campingplatz<\/h2>\n\n\n\n<p class=\"ls-paragraph\">F\u00fcr die Saison 2025 hat sich unser Campingplatz in der Vend\u00e9e am <a href=\"https:\/\/www.lescale-du-perthuis.com\/de\/tourismus-la-tranche-sur-mer\/\">Meer<\/a> zu einem <strong>\u00f6kologisch verantwortlichen<\/strong> Ansatz verpflichtet, um <strong>unsere Umwelt zu sch\u00fctzen<\/strong>.<\/p>\n\n\n\n<p class=\"ls-paragraph\">Sanfte Mobilit\u00e4t, Energieeinsparung und \u00dcberwachung des Wasser-, Gas- und Stromverbrauchs stehen im Mittelpunkt unserer Ma\u00dfnahmen.  <\/p>\n\n\n\n<p class=\"ls-paragraph\">Eine Charta der \u00f6kologisch verantwortlichen Verpflichtungen wird in K\u00fcrze eingef\u00fchrt, um unsere Initiativen zu leiten.  <\/p>\n\n\n\n<p class=\"ls-paragraph\">Wir setzen uns auch f\u00fcr den <strong>Schutz der Biodiversit\u00e4t ein und sensibilisieren unsere G\u00e4ste f\u00fcr umweltbewusstes Verhalten<\/strong>. Gemeinsam tragen wir zu einem nachhaltigeren und naturfreundlicheren Urlaub bei. <\/p>\n<\/div>\n\n\n\n<div class=\"wp-block-column second animated fadeInRight delay-100ms slow is-layout-flow wp-block-column-is-layout-flow\" style=\"flex-basis:45%\">\n<figure class=\"wp-block-image size-full\"><a href=\"http:\/\/www.lescale-du-perthuis.com\/wp-content\/uploads\/sites\/25\/2025\/01\/camping-lescale-du-perthuis-en-vendee-groupe-et-comite-dentreprise.webp\"><img loading=\"lazy\" decoding=\"async\" width=\"1000\" height=\"750\" src=\"http:\/\/www.lescale-du-perthuis.com\/wp-content\/uploads\/sites\/25\/2025\/01\/camping-lescale-du-perthuis-en-vendee-groupe-et-comite-dentreprise.webp\" alt=\"camping lescale du perthuis en vendee gruppe und betriebsrat\" class=\"wp-image-1060\" srcset=\"https:\/\/www.lescale-du-perthuis.com\/wp-content\/uploads\/sites\/25\/2025\/01\/camping-lescale-du-perthuis-en-vendee-groupe-et-comite-dentreprise.webp 1000w, https:\/\/www.lescale-du-perthuis.com\/wp-content\/uploads\/sites\/25\/2025\/01\/camping-lescale-du-perthuis-en-vendee-groupe-et-comite-dentreprise-300x225.webp 300w, https:\/\/www.lescale-du-perthuis.com\/wp-content\/uploads\/sites\/25\/2025\/01\/camping-lescale-du-perthuis-en-vendee-groupe-et-comite-dentreprise-768x576.webp 768w\" sizes=\"auto, (max-width: 1000px) 100vw, 1000px\" \/><\/a><\/figure>\n<\/div>\n<\/div>\n\n\r\n    <\/div>\r\n<\/section><section id=\"ls-section-block_08d474142ac5fd0e0361fbc6f7515eb0\" class=\"ls-section  page-maillage experience has-m-t m-t-0 has-p-t p-t-10\" >\r\n        <div class=\"container container--wide\">\r\n        \n\n<div id=\"ls-heading ls-titre-div-block_9a440f4bc65c939fedded9a99cf7a748\" class=\"ls-titre-div aligncenter h2-like\" >\n    Warum sollten Sie <strong>unseren Campingplatz<\/strong> w\u00e4hlen?<\/div>\n\n\n<div id=\"ls-maillage-block_2da5254b5c117d42da68f80eafacd253\" class=\"ls-maillage cta-style-normal\" data-rows=\"3\">\n    <div class=\"wp-block-columns\"><div class=\"wp-block-column\"><div id=\"destinations\" class=\"ls-cta\">\n\n<a href=\"https:\/\/www.lescale-du-perthuis.com\/de\/tourismus-vendee\/\" target=\"\" rel=\"noopener\" class=\"ls-cta__link\">\n\n\t<div class=\"ls-cta__image\"><img decoding=\"async\" src=\"https:\/\/www.lescale-du-perthuis.com\/wp-content\/uploads\/sites\/25\/2025\/01\/Design-sans-titre-25.webp\" alt=\"Entdecken Sie die Vendee Perthuis\"><\/div>\n\t<div class=\"ls-cta__title\">\n\t\tEntdecken Sie die Vend\u00e9e\t<\/div>\n\n\t\t\n<\/a><\/div><\/div><div class=\"wp-block-column\"><div id=\"destinations\" class=\"ls-cta\">\n\n<a href=\"https:\/\/www.lescale-du-perthuis.com\/de\/tourismus-la-tranche-sur-mer\/\" target=\"\" rel=\"noopener\" class=\"ls-cta__link\">\n\n\t<div class=\"ls-cta__image\"><img decoding=\"async\" src=\"https:\/\/www.lescale-du-perthuis.com\/wp-content\/uploads\/sites\/25\/2025\/01\/camping-en-vendee-balade.webp\" alt=\"Camping in der Vendee Spaziergang\"><\/div>\n\t<div class=\"ls-cta__title\">\n\t\tErkunden Sie die K\u00fcste\t<\/div>\n\n\t\t\n<\/a><\/div><\/div><div class=\"wp-block-column\"><div id=\"destinations\" class=\"ls-cta\">\n\n<a href=\"https:\/\/www.lescale-du-perthuis.com\/de\/campingplatz-animationen-la-tranche-sur-mer\/\" target=\"\" rel=\"noopener\" class=\"ls-cta__link\">\n\n\t<div class=\"ls-cta__image\"><img decoding=\"async\" src=\"https:\/\/www.lescale-du-perthuis.com\/wp-content\/uploads\/sites\/25\/2026\/01\/Lescale_du_Perthuis_mascotte_du_camping-scaled.webp\" alt=\"L'escale du Perthuis Maskottchen des Campingplatzes\"><\/div>\n\t<div class=\"ls-cta__title\">\n\t\tFreizeit\t<\/div>\n\n\t\t\n<\/a><\/div><\/div><\/div><\/div>\n\r\n    <\/div>\r\n<\/section>","protected":false},"excerpt":{"rendered":"","protected":false},"author":1,"featured_media":882,"parent":0,"menu_order":0,"comment_status":"closed","ping_status":"closed","template":"","meta":{"_acf_changed":false,"footnotes":""},"sujet":[],"class_list":["post-1980","page","type-page","status-publish","has-post-thumbnail","hentry"],"acf":[],"yoast_head":"<!-- This site is optimized with the Yoast SEO plugin v23.9 - https:\/\/yoast.com\/wordpress\/plugins\/seo\/ -->\n<title>\u00d6kologischer Campingplatz in der Vend\u00e9e | Camping Escale du Perthuis<\/title>\n<meta name=\"description\" content=\"Entdecken Sie einen \u00f6kologischen Campingplatz in der Vend\u00e9e: gesch\u00fctzte Natur, Energieeinsparung, Biodiversit\u00e4t und verantwortungsbewusster Urlaub am Meer.\" \/>\n<meta name=\"robots\" content=\"index, follow, max-snippet:-1, max-image-preview:large, max-video-preview:-1\" \/>\n<link rel=\"canonical\" href=\"https:\/\/www.lescale-du-perthuis.com\/de\/campingplatz-okologischer-vendee\/\" \/>\n<meta property=\"og:locale\" content=\"de_DE\" \/>\n<meta property=\"og:type\" content=\"article\" \/>\n<meta property=\"og:title\" content=\"\u00d6kologischer Campingplatz in der Vend\u00e9e | Camping Escale du Perthuis\" \/>\n<meta property=\"og:description\" content=\"Entdecken Sie einen \u00f6kologischen Campingplatz in der Vend\u00e9e: gesch\u00fctzte Natur, Energieeinsparung, Biodiversit\u00e4t und verantwortungsbewusster Urlaub am Meer.\" \/>\n<meta property=\"og:url\" content=\"https:\/\/www.lescale-du-perthuis.com\/de\/campingplatz-okologischer-vendee\/\" \/>\n<meta property=\"og:site_name\" content=\"Camping L&#039;Escale de Perthuis\" \/>\n<meta property=\"article:modified_time\" content=\"2025-02-20T13:56:57+00:00\" \/>\n<meta property=\"og:image\" content=\"https:\/\/www.lescale-du-perthuis.com\/wp-content\/uploads\/sites\/25\/2025\/01\/camping-lescale-du-perthuis-ecologie.webp\" \/>\n\t<meta property=\"og:image:width\" content=\"2500\" \/>\n\t<meta property=\"og:image:height\" content=\"750\" \/>\n\t<meta property=\"og:image:type\" content=\"image\/webp\" \/>\n<meta name=\"twitter:card\" content=\"summary_large_image\" \/>\n<meta name=\"twitter:label1\" content=\"Gesch\u00e4tzte Lesezeit\" \/>\n\t<meta name=\"twitter:data1\" content=\"1\u00a0Minute\" \/>\n<script type=\"application\/ld+json\" class=\"yoast-schema-graph\">{\"@context\":\"https:\/\/schema.org\",\"@graph\":[{\"@type\":\"WebPage\",\"@id\":\"https:\/\/www.lescale-du-perthuis.com\/de\/campingplatz-okologischer-vendee\/\",\"url\":\"https:\/\/www.lescale-du-perthuis.com\/de\/campingplatz-okologischer-vendee\/\",\"name\":\"\u00d6kologischer Campingplatz in der Vend\u00e9e | Camping Escale du Perthuis\",\"isPartOf\":{\"@id\":\"https:\/\/www.lescale-du-perthuis.com\/de\/#website\"},\"primaryImageOfPage\":{\"@id\":\"https:\/\/www.lescale-du-perthuis.com\/de\/campingplatz-okologischer-vendee\/#primaryimage\"},\"image\":{\"@id\":\"https:\/\/www.lescale-du-perthuis.com\/de\/campingplatz-okologischer-vendee\/#primaryimage\"},\"thumbnailUrl\":\"https:\/\/www.lescale-du-perthuis.com\/wp-content\/uploads\/sites\/25\/2025\/01\/camping-lescale-du-perthuis-ecologie.webp\",\"datePublished\":\"2024-07-30T07:43:37+00:00\",\"dateModified\":\"2025-02-20T13:56:57+00:00\",\"description\":\"Entdecken Sie einen \u00f6kologischen Campingplatz in der Vend\u00e9e: gesch\u00fctzte Natur, Energieeinsparung, Biodiversit\u00e4t und verantwortungsbewusster Urlaub am Meer.\",\"breadcrumb\":{\"@id\":\"https:\/\/www.lescale-du-perthuis.com\/de\/campingplatz-okologischer-vendee\/#breadcrumb\"},\"inLanguage\":\"de\",\"potentialAction\":[{\"@type\":\"ReadAction\",\"target\":[\"https:\/\/www.lescale-du-perthuis.com\/de\/campingplatz-okologischer-vendee\/\"]}]},{\"@type\":\"ImageObject\",\"inLanguage\":\"de\",\"@id\":\"https:\/\/www.lescale-du-perthuis.com\/de\/campingplatz-okologischer-vendee\/#primaryimage\",\"url\":\"https:\/\/www.lescale-du-perthuis.com\/wp-content\/uploads\/sites\/25\/2025\/01\/camping-lescale-du-perthuis-ecologie.webp\",\"contentUrl\":\"https:\/\/www.lescale-du-perthuis.com\/wp-content\/uploads\/sites\/25\/2025\/01\/camping-lescale-du-perthuis-ecologie.webp\",\"width\":2500,\"height\":750,\"caption\":\"camping lescale du perthuis \u00f6kologie\"},{\"@type\":\"BreadcrumbList\",\"@id\":\"https:\/\/www.lescale-du-perthuis.com\/de\/campingplatz-okologischer-vendee\/#breadcrumb\",\"itemListElement\":[{\"@type\":\"ListItem\",\"position\":1,\"name\":\"Camping in der Vend\u00e9e\",\"item\":\"https:\/\/www.lescale-du-perthuis.com\/de\/\"},{\"@type\":\"ListItem\",\"position\":2,\"name\":\"\u00d6kologischer Campingplatz in La Tranche sur Mer\"}]},{\"@type\":\"WebSite\",\"@id\":\"https:\/\/www.lescale-du-perthuis.com\/de\/#website\",\"url\":\"https:\/\/www.lescale-du-perthuis.com\/de\/\",\"name\":\"Camping L&#039;Escale de Perthuis\",\"description\":\"\",\"publisher\":{\"@id\":\"https:\/\/www.lescale-du-perthuis.com\/de\/#organization\"},\"potentialAction\":[{\"@type\":\"SearchAction\",\"target\":{\"@type\":\"EntryPoint\",\"urlTemplate\":\"https:\/\/www.lescale-du-perthuis.com\/de\/?s={search_term_string}\"},\"query-input\":{\"@type\":\"PropertyValueSpecification\",\"valueRequired\":true,\"valueName\":\"search_term_string\"}}],\"inLanguage\":\"de\"},{\"@type\":\"Organization\",\"@id\":\"https:\/\/www.lescale-du-perthuis.com\/de\/#organization\",\"name\":\"Camping L&#039;Escale de Perthuis\",\"url\":\"https:\/\/www.lescale-du-perthuis.com\/de\/\",\"logo\":{\"@type\":\"ImageObject\",\"inLanguage\":\"de\",\"@id\":\"https:\/\/www.lescale-du-perthuis.com\/de\/#\/schema\/logo\/image\/\",\"url\":\"https:\/\/www.lescale-du-perthuis.com\/wp-content\/uploads\/sites\/25\/2024\/07\/cropped-logo_camping_l_escale_du_perthuis.png\",\"contentUrl\":\"https:\/\/www.lescale-du-perthuis.com\/wp-content\/uploads\/sites\/25\/2024\/07\/cropped-logo_camping_l_escale_du_perthuis.png\",\"width\":200,\"height\":321,\"caption\":\"Camping L&#039;Escale de Perthuis\"},\"image\":{\"@id\":\"https:\/\/www.lescale-du-perthuis.com\/de\/#\/schema\/logo\/image\/\"}}]}<\/script>\n<!-- \/ Yoast SEO plugin. -->","yoast_head_json":{"title":"\u00d6kologischer Campingplatz in der Vend\u00e9e | Camping Escale du Perthuis","description":"Entdecken Sie einen \u00f6kologischen Campingplatz in der Vend\u00e9e: gesch\u00fctzte Natur, Energieeinsparung, Biodiversit\u00e4t und verantwortungsbewusster Urlaub am Meer.","robots":{"index":"index","follow":"follow","max-snippet":"max-snippet:-1","max-image-preview":"max-image-preview:large","max-video-preview":"max-video-preview:-1"},"canonical":"https:\/\/www.lescale-du-perthuis.com\/de\/campingplatz-okologischer-vendee\/","og_locale":"de_DE","og_type":"article","og_title":"\u00d6kologischer Campingplatz in der Vend\u00e9e | Camping Escale du Perthuis","og_description":"Entdecken Sie einen \u00f6kologischen Campingplatz in der Vend\u00e9e: gesch\u00fctzte Natur, Energieeinsparung, Biodiversit\u00e4t und verantwortungsbewusster Urlaub am Meer.","og_url":"https:\/\/www.lescale-du-perthuis.com\/de\/campingplatz-okologischer-vendee\/","og_site_name":"Camping L&#039;Escale de Perthuis","article_modified_time":"2025-02-20T13:56:57+00:00","og_image":[{"width":2500,"height":750,"url":"https:\/\/www.lescale-du-perthuis.com\/wp-content\/uploads\/sites\/25\/2025\/01\/camping-lescale-du-perthuis-ecologie.webp","type":"image\/webp"}],"twitter_card":"summary_large_image","twitter_misc":{"Gesch\u00e4tzte Lesezeit":"1\u00a0Minute"},"schema":{"@context":"https:\/\/schema.org","@graph":[{"@type":"WebPage","@id":"https:\/\/www.lescale-du-perthuis.com\/de\/campingplatz-okologischer-vendee\/","url":"https:\/\/www.lescale-du-perthuis.com\/de\/campingplatz-okologischer-vendee\/","name":"\u00d6kologischer Campingplatz in der Vend\u00e9e | Camping Escale du Perthuis","isPartOf":{"@id":"https:\/\/www.lescale-du-perthuis.com\/de\/#website"},"primaryImageOfPage":{"@id":"https:\/\/www.lescale-du-perthuis.com\/de\/campingplatz-okologischer-vendee\/#primaryimage"},"image":{"@id":"https:\/\/www.lescale-du-perthuis.com\/de\/campingplatz-okologischer-vendee\/#primaryimage"},"thumbnailUrl":"https:\/\/www.lescale-du-perthuis.com\/wp-content\/uploads\/sites\/25\/2025\/01\/camping-lescale-du-perthuis-ecologie.webp","datePublished":"2024-07-30T07:43:37+00:00","dateModified":"2025-02-20T13:56:57+00:00","description":"Entdecken Sie einen \u00f6kologischen Campingplatz in der Vend\u00e9e: gesch\u00fctzte Natur, Energieeinsparung, Biodiversit\u00e4t und verantwortungsbewusster Urlaub am Meer.","breadcrumb":{"@id":"https:\/\/www.lescale-du-perthuis.com\/de\/campingplatz-okologischer-vendee\/#breadcrumb"},"inLanguage":"de","potentialAction":[{"@type":"ReadAction","target":["https:\/\/www.lescale-du-perthuis.com\/de\/campingplatz-okologischer-vendee\/"]}]},{"@type":"ImageObject","inLanguage":"de","@id":"https:\/\/www.lescale-du-perthuis.com\/de\/campingplatz-okologischer-vendee\/#primaryimage","url":"https:\/\/www.lescale-du-perthuis.com\/wp-content\/uploads\/sites\/25\/2025\/01\/camping-lescale-du-perthuis-ecologie.webp","contentUrl":"https:\/\/www.lescale-du-perthuis.com\/wp-content\/uploads\/sites\/25\/2025\/01\/camping-lescale-du-perthuis-ecologie.webp","width":2500,"height":750,"caption":"camping lescale du perthuis \u00f6kologie"},{"@type":"BreadcrumbList","@id":"https:\/\/www.lescale-du-perthuis.com\/de\/campingplatz-okologischer-vendee\/#breadcrumb","itemListElement":[{"@type":"ListItem","position":1,"name":"Camping in der Vend\u00e9e","item":"https:\/\/www.lescale-du-perthuis.com\/de\/"},{"@type":"ListItem","position":2,"name":"\u00d6kologischer Campingplatz in La Tranche sur Mer"}]},{"@type":"WebSite","@id":"https:\/\/www.lescale-du-perthuis.com\/de\/#website","url":"https:\/\/www.lescale-du-perthuis.com\/de\/","name":"Camping L&#039;Escale de Perthuis","description":"","publisher":{"@id":"https:\/\/www.lescale-du-perthuis.com\/de\/#organization"},"potentialAction":[{"@type":"SearchAction","target":{"@type":"EntryPoint","urlTemplate":"https:\/\/www.lescale-du-perthuis.com\/de\/?s={search_term_string}"},"query-input":{"@type":"PropertyValueSpecification","valueRequired":true,"valueName":"search_term_string"}}],"inLanguage":"de"},{"@type":"Organization","@id":"https:\/\/www.lescale-du-perthuis.com\/de\/#organization","name":"Camping L&#039;Escale de Perthuis","url":"https:\/\/www.lescale-du-perthuis.com\/de\/","logo":{"@type":"ImageObject","inLanguage":"de","@id":"https:\/\/www.lescale-du-perthuis.com\/de\/#\/schema\/logo\/image\/","url":"https:\/\/www.lescale-du-perthuis.com\/wp-content\/uploads\/sites\/25\/2024\/07\/cropped-logo_camping_l_escale_du_perthuis.png","contentUrl":"https:\/\/www.lescale-du-perthuis.com\/wp-content\/uploads\/sites\/25\/2024\/07\/cropped-logo_camping_l_escale_du_perthuis.png","width":200,"height":321,"caption":"Camping L&#039;Escale de Perthuis"},"image":{"@id":"https:\/\/www.lescale-du-perthuis.com\/de\/#\/schema\/logo\/image\/"}}]}},"_links":{"self":[{"href":"https:\/\/www.lescale-du-perthuis.com\/de\/wp-json\/wp\/v2\/pages\/1980","targetHints":{"allow":["GET"]}}],"collection":[{"href":"https:\/\/www.lescale-du-perthuis.com\/de\/wp-json\/wp\/v2\/pages"}],"about":[{"href":"https:\/\/www.lescale-du-perthuis.com\/de\/wp-json\/wp\/v2\/types\/page"}],"author":[{"embeddable":true,"href":"https:\/\/www.lescale-du-perthuis.com\/de\/wp-json\/wp\/v2\/users\/1"}],"replies":[{"embeddable":true,"href":"https:\/\/www.lescale-du-perthuis.com\/de\/wp-json\/wp\/v2\/comments?post=1980"}],"version-history":[{"count":2,"href":"https:\/\/www.lescale-du-perthuis.com\/de\/wp-json\/wp\/v2\/pages\/1980\/revisions"}],"predecessor-version":[{"id":2271,"href":"https:\/\/www.lescale-du-perthuis.com\/de\/wp-json\/wp\/v2\/pages\/1980\/revisions\/2271"}],"wp:featuredmedia":[{"embeddable":true,"href":"https:\/\/www.lescale-du-perthuis.com\/de\/wp-json\/wp\/v2\/media\/882"}],"wp:attachment":[{"href":"https:\/\/www.lescale-du-perthuis.com\/de\/wp-json\/wp\/v2\/media?parent=1980"}],"wp:term":[{"taxonomy":"sujet","embeddable":true,"href":"https:\/\/www.lescale-du-perthuis.com\/de\/wp-json\/wp\/v2\/sujet?post=1980"}],"curies":[{"name":"wp","href":"https:\/\/api.w.org\/{rel}","templated":true}]}}