{"id":1930,"date":"2025-01-07T15:04:53","date_gmt":"2025-01-07T15:04:53","guid":{"rendered":"https:\/\/www.lescale-du-perthuis.com\/tourism-vendee\/"},"modified":"2025-02-20T14:06:44","modified_gmt":"2025-02-20T14:06:44","slug":"tourism-vendee","status":"publish","type":"page","link":"https:\/\/www.lescale-du-perthuis.com\/en\/tourism-vendee\/","title":{"rendered":"Discover the Vend\u00e9e"},"content":{"rendered":"<section id=\"ls-section-block_3d276066edac40a63dd5a879d70f74f2\" class=\"ls-section  page-one has-background has-color-4-background-color has-m-t m-t-0 has-m-b m-b-0 has-p-t p-t-14 has-p-b p-b-14\" >\r\n        <div class=\"container container--wide\">\r\n        \n\n<div class=\"wp-block-columns is-layout-flex wp-container-core-columns-is-layout-1 wp-block-columns-is-layout-flex\">\n<div class=\"wp-block-column is-vertically-aligned-center animated fadeInLeft delay-100ms slow is-layout-flow wp-block-column-is-layout-flow\" style=\"flex-basis:45%\">\n<figure class=\"wp-block-embed is-type-video is-provider-youtube wp-block-embed-youtube wp-embed-aspect-4-3 wp-has-aspect-ratio\"><div class=\"wp-block-embed__wrapper\">\n<iframe loading=\"lazy\" title=\"En Vend\u00e9e, la Nature va vous surprendre !\" width=\"500\" height=\"281\" src=\"https:\/\/www.youtube.com\/embed\/2zKbacIePC0?feature=oembed\" frameborder=\"0\" allow=\"accelerometer; autoplay; clipboard-write; encrypted-media; gyroscope; picture-in-picture; web-share\" referrerpolicy=\"strict-origin-when-cross-origin\" allowfullscreen><\/iframe>\n<\/div><\/figure>\n\n\n\n<p class=\"ls-paragraph\">Vend\u00e9e, La C\u00f4te de Lumi\u00e8re: a burst of nature, golden beaches and unforgettable moments from the <a href=\"https:\/\/www.lescale-du-perthuis.com\/en\/\">Escale du Perthuis campsite<\/a>.<\/p>\n<\/div>\n\n\n\n<div class=\"wp-block-column is-vertically-aligned-center animated fadeInRight slow is-layout-flow wp-block-column-is-layout-flow\" style=\"flex-basis:55%\">\n<h1 class=\"ls__heading wp-block-heading\">Stay in Vend\u00e9e<\/h1>\n\n\n\n<h2 class=\"ls__heading wp-block-heading\">What to see in Vend\u00e9e<\/h2>\n\n\n\n<p class=\"ls-paragraph\"><strong>Welcome to the Vend\u00e9e<\/strong>, an ideal vacation destination with so many places to explore!  <\/p>\n\n\n\n<p class=\"ls-paragraph\">During your stay in a <a href=\"https:\/\/www.lescale-du-perthuis.com\/en\/rental-mobil-home-vendee\/\">mobile home<\/a> at La Tranche sur Mer, discover the charm of the <strong>beaches of Les Sables-d&#8217;Olonne and Saint-Jean-de-Monts,<\/strong> ideal for admiring the ocean. <\/p>\n\n\n\n<p class=\"ls-paragraph\">Set off to conquer <a href=\"https:\/\/www.lescale-du-perthuis.com\/en\/tourism-islands-vendee\/\">islands<\/a> like<strong> \u00cele de Noirmoutier<\/strong>, famous for its <strong>Passage du Gois and its natural landscapes<\/strong>. <strong>The \u00cele d&#8217;Yeu<\/strong> will seduce you with its <strong>steep cliffs and old castle<\/strong>. <\/p>\n\n\n\n<p class=\"ls-paragraph\">Take a stroll through the<strong> Marais Poitevin<\/strong>, nicknamed <strong>&#8220;La Venise Verte&#8221; (Green Venice<\/strong>), and immerse yourself in nature. Don&#8217;t miss character-filled villages such as Vouvant, listed as one of France&#8217;s most beautiful villages, or Fontenay-le-Comte, with its rich Renaissance heritage. <\/p>\n<\/div>\n<\/div>\n\n\r\n    <\/div>\r\n<\/section><section id=\"ls-section-block_2458f98ec680ac508b6e8df3346f7935\" class=\"ls-section  home-gallery has-background has-color-4-background-color has-m-t m-t-0 has-p-t p-t-0\" >\r\n        <div class=\"container container--full\">\r\n        \n\n<figure class=\"wp-block-gallery has-nested-images columns-1 is-cropped galerie-slider-container wp-block-gallery-1 is-layout-flex wp-block-gallery-is-layout-flex\">\n<figure class=\"wp-block-image size-full\"><a href=\"http:\/\/www.lescale-du-perthuis.com\/wp-content\/uploads\/sites\/25\/2025\/01\/camping-lescale-du-perthuis-en-vendee-phare.webp\"><img loading=\"lazy\" decoding=\"async\" width=\"1000\" height=\"750\" src=\"http:\/\/www.lescale-du-perthuis.com\/wp-content\/uploads\/sites\/25\/2025\/01\/camping-lescale-du-perthuis-en-vendee-phare.webp\" alt=\"camping lescale du perthuis en vendee phare\" class=\"wp-image-1080\" srcset=\"https:\/\/www.lescale-du-perthuis.com\/wp-content\/uploads\/sites\/25\/2025\/01\/camping-lescale-du-perthuis-en-vendee-phare.webp 1000w, https:\/\/www.lescale-du-perthuis.com\/wp-content\/uploads\/sites\/25\/2025\/01\/camping-lescale-du-perthuis-en-vendee-phare-300x225.webp 300w, https:\/\/www.lescale-du-perthuis.com\/wp-content\/uploads\/sites\/25\/2025\/01\/camping-lescale-du-perthuis-en-vendee-phare-768x576.webp 768w\" sizes=\"auto, (max-width: 1000px) 100vw, 1000px\" \/><\/a><\/figure>\n\n\n\n<figure class=\"wp-block-image size-full\"><a href=\"http:\/\/www.lescale-du-perthuis.com\/wp-content\/uploads\/sites\/25\/2025\/01\/camping-lescale-du-perthuis-en-vendee-aquarium.webp\"><img loading=\"lazy\" decoding=\"async\" width=\"1000\" height=\"750\" src=\"http:\/\/www.lescale-du-perthuis.com\/wp-content\/uploads\/sites\/25\/2025\/01\/camping-lescale-du-perthuis-en-vendee-aquarium.webp\" alt=\"camping lescale du perthuis en vendee aquarium\" class=\"wp-image-1012\" srcset=\"https:\/\/www.lescale-du-perthuis.com\/wp-content\/uploads\/sites\/25\/2025\/01\/camping-lescale-du-perthuis-en-vendee-aquarium.webp 1000w, https:\/\/www.lescale-du-perthuis.com\/wp-content\/uploads\/sites\/25\/2025\/01\/camping-lescale-du-perthuis-en-vendee-aquarium-300x225.webp 300w, https:\/\/www.lescale-du-perthuis.com\/wp-content\/uploads\/sites\/25\/2025\/01\/camping-lescale-du-perthuis-en-vendee-aquarium-768x576.webp 768w\" sizes=\"auto, (max-width: 1000px) 100vw, 1000px\" \/><\/a><\/figure>\n\n\n\n<figure class=\"wp-block-image size-full\"><a href=\"http:\/\/www.lescale-du-perthuis.com\/wp-content\/uploads\/sites\/25\/2025\/01\/camping-lescale-du-perthuis-en-vendee-ville.webp\"><img loading=\"lazy\" decoding=\"async\" width=\"1000\" height=\"750\" src=\"http:\/\/www.lescale-du-perthuis.com\/wp-content\/uploads\/sites\/25\/2025\/01\/camping-lescale-du-perthuis-en-vendee-ville.webp\" alt=\"camping lescale du perthuis en vendee ville\" class=\"wp-image-1156\" srcset=\"https:\/\/www.lescale-du-perthuis.com\/wp-content\/uploads\/sites\/25\/2025\/01\/camping-lescale-du-perthuis-en-vendee-ville.webp 1000w, https:\/\/www.lescale-du-perthuis.com\/wp-content\/uploads\/sites\/25\/2025\/01\/camping-lescale-du-perthuis-en-vendee-ville-300x225.webp 300w, https:\/\/www.lescale-du-perthuis.com\/wp-content\/uploads\/sites\/25\/2025\/01\/camping-lescale-du-perthuis-en-vendee-ville-768x576.webp 768w\" sizes=\"auto, (max-width: 1000px) 100vw, 1000px\" \/><\/a><\/figure>\n<\/figure>\n\n\r\n    <\/div>\r\n<\/section><section id=\"ls-section-block_4bd496b0071f442f61e22f14bc8af2fc\" class=\"ls-section  page-one aventure\" >\r\n        <div class=\"container container--wide\">\r\n        \n\n<div class=\"wp-block-columns is-layout-flex wp-container-core-columns-is-layout-2 wp-block-columns-is-layout-flex\">\n<div class=\"wp-block-column first animated fadeInLeft delay-100ms slow is-layout-flow wp-block-column-is-layout-flow\" style=\"flex-basis:45%\">\n<figure class=\"wp-block-image size-full\"><a href=\"http:\/\/www.lescale-du-perthuis.com\/wp-content\/uploads\/sites\/25\/2025\/01\/camping-lescale-du-perthuis-en-vendee-spectacle-rapace.webp\"><img loading=\"lazy\" decoding=\"async\" width=\"1000\" height=\"750\" src=\"http:\/\/www.lescale-du-perthuis.com\/wp-content\/uploads\/sites\/25\/2025\/01\/camping-lescale-du-perthuis-en-vendee-spectacle-rapace.webp\" alt=\"camping lescale du perthuis en vendee spectacle rapace\" class=\"wp-image-1144\" srcset=\"https:\/\/www.lescale-du-perthuis.com\/wp-content\/uploads\/sites\/25\/2025\/01\/camping-lescale-du-perthuis-en-vendee-spectacle-rapace.webp 1000w, https:\/\/www.lescale-du-perthuis.com\/wp-content\/uploads\/sites\/25\/2025\/01\/camping-lescale-du-perthuis-en-vendee-spectacle-rapace-300x225.webp 300w, https:\/\/www.lescale-du-perthuis.com\/wp-content\/uploads\/sites\/25\/2025\/01\/camping-lescale-du-perthuis-en-vendee-spectacle-rapace-768x576.webp 768w\" sizes=\"auto, (max-width: 1000px) 100vw, 1000px\" \/><\/a><\/figure>\n<\/div>\n\n\n\n<div class=\"wp-block-column is-vertically-aligned-center second animated fadeInRight slow is-layout-flow wp-block-column-is-layout-flow\" style=\"flex-basis:55%\">\n<div id=\"ls-heading ls-titre-div-block_6eebcea1621e2aab4d5559bb67b7bd75\" class=\"ls-titre-div border h1-like\" >\n    Experience the Vend\u00e9eterre<em>of escape<\/em><\/div>\n\n\n\n<h2 class=\"ls__heading wp-block-heading has-text-align-left\">What to do in Vend\u00e9e<\/h2>\n\n\n\n<p class=\"ls-paragraph\">The Vend\u00e9e offers <a href=\"https:\/\/www.lescale-du-perthuis.com\/en\/campsite-entertainment-la-tranche-sur-mer\/\">a multitude of activities<\/a> for young and old, to discover during your camping vacation at l&#8217;Escale du Perthuis in La Tranche sur Mer. <\/p>\n\n\n\n<p class=\"ls-paragraph\">Immerse yourself in the captivating world of <a href=\"https:\/\/www.lescale-du-perthuis.com\/en\/tourism-puy-du-fou\/\">Puy du Fou<\/a>, a world-renowned theme park. Try your hand at water sports or relax on the beaches of La Tranche-sur-Mer.  <\/p>\n\n\n\n<p class=\"ls-paragraph\">Follow the <strong>cycle paths through the Marais Poitevin<\/strong> or the coastal forests. Take the helm of a sailboat for a unique <a href=\"https:\/\/www.lescale-du-perthuis.com\/en\/tourism-la-tranche-sur-mer\/\">sailing<\/a> experience.  <\/p>\n\n\n\n<p class=\"ls-paragraph\">Finally, take part in a life-size escape game in the ruins of a medieval castle, a unique experience for the whole family.<\/p>\n<\/div>\n<\/div>\n\n\r\n    <\/div>\r\n<\/section><section id=\"ls-section-block_02160e86aa4ef890a28daccf88e32748\" class=\"ls-section  page-maillage experience has-m-t m-t-0 has-p-t p-t-10\" >\r\n        <div class=\"container container--wide\">\r\n        \n\n<div id=\"ls-heading ls-titre-div-block_a12ada084d9419f8548d6e44d6549c8d\" class=\"ls-titre-div aligncenter h2-like\" >\n    <strong>The Vend\u00e9e <\/strong>awaits you<\/div>\n\n\n<div id=\"ls-maillage-block_07bb5ac11c7bde5f7fa0a585e1c2a31d\" class=\"ls-maillage cta-style-normal\" data-rows=\"3\">\n    <div class=\"wp-block-columns\"><div class=\"wp-block-column\"><div id=\"destinations\" class=\"ls-cta\">\n\n<a href=\"https:\/\/www.lescale-du-perthuis.com\/en\/tourism-natural-vendee\/\" target=\"\" rel=\"noopener\" class=\"ls-cta__link\">\n\n\t<div class=\"ls-cta__image\"><img decoding=\"async\" src=\"https:\/\/www.lescale-du-perthuis.com\/wp-content\/uploads\/sites\/25\/2025\/01\/camping-lescale-du-perthuis-nature.webp\" alt=\"camping lescale du perthuis nature\"><\/div>\n\t<div class=\"ls-cta__title\">\n\t\tNatural sides\t<\/div>\n\n\t\t\n<\/a><\/div><\/div><div class=\"wp-block-column\"><div id=\"destinations\" class=\"ls-cta\">\n\n<a href=\"https:\/\/www.lescale-du-perthuis.com\/en\/tourism-zoo-sables-d-olonne\/\" target=\"\" rel=\"noopener\" class=\"ls-cta__link\">\n\n\t<div class=\"ls-cta__image\"><img decoding=\"async\" src=\"https:\/\/www.lescale-du-perthuis.com\/wp-content\/uploads\/sites\/25\/2025\/01\/camping-en-vendee-zoo.webp\" alt=\"camping in vendee zoo\"><\/div>\n\t<div class=\"ls-cta__title\">\n\t\tLes sables d&#8217;olonne zoo\t<\/div>\n\n\t\t\n<\/a><\/div><\/div><div class=\"wp-block-column\"><div id=\"destinations\" class=\"ls-cta\">\n\n<a href=\"https:\/\/www.lescale-du-perthuis.com\/en\/tourism-islands-vendee\/\" target=\"\" rel=\"noopener\" class=\"ls-cta__link\">\n\n\t<div class=\"ls-cta__image\"><img decoding=\"async\" src=\"https:\/\/www.lescale-du-perthuis.com\/wp-content\/uploads\/sites\/25\/2025\/01\/4-H.Marcou.-La-Baie-des-Sables-dOlonne_1-scaled.webp\" alt=\"4 H.Marcou. The Bay of Les Sables d'Olonne 1\"><\/div>\n\t<div class=\"ls-cta__title\">\n\t\tThe islands\t<\/div>\n\n\t\t\n<\/a><\/div><\/div><\/div><\/div>\n\r\n    <\/div>\r\n<\/section>","protected":false},"excerpt":{"rendered":"","protected":false},"author":1,"featured_media":1346,"parent":0,"menu_order":0,"comment_status":"closed","ping_status":"closed","template":"","meta":{"_acf_changed":false,"footnotes":""},"sujet":[],"class_list":["post-1930","page","type-page","status-publish","has-post-thumbnail","hentry"],"acf":[],"yoast_head":"<!-- This site is optimized with the Yoast SEO plugin v23.9 - https:\/\/yoast.com\/wordpress\/plugins\/seo\/ -->\n<title>Discover the Vend\u00e9e from our 4-star campsite<\/title>\n<meta name=\"description\" content=\"The Vend\u00e9e is a highly entertaining tourist destination with many attractions. Discover breathtaking landscapes from the 4-star campsite.\" \/>\n<meta name=\"robots\" content=\"index, follow, max-snippet:-1, max-image-preview:large, max-video-preview:-1\" \/>\n<link rel=\"canonical\" href=\"https:\/\/www.lescale-du-perthuis.com\/en\/tourism-vendee\/\" \/>\n<meta property=\"og:locale\" content=\"en_US\" \/>\n<meta property=\"og:type\" content=\"article\" \/>\n<meta property=\"og:title\" content=\"Discover the Vend\u00e9e from our 4-star campsite\" \/>\n<meta property=\"og:description\" content=\"The Vend\u00e9e is a highly entertaining tourist destination with many attractions. Discover breathtaking landscapes from the 4-star campsite.\" \/>\n<meta property=\"og:url\" content=\"https:\/\/www.lescale-du-perthuis.com\/en\/tourism-vendee\/\" \/>\n<meta property=\"og:site_name\" content=\"Camping L&#039;Escale de Perthuis\" \/>\n<meta property=\"article:modified_time\" content=\"2025-02-20T14:06:44+00:00\" \/>\n<meta property=\"og:image\" content=\"https:\/\/www.lescale-du-perthuis.com\/wp-content\/uploads\/sites\/25\/2025\/01\/Design-sans-titre-24.webp\" \/>\n\t<meta property=\"og:image:width\" content=\"2500\" \/>\n\t<meta property=\"og:image:height\" content=\"750\" \/>\n\t<meta property=\"og:image:type\" content=\"image\/webp\" \/>\n<meta name=\"twitter:card\" content=\"summary_large_image\" \/>\n<meta name=\"twitter:label1\" content=\"Est. reading time\" \/>\n\t<meta name=\"twitter:data1\" content=\"1 minute\" \/>\n<script type=\"application\/ld+json\" class=\"yoast-schema-graph\">{\"@context\":\"https:\/\/schema.org\",\"@graph\":[{\"@type\":\"WebPage\",\"@id\":\"https:\/\/www.lescale-du-perthuis.com\/en\/tourism-vendee\/\",\"url\":\"https:\/\/www.lescale-du-perthuis.com\/en\/tourism-vendee\/\",\"name\":\"Discover the Vend\u00e9e from our 4-star campsite\",\"isPartOf\":{\"@id\":\"https:\/\/www.lescale-du-perthuis.com\/en\/#website\"},\"primaryImageOfPage\":{\"@id\":\"https:\/\/www.lescale-du-perthuis.com\/en\/tourism-vendee\/#primaryimage\"},\"image\":{\"@id\":\"https:\/\/www.lescale-du-perthuis.com\/en\/tourism-vendee\/#primaryimage\"},\"thumbnailUrl\":\"https:\/\/www.lescale-du-perthuis.com\/wp-content\/uploads\/sites\/25\/2025\/01\/Design-sans-titre-24.webp\",\"datePublished\":\"2025-01-07T15:04:53+00:00\",\"dateModified\":\"2025-02-20T14:06:44+00:00\",\"description\":\"The Vend\u00e9e is a highly entertaining tourist destination with many attractions. Discover breathtaking landscapes from the 4-star campsite.\",\"breadcrumb\":{\"@id\":\"https:\/\/www.lescale-du-perthuis.com\/en\/tourism-vendee\/#breadcrumb\"},\"inLanguage\":\"en-US\",\"potentialAction\":[{\"@type\":\"ReadAction\",\"target\":[\"https:\/\/www.lescale-du-perthuis.com\/en\/tourism-vendee\/\"]}]},{\"@type\":\"ImageObject\",\"inLanguage\":\"en-US\",\"@id\":\"https:\/\/www.lescale-du-perthuis.com\/en\/tourism-vendee\/#primaryimage\",\"url\":\"https:\/\/www.lescale-du-perthuis.com\/wp-content\/uploads\/sites\/25\/2025\/01\/Design-sans-titre-24.webp\",\"contentUrl\":\"https:\/\/www.lescale-du-perthuis.com\/wp-content\/uploads\/sites\/25\/2025\/01\/Design-sans-titre-24.webp\",\"width\":2500,\"height\":750,\"caption\":\"discover the vendee\"},{\"@type\":\"BreadcrumbList\",\"@id\":\"https:\/\/www.lescale-du-perthuis.com\/en\/tourism-vendee\/#breadcrumb\",\"itemListElement\":[{\"@type\":\"ListItem\",\"position\":1,\"name\":\"Camping in the Vend\u00e9e\",\"item\":\"https:\/\/www.lescale-du-perthuis.com\/en\/\"},{\"@type\":\"ListItem\",\"position\":2,\"name\":\"Discover the Vend\u00e9e\"}]},{\"@type\":\"WebSite\",\"@id\":\"https:\/\/www.lescale-du-perthuis.com\/en\/#website\",\"url\":\"https:\/\/www.lescale-du-perthuis.com\/en\/\",\"name\":\"Camping L&#039;Escale de Perthuis\",\"description\":\"\",\"publisher\":{\"@id\":\"https:\/\/www.lescale-du-perthuis.com\/en\/#organization\"},\"potentialAction\":[{\"@type\":\"SearchAction\",\"target\":{\"@type\":\"EntryPoint\",\"urlTemplate\":\"https:\/\/www.lescale-du-perthuis.com\/en\/?s={search_term_string}\"},\"query-input\":{\"@type\":\"PropertyValueSpecification\",\"valueRequired\":true,\"valueName\":\"search_term_string\"}}],\"inLanguage\":\"en-US\"},{\"@type\":\"Organization\",\"@id\":\"https:\/\/www.lescale-du-perthuis.com\/en\/#organization\",\"name\":\"Camping L&#039;Escale de Perthuis\",\"url\":\"https:\/\/www.lescale-du-perthuis.com\/en\/\",\"logo\":{\"@type\":\"ImageObject\",\"inLanguage\":\"en-US\",\"@id\":\"https:\/\/www.lescale-du-perthuis.com\/en\/#\/schema\/logo\/image\/\",\"url\":\"https:\/\/www.lescale-du-perthuis.com\/wp-content\/uploads\/sites\/25\/2024\/07\/cropped-logo_camping_l_escale_du_perthuis.png\",\"contentUrl\":\"https:\/\/www.lescale-du-perthuis.com\/wp-content\/uploads\/sites\/25\/2024\/07\/cropped-logo_camping_l_escale_du_perthuis.png\",\"width\":200,\"height\":321,\"caption\":\"Camping L&#039;Escale de Perthuis\"},\"image\":{\"@id\":\"https:\/\/www.lescale-du-perthuis.com\/en\/#\/schema\/logo\/image\/\"}}]}<\/script>\n<!-- \/ Yoast SEO plugin. -->","yoast_head_json":{"title":"Discover the Vend\u00e9e from our 4-star campsite","description":"The Vend\u00e9e is a highly entertaining tourist destination with many attractions. Discover breathtaking landscapes from the 4-star campsite.","robots":{"index":"index","follow":"follow","max-snippet":"max-snippet:-1","max-image-preview":"max-image-preview:large","max-video-preview":"max-video-preview:-1"},"canonical":"https:\/\/www.lescale-du-perthuis.com\/en\/tourism-vendee\/","og_locale":"en_US","og_type":"article","og_title":"Discover the Vend\u00e9e from our 4-star campsite","og_description":"The Vend\u00e9e is a highly entertaining tourist destination with many attractions. Discover breathtaking landscapes from the 4-star campsite.","og_url":"https:\/\/www.lescale-du-perthuis.com\/en\/tourism-vendee\/","og_site_name":"Camping L&#039;Escale de Perthuis","article_modified_time":"2025-02-20T14:06:44+00:00","og_image":[{"width":2500,"height":750,"url":"https:\/\/www.lescale-du-perthuis.com\/wp-content\/uploads\/sites\/25\/2025\/01\/Design-sans-titre-24.webp","type":"image\/webp"}],"twitter_card":"summary_large_image","twitter_misc":{"Est. reading time":"1 minute"},"schema":{"@context":"https:\/\/schema.org","@graph":[{"@type":"WebPage","@id":"https:\/\/www.lescale-du-perthuis.com\/en\/tourism-vendee\/","url":"https:\/\/www.lescale-du-perthuis.com\/en\/tourism-vendee\/","name":"Discover the Vend\u00e9e from our 4-star campsite","isPartOf":{"@id":"https:\/\/www.lescale-du-perthuis.com\/en\/#website"},"primaryImageOfPage":{"@id":"https:\/\/www.lescale-du-perthuis.com\/en\/tourism-vendee\/#primaryimage"},"image":{"@id":"https:\/\/www.lescale-du-perthuis.com\/en\/tourism-vendee\/#primaryimage"},"thumbnailUrl":"https:\/\/www.lescale-du-perthuis.com\/wp-content\/uploads\/sites\/25\/2025\/01\/Design-sans-titre-24.webp","datePublished":"2025-01-07T15:04:53+00:00","dateModified":"2025-02-20T14:06:44+00:00","description":"The Vend\u00e9e is a highly entertaining tourist destination with many attractions. Discover breathtaking landscapes from the 4-star campsite.","breadcrumb":{"@id":"https:\/\/www.lescale-du-perthuis.com\/en\/tourism-vendee\/#breadcrumb"},"inLanguage":"en-US","potentialAction":[{"@type":"ReadAction","target":["https:\/\/www.lescale-du-perthuis.com\/en\/tourism-vendee\/"]}]},{"@type":"ImageObject","inLanguage":"en-US","@id":"https:\/\/www.lescale-du-perthuis.com\/en\/tourism-vendee\/#primaryimage","url":"https:\/\/www.lescale-du-perthuis.com\/wp-content\/uploads\/sites\/25\/2025\/01\/Design-sans-titre-24.webp","contentUrl":"https:\/\/www.lescale-du-perthuis.com\/wp-content\/uploads\/sites\/25\/2025\/01\/Design-sans-titre-24.webp","width":2500,"height":750,"caption":"discover the vendee"},{"@type":"BreadcrumbList","@id":"https:\/\/www.lescale-du-perthuis.com\/en\/tourism-vendee\/#breadcrumb","itemListElement":[{"@type":"ListItem","position":1,"name":"Camping in the Vend\u00e9e","item":"https:\/\/www.lescale-du-perthuis.com\/en\/"},{"@type":"ListItem","position":2,"name":"Discover the Vend\u00e9e"}]},{"@type":"WebSite","@id":"https:\/\/www.lescale-du-perthuis.com\/en\/#website","url":"https:\/\/www.lescale-du-perthuis.com\/en\/","name":"Camping L&#039;Escale de Perthuis","description":"","publisher":{"@id":"https:\/\/www.lescale-du-perthuis.com\/en\/#organization"},"potentialAction":[{"@type":"SearchAction","target":{"@type":"EntryPoint","urlTemplate":"https:\/\/www.lescale-du-perthuis.com\/en\/?s={search_term_string}"},"query-input":{"@type":"PropertyValueSpecification","valueRequired":true,"valueName":"search_term_string"}}],"inLanguage":"en-US"},{"@type":"Organization","@id":"https:\/\/www.lescale-du-perthuis.com\/en\/#organization","name":"Camping L&#039;Escale de Perthuis","url":"https:\/\/www.lescale-du-perthuis.com\/en\/","logo":{"@type":"ImageObject","inLanguage":"en-US","@id":"https:\/\/www.lescale-du-perthuis.com\/en\/#\/schema\/logo\/image\/","url":"https:\/\/www.lescale-du-perthuis.com\/wp-content\/uploads\/sites\/25\/2024\/07\/cropped-logo_camping_l_escale_du_perthuis.png","contentUrl":"https:\/\/www.lescale-du-perthuis.com\/wp-content\/uploads\/sites\/25\/2024\/07\/cropped-logo_camping_l_escale_du_perthuis.png","width":200,"height":321,"caption":"Camping L&#039;Escale de Perthuis"},"image":{"@id":"https:\/\/www.lescale-du-perthuis.com\/en\/#\/schema\/logo\/image\/"}}]}},"_links":{"self":[{"href":"https:\/\/www.lescale-du-perthuis.com\/en\/wp-json\/wp\/v2\/pages\/1930","targetHints":{"allow":["GET"]}}],"collection":[{"href":"https:\/\/www.lescale-du-perthuis.com\/en\/wp-json\/wp\/v2\/pages"}],"about":[{"href":"https:\/\/www.lescale-du-perthuis.com\/en\/wp-json\/wp\/v2\/types\/page"}],"author":[{"embeddable":true,"href":"https:\/\/www.lescale-du-perthuis.com\/en\/wp-json\/wp\/v2\/users\/1"}],"replies":[{"embeddable":true,"href":"https:\/\/www.lescale-du-perthuis.com\/en\/wp-json\/wp\/v2\/comments?post=1930"}],"version-history":[{"count":5,"href":"https:\/\/www.lescale-du-perthuis.com\/en\/wp-json\/wp\/v2\/pages\/1930\/revisions"}],"predecessor-version":[{"id":2303,"href":"https:\/\/www.lescale-du-perthuis.com\/en\/wp-json\/wp\/v2\/pages\/1930\/revisions\/2303"}],"wp:featuredmedia":[{"embeddable":true,"href":"https:\/\/www.lescale-du-perthuis.com\/en\/wp-json\/wp\/v2\/media\/1346"}],"wp:attachment":[{"href":"https:\/\/www.lescale-du-perthuis.com\/en\/wp-json\/wp\/v2\/media?parent=1930"}],"wp:term":[{"taxonomy":"sujet","embeddable":true,"href":"https:\/\/www.lescale-du-perthuis.com\/en\/wp-json\/wp\/v2\/sujet?post=1930"}],"curies":[{"name":"wp","href":"https:\/\/api.w.org\/{rel}","templated":true}]}}