{"id":1932,"date":"2024-07-30T07:43:38","date_gmt":"2024-07-30T07:43:38","guid":{"rendered":"https:\/\/www.lescale-du-perthuis.com\/campsite-group-vendee\/"},"modified":"2025-03-12T11:06:50","modified_gmt":"2025-03-12T11:06:50","slug":"campsite-group-vendee","status":"publish","type":"page","link":"https:\/\/www.lescale-du-perthuis.com\/en\/campsite-group-vendee\/","title":{"rendered":"Groups and works councils"},"content":{"rendered":"<section id=\"ls-section-block_39c0b6f09820a7a6b19f1bf40953773a\" class=\"ls-section  page-one has-background has-color-4-background-color has-m-t m-t-0 has-m-b m-b-0 has-p-t p-t-14 has-p-b p-b-14\" >\r\n        <div class=\"container container--wide\">\r\n        \n\n<div class=\"wp-block-columns is-layout-flex wp-container-core-columns-is-layout-1 wp-block-columns-is-layout-flex\">\n<div class=\"wp-block-column animated fadeInLeft delay-100ms slow is-layout-flow wp-block-column-is-layout-flow\" style=\"flex-basis:45%\">\n<figure class=\"wp-block-image size-full\"><a href=\"https:\/\/www.lescale-du-perthuis.com\/wp-content\/uploads\/sites\/25\/2025\/03\/caeca187-e274-4ac7-a06b-69a5205853ce.jpg\"><img loading=\"lazy\" decoding=\"async\" width=\"2560\" height=\"1707\" src=\"https:\/\/www.lescale-du-perthuis.com\/wp-content\/uploads\/sites\/25\/2025\/03\/caeca187-e274-4ac7-a06b-69a5205853ce.jpg\" alt=\"\" class=\"wp-image-2380\" srcset=\"https:\/\/www.lescale-du-perthuis.com\/wp-content\/uploads\/sites\/25\/2025\/03\/caeca187-e274-4ac7-a06b-69a5205853ce.jpg 2560w, https:\/\/www.lescale-du-perthuis.com\/wp-content\/uploads\/sites\/25\/2025\/03\/caeca187-e274-4ac7-a06b-69a5205853ce-300x200.jpg 300w, https:\/\/www.lescale-du-perthuis.com\/wp-content\/uploads\/sites\/25\/2025\/03\/caeca187-e274-4ac7-a06b-69a5205853ce-1024x683.jpg 1024w, https:\/\/www.lescale-du-perthuis.com\/wp-content\/uploads\/sites\/25\/2025\/03\/caeca187-e274-4ac7-a06b-69a5205853ce-768x512.jpg 768w, https:\/\/www.lescale-du-perthuis.com\/wp-content\/uploads\/sites\/25\/2025\/03\/caeca187-e274-4ac7-a06b-69a5205853ce-1536x1024.jpg 1536w, https:\/\/www.lescale-du-perthuis.com\/wp-content\/uploads\/sites\/25\/2025\/03\/caeca187-e274-4ac7-a06b-69a5205853ce-2048x1366.jpg 2048w\" sizes=\"auto, (max-width: 2560px) 100vw, 2560px\" \/><\/a><\/figure>\n<\/div>\n\n\n\n<div class=\"wp-block-column is-vertically-aligned-center animated fadeInRight slow is-layout-flow wp-block-column-is-layout-flow\" style=\"flex-basis:55%\">\n<h1 class=\"ls__heading wp-block-heading\">Ideal campsite for groups in Vend\u00e9e<\/h1>\n\n\n\n<p class=\"ls-paragraph\">Friendly and comfortable: the ideal campsite for <strong>groups in the Vend\u00e9e<\/strong>!<\/p>\n\n\n\n<h2 class=\"ls__heading wp-block-heading\">Our group packages in La Tranche-sur-Mer  <\/h2>\n\n\n\n<p class=\"ls-paragraph\">Discover our <a href=\"https:\/\/www.lescale-du-perthuis.com\/en\/\">l&#8217;Escale du Perthuis campsite<\/a>, ideal for groups, in La Tranche-sur-Mer, Vend\u00e9e. Perfect for large families, friends, associations or events, our campsite offers over 200 comfortable <a href=\"https:\/\/www.lescale-du-perthuis.com\/en\/rental-mobil-home-vendee\/\">accommodations<\/a>, a vast catering area and adapted services. <\/p>\n\n\n\n<p class=\"ls-paragraph\">Take advantage of our <strong>catering + accommodation offers<\/strong> in an exceptional natural setting <strong>just a stone&#8217;s throw from the beach<\/strong>, with modern facilities and <a href=\"https:\/\/www.lescale-du-perthuis.com\/en\/campsite-entertainment-la-tranche-sur-mer\/\">summer entertainment<\/a> for all. <\/p>\n\n\n\n<p class=\"ls-paragraph\">Enjoy unforgettable moments together at our <strong>4-star campsite in the Vend\u00e9e<\/strong>, in a warm and welcoming environment.<\/p>\n<\/div>\n<\/div>\n\n\r\n    <\/div>\r\n<\/section>\n\n<section id=\"ls-section-block_67c1ec754d996caaf5ac63777e5e853f\" class=\"ls-section  page-one has-background has-color-white-background-color has-m-b m-b-0 has-p-t p-t-14\" >\r\n        <div class=\"container container--wide\">\r\n        \n\n<div class=\"wp-block-columns is-layout-flex wp-container-core-columns-is-layout-2 wp-block-columns-is-layout-flex\">\n<div class=\"wp-block-column is-vertically-aligned-center first  animated fadeInLeft slow is-layout-flow wp-block-column-is-layout-flow\" style=\"flex-basis:55%\">\n<div id=\"ls-heading ls-titre-div-block_aa32e253263c63c287c92e9f596fe5b2\" class=\"ls-titre-div border h1-like\" >\n    Strengthen your ties<\/div>\n\n\n\n<h2 class=\"ls__heading wp-block-heading\">Our CSE formulas<\/h2>\n\n\n\n<p class=\"ls-paragraph\">Discover our formulas dedicated to <strong>works councils<\/strong>, adapted to your needs: linear, allotment or piece by piece.<\/p>\n\n\n\n<p class=\"ls-paragraph\">Whether for planned stays or one-off requests, our <strong>4-star campsite in La Tranche-sur-Mer<\/strong> offers <strong>flexible solutions<\/strong> to accommodate your employees and their families.  <\/p>\n\n\n\n<p class=\"ls-paragraph\">Offer them an <strong>exceptional setting in the Vend\u00e9e<\/strong>, close to the beach, with comfortable 2- or 3-bedroom accommodation, <a href=\"https:\/\/www.lescale-du-perthuis.com\/en\/family-campsite-vendee\/\">quality services<\/a> and unforgettable moments of relaxation.<\/p>\n<\/div>\n\n\n\n<div class=\"wp-block-column second animated fadeInRight delay-100ms slow is-layout-flow wp-block-column-is-layout-flow\" style=\"flex-basis:45%\">\n<figure class=\"wp-block-image size-full\"><a href=\"https:\/\/www.lescale-du-perthuis.com\/wp-content\/uploads\/sites\/25\/2025\/03\/shutterstock_405066019-scaled.jpg\"><img loading=\"lazy\" decoding=\"async\" width=\"2560\" height=\"1784\" src=\"https:\/\/www.lescale-du-perthuis.com\/wp-content\/uploads\/sites\/25\/2025\/03\/shutterstock_405066019-scaled.jpg\" alt=\"\" class=\"wp-image-2390\" srcset=\"https:\/\/www.lescale-du-perthuis.com\/wp-content\/uploads\/sites\/25\/2025\/03\/shutterstock_405066019-scaled.jpg 2560w, https:\/\/www.lescale-du-perthuis.com\/wp-content\/uploads\/sites\/25\/2025\/03\/shutterstock_405066019-300x209.jpg 300w, https:\/\/www.lescale-du-perthuis.com\/wp-content\/uploads\/sites\/25\/2025\/03\/shutterstock_405066019-1024x714.jpg 1024w, https:\/\/www.lescale-du-perthuis.com\/wp-content\/uploads\/sites\/25\/2025\/03\/shutterstock_405066019-768x535.jpg 768w, https:\/\/www.lescale-du-perthuis.com\/wp-content\/uploads\/sites\/25\/2025\/03\/shutterstock_405066019-1536x1071.jpg 1536w, https:\/\/www.lescale-du-perthuis.com\/wp-content\/uploads\/sites\/25\/2025\/03\/shutterstock_405066019-2048x1428.jpg 2048w\" sizes=\"auto, (max-width: 2560px) 100vw, 2560px\" \/><\/a><\/figure>\n<\/div>\n<\/div>\n\n\r\n    <\/div>\r\n<\/section>\n\n<section id=\"ls-section-block_61f463de2689577e6e8bcbd409c746d7\" class=\"ls-section  page-maillage experience has-m-t m-t-0 has-p-t p-t-10\" >\r\n        <div class=\"container container--wide\">\r\n        \n\n<div id=\"ls-heading ls-titre-div-block_cdef3902380fd0152685c052f2771783\" class=\"ls-titre-div aligncenter h2-like\" >\n    <strong>Stays tailored to<\/strong> your needs!<\/div>\n\n\n<div id=\"ls-maillage-block_c8f0dbb2d521cd8818c28484d7cc516c\" class=\"ls-maillage cta-style-normal\" data-rows=\"3\">\n    <div class=\"wp-block-columns\"><div class=\"wp-block-column\"><div id=\"destinations\" class=\"ls-cta\">\n\n<a href=\"https:\/\/www.lescale-du-perthuis.com\/en\/campsite-not-expensive-la-tranche-sur-mer\/\" target=\"\" rel=\"noopener\" class=\"ls-cta__link\">\n\n\t<div class=\"ls-cta__image\"><img decoding=\"async\" src=\"https:\/\/www.lescale-du-perthuis.com\/wp-content\/uploads\/sites\/25\/2025\/01\/camping-lescale-du-perthuis-en-vendee-promotions.webp\" alt=\"camping lescale du perthuis en vendee promotions\"><\/div>\n\t<div class=\"ls-cta__title\">\n\t\tPromotions\t<\/div>\n\n\t\t\n<\/a><\/div><\/div><div class=\"wp-block-column\"><div id=\"destinations\" class=\"ls-cta\">\n\n<a href=\"https:\/\/www.lescale-du-perthuis.com\/en\/rental-mobil-home-vendee\/\" target=\"\" rel=\"noopener\" class=\"ls-cta__link\">\n\n\t<div class=\"ls-cta__image\"><img decoding=\"async\" src=\"https:\/\/www.lescale-du-perthuis.com\/wp-content\/uploads\/sites\/25\/2025\/01\/camping-lescale-du-perthuis-en-vendee-mobilhome.webp\" alt=\"camping lescale du perthuis en vendee mobilhome\"><\/div>\n\t<div class=\"ls-cta__title\">\n\t\tOur accommodations\t<\/div>\n\n\t\t\n<\/a><\/div><\/div><div class=\"wp-block-column\"><div id=\"destinations\" class=\"ls-cta\">\n\n<a href=\"https:\/\/www.lescale-du-perthuis.com\/en\/campsite-heated-pool-la-tranche-sur-mer\/\" target=\"\" rel=\"noopener\" class=\"ls-cta__link\">\n\n\t<div class=\"ls-cta__image\"><img decoding=\"async\" src=\"https:\/\/www.lescale-du-perthuis.com\/wp-content\/uploads\/sites\/25\/2025\/01\/camping-espace-aquatique-1.webp\" alt=\"camping espace aquatique\"><\/div>\n\t<div class=\"ls-cta__title\">\n\t\tOur pools\t<\/div>\n\n\t\t\n<\/a><\/div><\/div><\/div><\/div>\n\r\n    <\/div>\r\n<\/section>","protected":false},"excerpt":{"rendered":"","protected":false},"author":1,"featured_media":885,"parent":0,"menu_order":0,"comment_status":"closed","ping_status":"closed","template":"","meta":{"_acf_changed":false,"footnotes":""},"sujet":[],"class_list":["post-1932","page","type-page","status-publish","has-post-thumbnail","hentry"],"acf":[],"yoast_head":"<!-- This site is optimized with the Yoast SEO plugin v23.9 - https:\/\/yoast.com\/wordpress\/plugins\/seo\/ -->\n<title>Camping group Vend\u00e9e | Events, seminars in Vend\u00e9e<\/title>\n<meta name=\"description\" content=\"Host your groups in Vend\u00e9e at L&#039;Escale du Perthuis campsite: comfortable accommodation, adapted services and conviviality close to the beach.\" \/>\n<meta name=\"robots\" content=\"index, follow, max-snippet:-1, max-image-preview:large, max-video-preview:-1\" \/>\n<link rel=\"canonical\" href=\"https:\/\/www.lescale-du-perthuis.com\/en\/campsite-group-vendee\/\" \/>\n<meta property=\"og:locale\" content=\"en_US\" \/>\n<meta property=\"og:type\" content=\"article\" \/>\n<meta property=\"og:title\" content=\"Camping group Vend\u00e9e | Events, seminars in Vend\u00e9e\" \/>\n<meta property=\"og:description\" content=\"Host your groups in Vend\u00e9e at L&#039;Escale du Perthuis campsite: comfortable accommodation, adapted services and conviviality close to the beach.\" \/>\n<meta property=\"og:url\" content=\"https:\/\/www.lescale-du-perthuis.com\/en\/campsite-group-vendee\/\" \/>\n<meta property=\"og:site_name\" content=\"Camping L&#039;Escale de Perthuis\" \/>\n<meta property=\"article:modified_time\" content=\"2025-03-12T11:06:50+00:00\" \/>\n<meta property=\"og:image\" content=\"https:\/\/www.lescale-du-perthuis.com\/wp-content\/uploads\/sites\/25\/2025\/01\/camping-lescale-du-perthuis-groupe.webp\" \/>\n\t<meta property=\"og:image:width\" content=\"2500\" \/>\n\t<meta property=\"og:image:height\" content=\"750\" \/>\n\t<meta property=\"og:image:type\" content=\"image\/webp\" \/>\n<meta name=\"twitter:card\" content=\"summary_large_image\" \/>\n<meta name=\"twitter:label1\" content=\"Est. reading time\" \/>\n\t<meta name=\"twitter:data1\" content=\"2 minutes\" \/>\n<script type=\"application\/ld+json\" class=\"yoast-schema-graph\">{\"@context\":\"https:\/\/schema.org\",\"@graph\":[{\"@type\":\"WebPage\",\"@id\":\"https:\/\/www.lescale-du-perthuis.com\/en\/campsite-group-vendee\/\",\"url\":\"https:\/\/www.lescale-du-perthuis.com\/en\/campsite-group-vendee\/\",\"name\":\"Camping group Vend\u00e9e | Events, seminars in Vend\u00e9e\",\"isPartOf\":{\"@id\":\"https:\/\/www.lescale-du-perthuis.com\/en\/#website\"},\"primaryImageOfPage\":{\"@id\":\"https:\/\/www.lescale-du-perthuis.com\/en\/campsite-group-vendee\/#primaryimage\"},\"image\":{\"@id\":\"https:\/\/www.lescale-du-perthuis.com\/en\/campsite-group-vendee\/#primaryimage\"},\"thumbnailUrl\":\"https:\/\/www.lescale-du-perthuis.com\/wp-content\/uploads\/sites\/25\/2025\/01\/camping-lescale-du-perthuis-groupe.webp\",\"datePublished\":\"2024-07-30T07:43:38+00:00\",\"dateModified\":\"2025-03-12T11:06:50+00:00\",\"description\":\"Host your groups in Vend\u00e9e at L'Escale du Perthuis campsite: comfortable accommodation, adapted services and conviviality close to the beach.\",\"breadcrumb\":{\"@id\":\"https:\/\/www.lescale-du-perthuis.com\/en\/campsite-group-vendee\/#breadcrumb\"},\"inLanguage\":\"en-US\",\"potentialAction\":[{\"@type\":\"ReadAction\",\"target\":[\"https:\/\/www.lescale-du-perthuis.com\/en\/campsite-group-vendee\/\"]}]},{\"@type\":\"ImageObject\",\"inLanguage\":\"en-US\",\"@id\":\"https:\/\/www.lescale-du-perthuis.com\/en\/campsite-group-vendee\/#primaryimage\",\"url\":\"https:\/\/www.lescale-du-perthuis.com\/wp-content\/uploads\/sites\/25\/2025\/01\/camping-lescale-du-perthuis-groupe.webp\",\"contentUrl\":\"https:\/\/www.lescale-du-perthuis.com\/wp-content\/uploads\/sites\/25\/2025\/01\/camping-lescale-du-perthuis-groupe.webp\",\"width\":2500,\"height\":750,\"caption\":\"camping lescale du perthuis groupe\"},{\"@type\":\"BreadcrumbList\",\"@id\":\"https:\/\/www.lescale-du-perthuis.com\/en\/campsite-group-vendee\/#breadcrumb\",\"itemListElement\":[{\"@type\":\"ListItem\",\"position\":1,\"name\":\"Camping in the Vend\u00e9e\",\"item\":\"https:\/\/www.lescale-du-perthuis.com\/en\/\"},{\"@type\":\"ListItem\",\"position\":2,\"name\":\"Events, seminars in Vend\u00e9e\"}]},{\"@type\":\"WebSite\",\"@id\":\"https:\/\/www.lescale-du-perthuis.com\/en\/#website\",\"url\":\"https:\/\/www.lescale-du-perthuis.com\/en\/\",\"name\":\"Camping L&#039;Escale de Perthuis\",\"description\":\"\",\"publisher\":{\"@id\":\"https:\/\/www.lescale-du-perthuis.com\/en\/#organization\"},\"potentialAction\":[{\"@type\":\"SearchAction\",\"target\":{\"@type\":\"EntryPoint\",\"urlTemplate\":\"https:\/\/www.lescale-du-perthuis.com\/en\/?s={search_term_string}\"},\"query-input\":{\"@type\":\"PropertyValueSpecification\",\"valueRequired\":true,\"valueName\":\"search_term_string\"}}],\"inLanguage\":\"en-US\"},{\"@type\":\"Organization\",\"@id\":\"https:\/\/www.lescale-du-perthuis.com\/en\/#organization\",\"name\":\"Camping L&#039;Escale de Perthuis\",\"url\":\"https:\/\/www.lescale-du-perthuis.com\/en\/\",\"logo\":{\"@type\":\"ImageObject\",\"inLanguage\":\"en-US\",\"@id\":\"https:\/\/www.lescale-du-perthuis.com\/en\/#\/schema\/logo\/image\/\",\"url\":\"https:\/\/www.lescale-du-perthuis.com\/wp-content\/uploads\/sites\/25\/2024\/07\/cropped-logo_camping_l_escale_du_perthuis.png\",\"contentUrl\":\"https:\/\/www.lescale-du-perthuis.com\/wp-content\/uploads\/sites\/25\/2024\/07\/cropped-logo_camping_l_escale_du_perthuis.png\",\"width\":200,\"height\":321,\"caption\":\"Camping L&#039;Escale de Perthuis\"},\"image\":{\"@id\":\"https:\/\/www.lescale-du-perthuis.com\/en\/#\/schema\/logo\/image\/\"}}]}<\/script>\n<!-- \/ Yoast SEO plugin. -->","yoast_head_json":{"title":"Camping group Vend\u00e9e | Events, seminars in Vend\u00e9e","description":"Host your groups in Vend\u00e9e at L'Escale du Perthuis campsite: comfortable accommodation, adapted services and conviviality close to the beach.","robots":{"index":"index","follow":"follow","max-snippet":"max-snippet:-1","max-image-preview":"max-image-preview:large","max-video-preview":"max-video-preview:-1"},"canonical":"https:\/\/www.lescale-du-perthuis.com\/en\/campsite-group-vendee\/","og_locale":"en_US","og_type":"article","og_title":"Camping group Vend\u00e9e | Events, seminars in Vend\u00e9e","og_description":"Host your groups in Vend\u00e9e at L'Escale du Perthuis campsite: comfortable accommodation, adapted services and conviviality close to the beach.","og_url":"https:\/\/www.lescale-du-perthuis.com\/en\/campsite-group-vendee\/","og_site_name":"Camping L&#039;Escale de Perthuis","article_modified_time":"2025-03-12T11:06:50+00:00","og_image":[{"width":2500,"height":750,"url":"https:\/\/www.lescale-du-perthuis.com\/wp-content\/uploads\/sites\/25\/2025\/01\/camping-lescale-du-perthuis-groupe.webp","type":"image\/webp"}],"twitter_card":"summary_large_image","twitter_misc":{"Est. reading time":"2 minutes"},"schema":{"@context":"https:\/\/schema.org","@graph":[{"@type":"WebPage","@id":"https:\/\/www.lescale-du-perthuis.com\/en\/campsite-group-vendee\/","url":"https:\/\/www.lescale-du-perthuis.com\/en\/campsite-group-vendee\/","name":"Camping group Vend\u00e9e | Events, seminars in Vend\u00e9e","isPartOf":{"@id":"https:\/\/www.lescale-du-perthuis.com\/en\/#website"},"primaryImageOfPage":{"@id":"https:\/\/www.lescale-du-perthuis.com\/en\/campsite-group-vendee\/#primaryimage"},"image":{"@id":"https:\/\/www.lescale-du-perthuis.com\/en\/campsite-group-vendee\/#primaryimage"},"thumbnailUrl":"https:\/\/www.lescale-du-perthuis.com\/wp-content\/uploads\/sites\/25\/2025\/01\/camping-lescale-du-perthuis-groupe.webp","datePublished":"2024-07-30T07:43:38+00:00","dateModified":"2025-03-12T11:06:50+00:00","description":"Host your groups in Vend\u00e9e at L'Escale du Perthuis campsite: comfortable accommodation, adapted services and conviviality close to the beach.","breadcrumb":{"@id":"https:\/\/www.lescale-du-perthuis.com\/en\/campsite-group-vendee\/#breadcrumb"},"inLanguage":"en-US","potentialAction":[{"@type":"ReadAction","target":["https:\/\/www.lescale-du-perthuis.com\/en\/campsite-group-vendee\/"]}]},{"@type":"ImageObject","inLanguage":"en-US","@id":"https:\/\/www.lescale-du-perthuis.com\/en\/campsite-group-vendee\/#primaryimage","url":"https:\/\/www.lescale-du-perthuis.com\/wp-content\/uploads\/sites\/25\/2025\/01\/camping-lescale-du-perthuis-groupe.webp","contentUrl":"https:\/\/www.lescale-du-perthuis.com\/wp-content\/uploads\/sites\/25\/2025\/01\/camping-lescale-du-perthuis-groupe.webp","width":2500,"height":750,"caption":"camping lescale du perthuis groupe"},{"@type":"BreadcrumbList","@id":"https:\/\/www.lescale-du-perthuis.com\/en\/campsite-group-vendee\/#breadcrumb","itemListElement":[{"@type":"ListItem","position":1,"name":"Camping in the Vend\u00e9e","item":"https:\/\/www.lescale-du-perthuis.com\/en\/"},{"@type":"ListItem","position":2,"name":"Events, seminars in Vend\u00e9e"}]},{"@type":"WebSite","@id":"https:\/\/www.lescale-du-perthuis.com\/en\/#website","url":"https:\/\/www.lescale-du-perthuis.com\/en\/","name":"Camping L&#039;Escale de Perthuis","description":"","publisher":{"@id":"https:\/\/www.lescale-du-perthuis.com\/en\/#organization"},"potentialAction":[{"@type":"SearchAction","target":{"@type":"EntryPoint","urlTemplate":"https:\/\/www.lescale-du-perthuis.com\/en\/?s={search_term_string}"},"query-input":{"@type":"PropertyValueSpecification","valueRequired":true,"valueName":"search_term_string"}}],"inLanguage":"en-US"},{"@type":"Organization","@id":"https:\/\/www.lescale-du-perthuis.com\/en\/#organization","name":"Camping L&#039;Escale de Perthuis","url":"https:\/\/www.lescale-du-perthuis.com\/en\/","logo":{"@type":"ImageObject","inLanguage":"en-US","@id":"https:\/\/www.lescale-du-perthuis.com\/en\/#\/schema\/logo\/image\/","url":"https:\/\/www.lescale-du-perthuis.com\/wp-content\/uploads\/sites\/25\/2024\/07\/cropped-logo_camping_l_escale_du_perthuis.png","contentUrl":"https:\/\/www.lescale-du-perthuis.com\/wp-content\/uploads\/sites\/25\/2024\/07\/cropped-logo_camping_l_escale_du_perthuis.png","width":200,"height":321,"caption":"Camping L&#039;Escale de Perthuis"},"image":{"@id":"https:\/\/www.lescale-du-perthuis.com\/en\/#\/schema\/logo\/image\/"}}]}},"_links":{"self":[{"href":"https:\/\/www.lescale-du-perthuis.com\/en\/wp-json\/wp\/v2\/pages\/1932","targetHints":{"allow":["GET"]}}],"collection":[{"href":"https:\/\/www.lescale-du-perthuis.com\/en\/wp-json\/wp\/v2\/pages"}],"about":[{"href":"https:\/\/www.lescale-du-perthuis.com\/en\/wp-json\/wp\/v2\/types\/page"}],"author":[{"embeddable":true,"href":"https:\/\/www.lescale-du-perthuis.com\/en\/wp-json\/wp\/v2\/users\/1"}],"replies":[{"embeddable":true,"href":"https:\/\/www.lescale-du-perthuis.com\/en\/wp-json\/wp\/v2\/comments?post=1932"}],"version-history":[{"count":7,"href":"https:\/\/www.lescale-du-perthuis.com\/en\/wp-json\/wp\/v2\/pages\/1932\/revisions"}],"predecessor-version":[{"id":2393,"href":"https:\/\/www.lescale-du-perthuis.com\/en\/wp-json\/wp\/v2\/pages\/1932\/revisions\/2393"}],"wp:featuredmedia":[{"embeddable":true,"href":"https:\/\/www.lescale-du-perthuis.com\/en\/wp-json\/wp\/v2\/media\/885"}],"wp:attachment":[{"href":"https:\/\/www.lescale-du-perthuis.com\/en\/wp-json\/wp\/v2\/media?parent=1932"}],"wp:term":[{"taxonomy":"sujet","embeddable":true,"href":"https:\/\/www.lescale-du-perthuis.com\/en\/wp-json\/wp\/v2\/sujet?post=1932"}],"curies":[{"name":"wp","href":"https:\/\/api.w.org\/{rel}","templated":true}]}}