{"id":1920,"date":"2025-01-07T15:07:44","date_gmt":"2025-01-07T15:07:44","guid":{"rendered":"https:\/\/www.lescale-du-perthuis.com\/toerisme-natuurlijke-vendee\/"},"modified":"2025-02-20T14:07:42","modified_gmt":"2025-02-20T14:07:42","slug":"toerisme-natuurlijke-vendee","status":"publish","type":"page","link":"https:\/\/www.lescale-du-perthuis.com\/nl\/toerisme-natuurlijke-vendee\/","title":{"rendered":"Natuurlijke zijkanten"},"content":{"rendered":"<section id=\"ls-section-block_e2debe4a86ef9ce2d4b5be2adfec4949\" class=\"ls-section  page-one has-background has-color-4-background-color has-m-t m-t-0 has-m-b m-b-0 has-p-t p-t-14 has-p-b p-b-14\" >\r\n        <div class=\"container container--wide\">\r\n        \n\n<div class=\"wp-block-columns is-layout-flex wp-container-core-columns-is-layout-1 wp-block-columns-is-layout-flex\">\n<div class=\"wp-block-column animated fadeInLeft delay-100ms slow is-layout-flow wp-block-column-is-layout-flow\" style=\"flex-basis:45%\">\n<figure class=\"wp-block-image size-full\"><a href=\"https:\/\/www.lescale-du-perthuis.com\/wp-content\/uploads\/sites\/25\/2025\/01\/reserve-naturel-la-belle-henriette.webp\"><img loading=\"lazy\" decoding=\"async\" width=\"1000\" height=\"750\" src=\"https:\/\/www.lescale-du-perthuis.com\/wp-content\/uploads\/sites\/25\/2025\/01\/reserve-naturel-la-belle-henriette.webp\" alt=\"natuurreservaat la belle henriette\" class=\"wp-image-1450\" srcset=\"https:\/\/www.lescale-du-perthuis.com\/wp-content\/uploads\/sites\/25\/2025\/01\/reserve-naturel-la-belle-henriette.webp 1000w, https:\/\/www.lescale-du-perthuis.com\/wp-content\/uploads\/sites\/25\/2025\/01\/reserve-naturel-la-belle-henriette-300x225.webp 300w, https:\/\/www.lescale-du-perthuis.com\/wp-content\/uploads\/sites\/25\/2025\/01\/reserve-naturel-la-belle-henriette-768x576.webp 768w\" sizes=\"auto, (max-width: 1000px) 100vw, 1000px\" \/><\/a><\/figure>\n<\/div>\n\n\n\n<div class=\"wp-block-column is-vertically-aligned-center animated fadeInRight slow is-layout-flow wp-block-column-is-layout-flow\" style=\"flex-basis:55%\" id=\"henriette\">\n<h1 class=\"ls__heading wp-block-heading\">Ontdek <strong>de natuur<\/strong> in de Vend\u00e9e<\/h1>\n\n\n\n<p class=\"ls-paragraph\">Ontdek de natuur in de Vend\u00e9e, met zijn <strong>wilde stranden, rustgevende moerassen en majestueuze bossen<\/strong>, voor een ontsnapping in het hart van authentieke landschappen in de buurt van de <a href=\"https:\/\/www.lescale-du-perthuis.com\/nl\/\">familiecamping<\/a> Escale du Perthuis.<\/p>\n\n\n\n<h2 class=\"ls__heading wp-block-heading\">Bezoek La <strong>Belle Henriette<\/strong> <\/h2>\n\n\n\n<p class=\"ls-paragraph\">Ontdek voor een vakantie op een <a href=\"https:\/\/www.lescale-du-perthuis.com\/nl\/camping-ecologische-vendee\/\">milieuvriendelijke camping<\/a> in de Vend\u00e9e het <strong>natuurreservaat Casse de la Belle Henriette<\/strong>, een ecologisch juweeltje tussen La Tranche-sur-Mer en La Faute-sur-Mer. Dit<strong> 337 hectare grote<\/strong> reservaat, met 200 hectare lagunes, werd in 2011 aangelegd en biedt een<strong> uniek ecosysteem<\/strong> dat moerasland en semi-lagune habitats combineert.  <\/p>\n\n\n\n<p class=\"ls-paragraph\">Tijdens je gezinsvakantie in een stacaravan ontdek je contrasterende landschappen met microreli\u00ebfs, zanderige en modderige bodems en <strong>biodiversiteit onder invloed van de oceaan en het klimaat<\/strong>. Het gebied is gemakkelijk toegankelijk dankzij de goed onderhouden wandelpaden en loopt uit op een duinenstrand.   <\/p>\n\n\n\n<p class=\"ls-paragraph\">Een ideale plek voor een vakantie midden in de natuur, vlakbij camping L&#8217;Escale du Perthuis.<\/p>\n<\/div>\n<\/div>\n\n\r\n    <\/div>\r\n<\/section><section id=\"ls-section-block_0dd73b689f5ee6db02ab46eaea92a0bd\" class=\"ls-section  home-gallery has-background has-color-4-background-color has-m-t m-t-0 has-p-t p-t-0\" >\r\n        <div class=\"container container--full\">\r\n        \n\n<figure class=\"wp-block-gallery has-nested-images columns-1 is-cropped galerie-slider-container wp-block-gallery-1 is-layout-flex wp-block-gallery-is-layout-flex\">\n<figure class=\"wp-block-image size-full\"><a href=\"http:\/\/www.lescale-du-perthuis.com\/wp-content\/uploads\/sites\/25\/2025\/01\/phare-vendee-nature.webp\"><img loading=\"lazy\" decoding=\"async\" width=\"1000\" height=\"750\" src=\"http:\/\/www.lescale-du-perthuis.com\/wp-content\/uploads\/sites\/25\/2025\/01\/phare-vendee-nature.webp\" alt=\"vuurtoren vendee natuur\" class=\"wp-image-1454\" srcset=\"https:\/\/www.lescale-du-perthuis.com\/wp-content\/uploads\/sites\/25\/2025\/01\/phare-vendee-nature.webp 1000w, https:\/\/www.lescale-du-perthuis.com\/wp-content\/uploads\/sites\/25\/2025\/01\/phare-vendee-nature-300x225.webp 300w, https:\/\/www.lescale-du-perthuis.com\/wp-content\/uploads\/sites\/25\/2025\/01\/phare-vendee-nature-768x576.webp 768w\" sizes=\"auto, (max-width: 1000px) 100vw, 1000px\" \/><\/a><\/figure>\n\n\n\n<figure class=\"wp-block-image size-full\"><a href=\"http:\/\/www.lescale-du-perthuis.com\/wp-content\/uploads\/sites\/25\/2025\/01\/camping-lescale-du-perthuis-en-vendee-velo.webp\"><img loading=\"lazy\" decoding=\"async\" width=\"1000\" height=\"750\" src=\"http:\/\/www.lescale-du-perthuis.com\/wp-content\/uploads\/sites\/25\/2025\/01\/camping-lescale-du-perthuis-en-vendee-velo.webp\" alt=\"camping lescale du perthuis en vendee velo\" class=\"wp-image-1152\" srcset=\"https:\/\/www.lescale-du-perthuis.com\/wp-content\/uploads\/sites\/25\/2025\/01\/camping-lescale-du-perthuis-en-vendee-velo.webp 1000w, https:\/\/www.lescale-du-perthuis.com\/wp-content\/uploads\/sites\/25\/2025\/01\/camping-lescale-du-perthuis-en-vendee-velo-300x225.webp 300w, https:\/\/www.lescale-du-perthuis.com\/wp-content\/uploads\/sites\/25\/2025\/01\/camping-lescale-du-perthuis-en-vendee-velo-768x576.webp 768w\" sizes=\"auto, (max-width: 1000px) 100vw, 1000px\" \/><\/a><\/figure>\n\n\n\n<figure class=\"wp-block-image size-full\"><a href=\"http:\/\/www.lescale-du-perthuis.com\/wp-content\/uploads\/sites\/25\/2025\/01\/decouvrez-les-iles-fort-boyard.webp\"><img loading=\"lazy\" decoding=\"async\" width=\"1000\" height=\"750\" src=\"http:\/\/www.lescale-du-perthuis.com\/wp-content\/uploads\/sites\/25\/2025\/01\/decouvrez-les-iles-fort-boyard.webp\" alt=\"ontdek de fort boyard eilanden\" class=\"wp-image-1444\" srcset=\"https:\/\/www.lescale-du-perthuis.com\/wp-content\/uploads\/sites\/25\/2025\/01\/decouvrez-les-iles-fort-boyard.webp 1000w, https:\/\/www.lescale-du-perthuis.com\/wp-content\/uploads\/sites\/25\/2025\/01\/decouvrez-les-iles-fort-boyard-300x225.webp 300w, https:\/\/www.lescale-du-perthuis.com\/wp-content\/uploads\/sites\/25\/2025\/01\/decouvrez-les-iles-fort-boyard-768x576.webp 768w\" sizes=\"auto, (max-width: 1000px) 100vw, 1000px\" \/><\/a><\/figure>\n<\/figure>\n\n\r\n    <\/div>\r\n<\/section><section id=\"ls-section-block_bfc30dbb96098f57118f95b8d2a13dc6\" class=\"ls-section  page-one aventure\" >\r\n        <div class=\"container container--wide\">\r\n        \n\n<div class=\"wp-block-columns is-layout-flex wp-container-core-columns-is-layout-2 wp-block-columns-is-layout-flex\">\n<div class=\"wp-block-column first animated fadeInLeft delay-100ms slow is-layout-flow wp-block-column-is-layout-flow\" style=\"flex-basis:45%\">\n<figure class=\"wp-block-image size-full\"><a href=\"http:\/\/www.lescale-du-perthuis.com\/wp-content\/uploads\/sites\/25\/2025\/01\/marais-de-poitevin.webp\"><img loading=\"lazy\" decoding=\"async\" width=\"1000\" height=\"750\" src=\"http:\/\/www.lescale-du-perthuis.com\/wp-content\/uploads\/sites\/25\/2025\/01\/marais-de-poitevin.webp\" alt=\"poitevin moerassen\" class=\"wp-image-1458\" srcset=\"https:\/\/www.lescale-du-perthuis.com\/wp-content\/uploads\/sites\/25\/2025\/01\/marais-de-poitevin.webp 1000w, https:\/\/www.lescale-du-perthuis.com\/wp-content\/uploads\/sites\/25\/2025\/01\/marais-de-poitevin-300x225.webp 300w, https:\/\/www.lescale-du-perthuis.com\/wp-content\/uploads\/sites\/25\/2025\/01\/marais-de-poitevin-768x576.webp 768w\" sizes=\"auto, (max-width: 1000px) 100vw, 1000px\" \/><\/a><\/figure>\n<\/div>\n\n\n\n<div class=\"wp-block-column is-vertically-aligned-center second animated fadeInRight slow is-layout-flow wp-block-column-is-layout-flow\" style=\"flex-basis:55%\">\n<div id=\"ls-heading ls-titre-div-block_bc985a2cadce52682770fa1334389a6a\" class=\"ls-titre-div border h1-like\" >\n    De natuur in <em>haar puurste vorm<\/em><\/div>\n\n\n\n<h2 class=\"ls__heading wp-block-heading has-text-align-left\">Wat te zien in de Marais Poitevin<\/h2>\n\n\n\n<p class=\"ls-paragraph\">Het <strong>regionale natuurpark Marais Poitevin<\/strong> in de Vend\u00e9e is een must voor natuurliefhebbers. Profiteer van je vakantie <a href=\"https:\/\/www.lescale-du-perthuis.com\/nl\/goedkoop-kamperen-la-tranche-sur-mer\/#couple\">met z&#8217;n twee\u00ebn<\/a> of met het gezin om dit emblematische deel van de regio te verkennen.   <\/p>\n\n\n\n<p class=\"ls-paragraph\">Het werd in 1979 opgericht en <strong>kreeg in 2014 het label natuurpark<\/strong>. Het <strong>biedt unieke landschappen tussen land en moeras<\/strong>, doorkruist door natuurlijke en kunstmatige waterwegen.  <\/p>\n\n\n\n<p class=\"ls-paragraph\">Ontspan na een dag op onze camping L&#8217;Escale du Perthuis in La Tranche-sur-Mer en geniet van de comfortabele <a href=\"https:\/\/www.lescale-du-perthuis.com\/nl\/huren-mobil-home-vendee\/\">accommodatie <\/a>en ons <a href=\"https:\/\/www.lescale-du-perthuis.com\/nl\/camping-verwarmd-zwembad-la-tranche-sur-mer\/\">zwembad<\/a>.  <\/p>\n\n\n\n<p class=\"ls-paragraph\">Verken het park per boot om <strong>wilde dieren<\/strong> zoals <strong>vogels en otters<\/strong> <strong>te spotten<\/strong>, of neem de <strong>wandelpaden of fietspaden<\/strong> om de omliggende dorpen te ontdekken. Het is de ideale plek voor een vakantie die ontspanning en natuur combineert. <\/p>\n<\/div>\n<\/div>\n\n\r\n    <\/div>\r\n<\/section><section id=\"ls-section-block_5e1ba463552a1a36700ab158d193d82f\" class=\"ls-section  page-one has-background has-color-3-background-color has-text-color has-color-black-color has-m-b m-b-0 has-p-t p-t-14\" >\r\n        <div class=\"container container--wide\">\r\n        \n\n<div class=\"wp-block-columns is-layout-flex wp-container-core-columns-is-layout-3 wp-block-columns-is-layout-flex\">\n<div class=\"wp-block-column is-vertically-aligned-center first  animated fadeInLeft slow is-layout-flow wp-block-column-is-layout-flow\" style=\"flex-basis:55%\">\n<h2 class=\"ls__heading wp-block-heading\">Ontdek Les Salines<\/h2>\n\n\n\n<p class=\"ls-paragraph\">Verblijf in La Tranche sur Mer op onze 4-sterren camping <a href=\"https:\/\/www.lescale-du-perthuis.com\/nl\/toerisme-la-tranche-sur-mer\/\">aan zee<\/a> en ontdek de <strong>Marais d&#8217;Olonne<\/strong>, een ongerepte natuurlijke omgeving in Les Sables d&#8217;Olonne. <\/p>\n\n\n\n<p class=\"ls-paragraph\">L&#8217;aventure des Salines biedt <strong>unieke<\/strong> kano-, peddel- of <strong>boottochten op de zoutwaterrivier<\/strong>, in het hart van een betoverend landschap.  <\/p>\n\n\n\n<p class=\"ls-paragraph\"><strong>Doe mee aan de zoutoogst<\/strong> en geniet van<strong>leuke activiteiten<\/strong> voor het hele gezin. Voor een comfortabel verblijf in de buurt kun je kiezen voor camping L&#8217;Escale du Perthuis in de Vend\u00e9e, met volledig uitgeruste stacaravans en een gastvrije omgeving.   <\/p>\n\n\n\n<p class=\"ls-paragraph\">Een perfect uitje om <strong>ontdekking, ontspanning en onderdompeling in de natuur<\/strong> te combineren. Ga voor meer informatie naar <a href=\"https:\/\/www.lessalines.fr\/\" target=\"_blank\" rel=\"noreferrer noopener nofollow\">Les Salines<\/a> <\/p>\n<\/div>\n\n\n\n<div class=\"wp-block-column second animated fadeInRight delay-100ms slow is-layout-flow wp-block-column-is-layout-flow\" style=\"flex-basis:45%\">\n<figure class=\"wp-block-image size-full\"><a href=\"http:\/\/www.lescale-du-perthuis.com\/wp-content\/uploads\/sites\/25\/2025\/01\/nature-vendee.webp\"><img loading=\"lazy\" decoding=\"async\" width=\"1200\" height=\"900\" src=\"http:\/\/www.lescale-du-perthuis.com\/wp-content\/uploads\/sites\/25\/2025\/01\/nature-vendee.webp\" alt=\"natuur verkoper\" class=\"wp-image-1462\" srcset=\"https:\/\/www.lescale-du-perthuis.com\/wp-content\/uploads\/sites\/25\/2025\/01\/nature-vendee.webp 1200w, https:\/\/www.lescale-du-perthuis.com\/wp-content\/uploads\/sites\/25\/2025\/01\/nature-vendee-300x225.webp 300w, https:\/\/www.lescale-du-perthuis.com\/wp-content\/uploads\/sites\/25\/2025\/01\/nature-vendee-1024x768.webp 1024w, https:\/\/www.lescale-du-perthuis.com\/wp-content\/uploads\/sites\/25\/2025\/01\/nature-vendee-768x576.webp 768w\" sizes=\"auto, (max-width: 1200px) 100vw, 1200px\" \/><\/a><\/figure>\n<\/div>\n<\/div>\n\n\r\n    <\/div>\r\n<\/section><section id=\"ls-section-block_5c2d7c09f0e82e5280d33480c678175b\" class=\"ls-section  page-maillage experience has-m-t m-t-0 has-p-t p-t-10\" >\r\n        <div class=\"container container--wide\">\r\n        \n\n<div id=\"ls-heading ls-titre-div-block_80f0e89da0b6f44dc90845478cad5eac\" class=\"ls-titre-div aligncenter h2-like\" >\n    <strong>Verjongen <\/strong>in de frisse lucht<\/div>\n\n\n<div id=\"ls-maillage-block_4cad9710a7838e31cb964a4da17e5785\" class=\"ls-maillage cta-style-normal\" data-rows=\"3\">\n    <div class=\"wp-block-columns\"><div class=\"wp-block-column\"><div id=\"destinations\" class=\"ls-cta\">\n\n<a href=\"https:\/\/www.lescale-du-perthuis.com\/nl\/toerisme-la-tranche-sur-mer\/\" target=\"\" rel=\"noopener\" class=\"ls-cta__link\">\n\n\t<div class=\"ls-cta__image\"><img decoding=\"async\" src=\"https:\/\/www.lescale-du-perthuis.com\/wp-content\/uploads\/sites\/25\/2025\/01\/camping-en-vendee-balade.webp\" alt=\"kamperen in de vendee\"><\/div>\n\t<div class=\"ls-cta__title\">\n\t\tDe kust verkennen\t<\/div>\n\n\t\t\n<\/a><\/div><\/div><div class=\"wp-block-column\"><div id=\"destinations\" class=\"ls-cta\">\n\n<a href=\"https:\/\/www.lescale-du-perthuis.com\/nl\/camping-animaties-la-tranche-sur-mer\/\" target=\"\" rel=\"noopener\" class=\"ls-cta__link\">\n\n\t<div class=\"ls-cta__image\"><img decoding=\"async\" src=\"https:\/\/www.lescale-du-perthuis.com\/wp-content\/uploads\/sites\/25\/2026\/01\/Lescale_du_Perthuis_mascotte_du_camping-scaled.webp\" alt=\"Camping mascotte L'escale du Perthuis\"><\/div>\n\t<div class=\"ls-cta__title\">\n\t\tVrijetijdsactiviteiten\t<\/div>\n\n\t\t\n<\/a><\/div><\/div><div class=\"wp-block-column\"><div id=\"destinations\" class=\"ls-cta\">\n\n<a href=\"https:\/\/www.lescale-du-perthuis.com\/nl\/huren-mobil-home-vendee\/\" target=\"\" rel=\"noopener\" class=\"ls-cta__link\">\n\n\t<div class=\"ls-cta__image\"><img decoding=\"async\" src=\"https:\/\/www.lescale-du-perthuis.com\/wp-content\/uploads\/sites\/25\/2025\/01\/camping-lescale-du-perthuis-en-vendee-mobilhome.webp\" alt=\"camping lescale du perthuis en vendee mobilhome\"><\/div>\n\t<div class=\"ls-cta__title\">\n\t\tOnze accommodatie\t<\/div>\n\n\t\t\n<\/a><\/div><\/div><\/div><\/div>\n\r\n    <\/div>\r\n<\/section>","protected":false},"excerpt":{"rendered":"","protected":false},"author":1,"featured_media":892,"parent":0,"menu_order":0,"comment_status":"closed","ping_status":"closed","template":"","meta":{"_acf_changed":false,"footnotes":""},"sujet":[],"class_list":["post-1920","page","type-page","status-publish","has-post-thumbnail","hentry"],"acf":[],"yoast_head":"<!-- This site is optimized with the Yoast SEO plugin v23.9 - https:\/\/yoast.com\/wordpress\/plugins\/seo\/ -->\n<title>Camping in de Vend\u00e9e ideaal gelegen in het hart van de natuur<\/title>\n<meta name=\"description\" content=\"Ontdek de natuurlijke rijkdommen van de Vend\u00e9e: de Poitevin moerassen, de Pointe d&#039;Ar\u00e7ay en de zoutpannen van Ile d&#039;Olonne....\" \/>\n<meta name=\"robots\" content=\"index, follow, max-snippet:-1, max-image-preview:large, max-video-preview:-1\" \/>\n<link rel=\"canonical\" href=\"https:\/\/www.lescale-du-perthuis.com\/nl\/toerisme-natuurlijke-vendee\/\" \/>\n<meta property=\"og:locale\" content=\"nl_NL\" \/>\n<meta property=\"og:type\" content=\"article\" \/>\n<meta property=\"og:title\" content=\"Camping in de Vend\u00e9e ideaal gelegen in het hart van de natuur\" \/>\n<meta property=\"og:description\" content=\"Ontdek de natuurlijke rijkdommen van de Vend\u00e9e: de Poitevin moerassen, de Pointe d&#039;Ar\u00e7ay en de zoutpannen van Ile d&#039;Olonne....\" \/>\n<meta property=\"og:url\" content=\"https:\/\/www.lescale-du-perthuis.com\/nl\/toerisme-natuurlijke-vendee\/\" \/>\n<meta property=\"og:site_name\" content=\"Camping L&#039;Escale de Perthuis\" \/>\n<meta property=\"article:modified_time\" content=\"2025-02-20T14:07:42+00:00\" \/>\n<meta property=\"og:image\" content=\"https:\/\/www.lescale-du-perthuis.com\/wp-content\/uploads\/sites\/25\/2025\/01\/camping-lescale-du-perthuis-nature.webp\" \/>\n\t<meta property=\"og:image:width\" content=\"2500\" \/>\n\t<meta property=\"og:image:height\" content=\"750\" \/>\n\t<meta property=\"og:image:type\" content=\"image\/webp\" \/>\n<meta name=\"twitter:card\" content=\"summary_large_image\" \/>\n<meta name=\"twitter:label1\" content=\"Geschatte leestijd\" \/>\n\t<meta name=\"twitter:data1\" content=\"2 minuten\" \/>\n<script type=\"application\/ld+json\" class=\"yoast-schema-graph\">{\"@context\":\"https:\/\/schema.org\",\"@graph\":[{\"@type\":\"WebPage\",\"@id\":\"https:\/\/www.lescale-du-perthuis.com\/nl\/toerisme-natuurlijke-vendee\/\",\"url\":\"https:\/\/www.lescale-du-perthuis.com\/nl\/toerisme-natuurlijke-vendee\/\",\"name\":\"Camping in de Vend\u00e9e ideaal gelegen in het hart van de natuur\",\"isPartOf\":{\"@id\":\"https:\/\/www.lescale-du-perthuis.com\/nl\/#website\"},\"primaryImageOfPage\":{\"@id\":\"https:\/\/www.lescale-du-perthuis.com\/nl\/toerisme-natuurlijke-vendee\/#primaryimage\"},\"image\":{\"@id\":\"https:\/\/www.lescale-du-perthuis.com\/nl\/toerisme-natuurlijke-vendee\/#primaryimage\"},\"thumbnailUrl\":\"https:\/\/www.lescale-du-perthuis.com\/wp-content\/uploads\/sites\/25\/2025\/01\/camping-lescale-du-perthuis-nature.webp\",\"datePublished\":\"2025-01-07T15:07:44+00:00\",\"dateModified\":\"2025-02-20T14:07:42+00:00\",\"description\":\"Ontdek de natuurlijke rijkdommen van de Vend\u00e9e: de Poitevin moerassen, de Pointe d'Ar\u00e7ay en de zoutpannen van Ile d'Olonne....\",\"breadcrumb\":{\"@id\":\"https:\/\/www.lescale-du-perthuis.com\/nl\/toerisme-natuurlijke-vendee\/#breadcrumb\"},\"inLanguage\":\"nl-NL\",\"potentialAction\":[{\"@type\":\"ReadAction\",\"target\":[\"https:\/\/www.lescale-du-perthuis.com\/nl\/toerisme-natuurlijke-vendee\/\"]}]},{\"@type\":\"ImageObject\",\"inLanguage\":\"nl-NL\",\"@id\":\"https:\/\/www.lescale-du-perthuis.com\/nl\/toerisme-natuurlijke-vendee\/#primaryimage\",\"url\":\"https:\/\/www.lescale-du-perthuis.com\/wp-content\/uploads\/sites\/25\/2025\/01\/camping-lescale-du-perthuis-nature.webp\",\"contentUrl\":\"https:\/\/www.lescale-du-perthuis.com\/wp-content\/uploads\/sites\/25\/2025\/01\/camping-lescale-du-perthuis-nature.webp\",\"width\":2500,\"height\":750,\"caption\":\"camping lescale du perthuis natuur\"},{\"@type\":\"BreadcrumbList\",\"@id\":\"https:\/\/www.lescale-du-perthuis.com\/nl\/toerisme-natuurlijke-vendee\/#breadcrumb\",\"itemListElement\":[{\"@type\":\"ListItem\",\"position\":1,\"name\":\"Kamperen in de Vend\u00e9e\",\"item\":\"https:\/\/www.lescale-du-perthuis.com\/nl\/\"},{\"@type\":\"ListItem\",\"position\":2,\"name\":\"Natuur in de Vend\u00e9e\"}]},{\"@type\":\"WebSite\",\"@id\":\"https:\/\/www.lescale-du-perthuis.com\/nl\/#website\",\"url\":\"https:\/\/www.lescale-du-perthuis.com\/nl\/\",\"name\":\"Camping L&#039;Escale de Perthuis\",\"description\":\"\",\"publisher\":{\"@id\":\"https:\/\/www.lescale-du-perthuis.com\/nl\/#organization\"},\"potentialAction\":[{\"@type\":\"SearchAction\",\"target\":{\"@type\":\"EntryPoint\",\"urlTemplate\":\"https:\/\/www.lescale-du-perthuis.com\/nl\/?s={search_term_string}\"},\"query-input\":{\"@type\":\"PropertyValueSpecification\",\"valueRequired\":true,\"valueName\":\"search_term_string\"}}],\"inLanguage\":\"nl-NL\"},{\"@type\":\"Organization\",\"@id\":\"https:\/\/www.lescale-du-perthuis.com\/nl\/#organization\",\"name\":\"Camping L&#039;Escale de Perthuis\",\"url\":\"https:\/\/www.lescale-du-perthuis.com\/nl\/\",\"logo\":{\"@type\":\"ImageObject\",\"inLanguage\":\"nl-NL\",\"@id\":\"https:\/\/www.lescale-du-perthuis.com\/nl\/#\/schema\/logo\/image\/\",\"url\":\"https:\/\/www.lescale-du-perthuis.com\/wp-content\/uploads\/sites\/25\/2024\/07\/cropped-logo_camping_l_escale_du_perthuis.png\",\"contentUrl\":\"https:\/\/www.lescale-du-perthuis.com\/wp-content\/uploads\/sites\/25\/2024\/07\/cropped-logo_camping_l_escale_du_perthuis.png\",\"width\":200,\"height\":321,\"caption\":\"Camping L&#039;Escale de Perthuis\"},\"image\":{\"@id\":\"https:\/\/www.lescale-du-perthuis.com\/nl\/#\/schema\/logo\/image\/\"}}]}<\/script>\n<!-- \/ Yoast SEO plugin. -->","yoast_head_json":{"title":"Camping in de Vend\u00e9e ideaal gelegen in het hart van de natuur","description":"Ontdek de natuurlijke rijkdommen van de Vend\u00e9e: de Poitevin moerassen, de Pointe d'Ar\u00e7ay en de zoutpannen van Ile d'Olonne....","robots":{"index":"index","follow":"follow","max-snippet":"max-snippet:-1","max-image-preview":"max-image-preview:large","max-video-preview":"max-video-preview:-1"},"canonical":"https:\/\/www.lescale-du-perthuis.com\/nl\/toerisme-natuurlijke-vendee\/","og_locale":"nl_NL","og_type":"article","og_title":"Camping in de Vend\u00e9e ideaal gelegen in het hart van de natuur","og_description":"Ontdek de natuurlijke rijkdommen van de Vend\u00e9e: de Poitevin moerassen, de Pointe d'Ar\u00e7ay en de zoutpannen van Ile d'Olonne....","og_url":"https:\/\/www.lescale-du-perthuis.com\/nl\/toerisme-natuurlijke-vendee\/","og_site_name":"Camping L&#039;Escale de Perthuis","article_modified_time":"2025-02-20T14:07:42+00:00","og_image":[{"width":2500,"height":750,"url":"https:\/\/www.lescale-du-perthuis.com\/wp-content\/uploads\/sites\/25\/2025\/01\/camping-lescale-du-perthuis-nature.webp","type":"image\/webp"}],"twitter_card":"summary_large_image","twitter_misc":{"Geschatte leestijd":"2 minuten"},"schema":{"@context":"https:\/\/schema.org","@graph":[{"@type":"WebPage","@id":"https:\/\/www.lescale-du-perthuis.com\/nl\/toerisme-natuurlijke-vendee\/","url":"https:\/\/www.lescale-du-perthuis.com\/nl\/toerisme-natuurlijke-vendee\/","name":"Camping in de Vend\u00e9e ideaal gelegen in het hart van de natuur","isPartOf":{"@id":"https:\/\/www.lescale-du-perthuis.com\/nl\/#website"},"primaryImageOfPage":{"@id":"https:\/\/www.lescale-du-perthuis.com\/nl\/toerisme-natuurlijke-vendee\/#primaryimage"},"image":{"@id":"https:\/\/www.lescale-du-perthuis.com\/nl\/toerisme-natuurlijke-vendee\/#primaryimage"},"thumbnailUrl":"https:\/\/www.lescale-du-perthuis.com\/wp-content\/uploads\/sites\/25\/2025\/01\/camping-lescale-du-perthuis-nature.webp","datePublished":"2025-01-07T15:07:44+00:00","dateModified":"2025-02-20T14:07:42+00:00","description":"Ontdek de natuurlijke rijkdommen van de Vend\u00e9e: de Poitevin moerassen, de Pointe d'Ar\u00e7ay en de zoutpannen van Ile d'Olonne....","breadcrumb":{"@id":"https:\/\/www.lescale-du-perthuis.com\/nl\/toerisme-natuurlijke-vendee\/#breadcrumb"},"inLanguage":"nl-NL","potentialAction":[{"@type":"ReadAction","target":["https:\/\/www.lescale-du-perthuis.com\/nl\/toerisme-natuurlijke-vendee\/"]}]},{"@type":"ImageObject","inLanguage":"nl-NL","@id":"https:\/\/www.lescale-du-perthuis.com\/nl\/toerisme-natuurlijke-vendee\/#primaryimage","url":"https:\/\/www.lescale-du-perthuis.com\/wp-content\/uploads\/sites\/25\/2025\/01\/camping-lescale-du-perthuis-nature.webp","contentUrl":"https:\/\/www.lescale-du-perthuis.com\/wp-content\/uploads\/sites\/25\/2025\/01\/camping-lescale-du-perthuis-nature.webp","width":2500,"height":750,"caption":"camping lescale du perthuis natuur"},{"@type":"BreadcrumbList","@id":"https:\/\/www.lescale-du-perthuis.com\/nl\/toerisme-natuurlijke-vendee\/#breadcrumb","itemListElement":[{"@type":"ListItem","position":1,"name":"Kamperen in de Vend\u00e9e","item":"https:\/\/www.lescale-du-perthuis.com\/nl\/"},{"@type":"ListItem","position":2,"name":"Natuur in de Vend\u00e9e"}]},{"@type":"WebSite","@id":"https:\/\/www.lescale-du-perthuis.com\/nl\/#website","url":"https:\/\/www.lescale-du-perthuis.com\/nl\/","name":"Camping L&#039;Escale de Perthuis","description":"","publisher":{"@id":"https:\/\/www.lescale-du-perthuis.com\/nl\/#organization"},"potentialAction":[{"@type":"SearchAction","target":{"@type":"EntryPoint","urlTemplate":"https:\/\/www.lescale-du-perthuis.com\/nl\/?s={search_term_string}"},"query-input":{"@type":"PropertyValueSpecification","valueRequired":true,"valueName":"search_term_string"}}],"inLanguage":"nl-NL"},{"@type":"Organization","@id":"https:\/\/www.lescale-du-perthuis.com\/nl\/#organization","name":"Camping L&#039;Escale de Perthuis","url":"https:\/\/www.lescale-du-perthuis.com\/nl\/","logo":{"@type":"ImageObject","inLanguage":"nl-NL","@id":"https:\/\/www.lescale-du-perthuis.com\/nl\/#\/schema\/logo\/image\/","url":"https:\/\/www.lescale-du-perthuis.com\/wp-content\/uploads\/sites\/25\/2024\/07\/cropped-logo_camping_l_escale_du_perthuis.png","contentUrl":"https:\/\/www.lescale-du-perthuis.com\/wp-content\/uploads\/sites\/25\/2024\/07\/cropped-logo_camping_l_escale_du_perthuis.png","width":200,"height":321,"caption":"Camping L&#039;Escale de Perthuis"},"image":{"@id":"https:\/\/www.lescale-du-perthuis.com\/nl\/#\/schema\/logo\/image\/"}}]}},"_links":{"self":[{"href":"https:\/\/www.lescale-du-perthuis.com\/nl\/wp-json\/wp\/v2\/pages\/1920","targetHints":{"allow":["GET"]}}],"collection":[{"href":"https:\/\/www.lescale-du-perthuis.com\/nl\/wp-json\/wp\/v2\/pages"}],"about":[{"href":"https:\/\/www.lescale-du-perthuis.com\/nl\/wp-json\/wp\/v2\/types\/page"}],"author":[{"embeddable":true,"href":"https:\/\/www.lescale-du-perthuis.com\/nl\/wp-json\/wp\/v2\/users\/1"}],"replies":[{"embeddable":true,"href":"https:\/\/www.lescale-du-perthuis.com\/nl\/wp-json\/wp\/v2\/comments?post=1920"}],"version-history":[{"count":5,"href":"https:\/\/www.lescale-du-perthuis.com\/nl\/wp-json\/wp\/v2\/pages\/1920\/revisions"}],"predecessor-version":[{"id":2307,"href":"https:\/\/www.lescale-du-perthuis.com\/nl\/wp-json\/wp\/v2\/pages\/1920\/revisions\/2307"}],"wp:featuredmedia":[{"embeddable":true,"href":"https:\/\/www.lescale-du-perthuis.com\/nl\/wp-json\/wp\/v2\/media\/892"}],"wp:attachment":[{"href":"https:\/\/www.lescale-du-perthuis.com\/nl\/wp-json\/wp\/v2\/media?parent=1920"}],"wp:term":[{"taxonomy":"sujet","embeddable":true,"href":"https:\/\/www.lescale-du-perthuis.com\/nl\/wp-json\/wp\/v2\/sujet?post=1920"}],"curies":[{"name":"wp","href":"https:\/\/api.w.org\/{rel}","templated":true}]}}