{"id":1928,"date":"2025-01-07T15:04:53","date_gmt":"2025-01-07T15:04:53","guid":{"rendered":"https:\/\/www.lescale-du-perthuis.com\/toerisme-vendee\/"},"modified":"2025-02-20T14:06:44","modified_gmt":"2025-02-20T14:06:44","slug":"toerisme-vendee","status":"publish","type":"page","link":"https:\/\/www.lescale-du-perthuis.com\/nl\/toerisme-vendee\/","title":{"rendered":"Ontdek de Vend\u00e9e"},"content":{"rendered":"<section id=\"ls-section-block_56669ca7f6f2c2998cd3d0b809b259d2\" class=\"ls-section  page-one has-background has-color-4-background-color has-m-t m-t-0 has-m-b m-b-0 has-p-t p-t-14 has-p-b p-b-14\" >\r\n        <div class=\"container container--wide\">\r\n        \n\n<div class=\"wp-block-columns is-layout-flex wp-container-core-columns-is-layout-1 wp-block-columns-is-layout-flex\">\n<div class=\"wp-block-column is-vertically-aligned-center animated fadeInLeft delay-100ms slow is-layout-flow wp-block-column-is-layout-flow\" style=\"flex-basis:45%\">\n<figure class=\"wp-block-embed is-type-video is-provider-youtube wp-block-embed-youtube wp-embed-aspect-4-3 wp-has-aspect-ratio\"><div class=\"wp-block-embed__wrapper\">\n<iframe loading=\"lazy\" title=\"En Vend\u00e9e, la Nature va vous surprendre !\" width=\"500\" height=\"281\" src=\"https:\/\/www.youtube.com\/embed\/2zKbacIePC0?feature=oembed\" frameborder=\"0\" allow=\"accelerometer; autoplay; clipboard-write; encrypted-media; gyroscope; picture-in-picture; web-share\" referrerpolicy=\"strict-origin-when-cross-origin\" allowfullscreen><\/iframe>\n<\/div><\/figure>\n\n\n\n<p class=\"ls-paragraph\">Vend\u00e9e, La C\u00f4te de Lumi\u00e8re: een uitbarsting van natuur, gouden stranden en onvergetelijke momenten vanaf <a href=\"https:\/\/www.lescale-du-perthuis.com\/nl\/\">camping l&#8217;Escale du Perthuis<\/a>.<\/p>\n<\/div>\n\n\n\n<div class=\"wp-block-column is-vertically-aligned-center animated fadeInRight slow is-layout-flow wp-block-column-is-layout-flow\" style=\"flex-basis:55%\">\n<h1 class=\"ls__heading wp-block-heading\">Verblijf in de Vend\u00e9e<\/h1>\n\n\n\n<h2 class=\"ls__heading wp-block-heading\">Wat te zien in de Vend\u00e9e<\/h2>\n\n\n\n<p class=\"ls-paragraph\"><strong>Welkom in de Vend\u00e9e<\/strong>, een ideale vakantiebestemming met zoveel plaatsen om te ontdekken!  <\/p>\n\n\n\n<p class=\"ls-paragraph\">Ontdek tijdens uw verblijf in een <a href=\"https:\/\/www.lescale-du-perthuis.com\/nl\/huren-mobil-home-vendee\/\">stacaravan<\/a> in La Tranche sur Mer de charme van de <strong>stranden van Les Sables-d&#8217;Olonne en Saint-Jean-de-Monts,<\/strong> ideaal om de oceaan te bewonderen. <\/p>\n\n\n\n<p class=\"ls-paragraph\">Trek eropuit om <a href=\"https:\/\/www.lescale-du-perthuis.com\/nl\/toerisme-eilanden-vendee\/\">eilanden<\/a> te veroveren zoals<strong> het \u00cele de Noirmoutier<\/strong>, beroemd om zijn <strong>Passage du Gois en zijn natuurlijke landschappen<\/strong>. <strong>Het \u00cele d&#8217;Yeu<\/strong> zal je veroveren met zijn <strong>steile kliffen en oude kasteel<\/strong>. <\/p>\n\n\n\n<p class=\"ls-paragraph\">Maak een wandeling door de<strong> Marais Poitevin<\/strong>, bijgenaamd<strong>&#8220;La Venise Verte&#8221; (Groen Veneti\u00eb<\/strong>), en dompel jezelf onder in de natuur. Mis de charmante dorpjes van Vouvant niet, dat op de lijst van de mooiste dorpjes van Frankrijk staat, of Fontenay-le-Comte, met zijn rijke renaissance-erfgoed. <\/p>\n<\/div>\n<\/div>\n\n\r\n    <\/div>\r\n<\/section><section id=\"ls-section-block_b82e668dc4de537a56c354389c1a2f99\" class=\"ls-section  home-gallery has-background has-color-4-background-color has-m-t m-t-0 has-p-t p-t-0\" >\r\n        <div class=\"container container--full\">\r\n        \n\n<figure class=\"wp-block-gallery has-nested-images columns-1 is-cropped galerie-slider-container wp-block-gallery-1 is-layout-flex wp-block-gallery-is-layout-flex\">\n<figure class=\"wp-block-image size-full\"><a href=\"http:\/\/www.lescale-du-perthuis.com\/wp-content\/uploads\/sites\/25\/2025\/01\/camping-lescale-du-perthuis-en-vendee-phare.webp\"><img loading=\"lazy\" decoding=\"async\" width=\"1000\" height=\"750\" src=\"http:\/\/www.lescale-du-perthuis.com\/wp-content\/uploads\/sites\/25\/2025\/01\/camping-lescale-du-perthuis-en-vendee-phare.webp\" alt=\"camping lescale du perthuis in vendee phare\" class=\"wp-image-1080\" srcset=\"https:\/\/www.lescale-du-perthuis.com\/wp-content\/uploads\/sites\/25\/2025\/01\/camping-lescale-du-perthuis-en-vendee-phare.webp 1000w, https:\/\/www.lescale-du-perthuis.com\/wp-content\/uploads\/sites\/25\/2025\/01\/camping-lescale-du-perthuis-en-vendee-phare-300x225.webp 300w, https:\/\/www.lescale-du-perthuis.com\/wp-content\/uploads\/sites\/25\/2025\/01\/camping-lescale-du-perthuis-en-vendee-phare-768x576.webp 768w\" sizes=\"auto, (max-width: 1000px) 100vw, 1000px\" \/><\/a><\/figure>\n\n\n\n<figure class=\"wp-block-image size-full\"><a href=\"http:\/\/www.lescale-du-perthuis.com\/wp-content\/uploads\/sites\/25\/2025\/01\/camping-lescale-du-perthuis-en-vendee-aquarium.webp\"><img loading=\"lazy\" decoding=\"async\" width=\"1000\" height=\"750\" src=\"http:\/\/www.lescale-du-perthuis.com\/wp-content\/uploads\/sites\/25\/2025\/01\/camping-lescale-du-perthuis-en-vendee-aquarium.webp\" alt=\"lescale du perthuis camping in vendee aquarium\" class=\"wp-image-1012\" srcset=\"https:\/\/www.lescale-du-perthuis.com\/wp-content\/uploads\/sites\/25\/2025\/01\/camping-lescale-du-perthuis-en-vendee-aquarium.webp 1000w, https:\/\/www.lescale-du-perthuis.com\/wp-content\/uploads\/sites\/25\/2025\/01\/camping-lescale-du-perthuis-en-vendee-aquarium-300x225.webp 300w, https:\/\/www.lescale-du-perthuis.com\/wp-content\/uploads\/sites\/25\/2025\/01\/camping-lescale-du-perthuis-en-vendee-aquarium-768x576.webp 768w\" sizes=\"auto, (max-width: 1000px) 100vw, 1000px\" \/><\/a><\/figure>\n\n\n\n<figure class=\"wp-block-image size-full\"><a href=\"http:\/\/www.lescale-du-perthuis.com\/wp-content\/uploads\/sites\/25\/2025\/01\/camping-lescale-du-perthuis-en-vendee-ville.webp\"><img loading=\"lazy\" decoding=\"async\" width=\"1000\" height=\"750\" src=\"http:\/\/www.lescale-du-perthuis.com\/wp-content\/uploads\/sites\/25\/2025\/01\/camping-lescale-du-perthuis-en-vendee-ville.webp\" alt=\"camping lescale du perthuis in vendee ville\" class=\"wp-image-1156\" srcset=\"https:\/\/www.lescale-du-perthuis.com\/wp-content\/uploads\/sites\/25\/2025\/01\/camping-lescale-du-perthuis-en-vendee-ville.webp 1000w, https:\/\/www.lescale-du-perthuis.com\/wp-content\/uploads\/sites\/25\/2025\/01\/camping-lescale-du-perthuis-en-vendee-ville-300x225.webp 300w, https:\/\/www.lescale-du-perthuis.com\/wp-content\/uploads\/sites\/25\/2025\/01\/camping-lescale-du-perthuis-en-vendee-ville-768x576.webp 768w\" sizes=\"auto, (max-width: 1000px) 100vw, 1000px\" \/><\/a><\/figure>\n<\/figure>\n\n\r\n    <\/div>\r\n<\/section><section id=\"ls-section-block_8f9176d652befe107c7b6c350aaa0293\" class=\"ls-section  page-one aventure\" >\r\n        <div class=\"container container--wide\">\r\n        \n\n<div class=\"wp-block-columns is-layout-flex wp-container-core-columns-is-layout-2 wp-block-columns-is-layout-flex\">\n<div class=\"wp-block-column first animated fadeInLeft delay-100ms slow is-layout-flow wp-block-column-is-layout-flow\" style=\"flex-basis:45%\">\n<figure class=\"wp-block-image size-full\"><a href=\"http:\/\/www.lescale-du-perthuis.com\/wp-content\/uploads\/sites\/25\/2025\/01\/camping-lescale-du-perthuis-en-vendee-spectacle-rapace.webp\"><img loading=\"lazy\" decoding=\"async\" width=\"1000\" height=\"750\" src=\"http:\/\/www.lescale-du-perthuis.com\/wp-content\/uploads\/sites\/25\/2025\/01\/camping-lescale-du-perthuis-en-vendee-spectacle-rapace.webp\" alt=\"camping lescale du perthuis in vendee roofvogelshow\" class=\"wp-image-1144\" srcset=\"https:\/\/www.lescale-du-perthuis.com\/wp-content\/uploads\/sites\/25\/2025\/01\/camping-lescale-du-perthuis-en-vendee-spectacle-rapace.webp 1000w, https:\/\/www.lescale-du-perthuis.com\/wp-content\/uploads\/sites\/25\/2025\/01\/camping-lescale-du-perthuis-en-vendee-spectacle-rapace-300x225.webp 300w, https:\/\/www.lescale-du-perthuis.com\/wp-content\/uploads\/sites\/25\/2025\/01\/camping-lescale-du-perthuis-en-vendee-spectacle-rapace-768x576.webp 768w\" sizes=\"auto, (max-width: 1000px) 100vw, 1000px\" \/><\/a><\/figure>\n<\/div>\n\n\n\n<div class=\"wp-block-column is-vertically-aligned-center second animated fadeInRight slow is-layout-flow wp-block-column-is-layout-flow\" style=\"flex-basis:55%\">\n<div id=\"ls-heading ls-titre-div-block_d0d3dfac93d8a2e83408c437e7baa842\" class=\"ls-titre-div border h1-like\" >\n    Beleef het Vend\u00e9eterre van<em>de ontsnapping<\/em><\/div>\n\n\n\n<h2 class=\"ls__heading wp-block-heading has-text-align-left\">Wat te doen in de Vend\u00e9e<\/h2>\n\n\n\n<p class=\"ls-paragraph\">In de Vend\u00e9e valt er voor jong en oud van <a href=\"https:\/\/www.lescale-du-perthuis.com\/nl\/camping-animaties-la-tranche-sur-mer\/\">alles<\/a> te ontdekken tijdens je kampeervakantie bij l&#8217;Escale du Perthuis in La Tranche sur Mer. <\/p>\n\n\n\n<p class=\"ls-paragraph\">Dompel jezelf onder in de fascinerende wereld van <a href=\"https:\/\/www.lescale-du-perthuis.com\/nl\/toerisme-puy-du-fou\/\">Puy du Fou<\/a>, een wereldberoemd themapark. Probeer watersporten of ontspan op de stranden van La Tranche-sur-Mer.  <\/p>\n\n\n\n<p class=\"ls-paragraph\">Neem de <strong>fietspaden door het Marais Poitevin<\/strong> of de kustbossen. Neem het roer van een zeilboot voor een unieke <a href=\"https:\/\/www.lescale-du-perthuis.com\/nl\/toerisme-la-tranche-sur-mer\/\">zeilervaring<\/a>.  <\/p>\n\n\n\n<p class=\"ls-paragraph\">Probeer ten slotte een levensgroot ontsnappingsspel in de ru\u00efnes van een middeleeuws kasteel, een unieke ervaring voor het hele gezin.<\/p>\n<\/div>\n<\/div>\n\n\r\n    <\/div>\r\n<\/section><section id=\"ls-section-block_22fd07c3f150b584bf6edb7e6f43d1d5\" class=\"ls-section  page-maillage experience has-m-t m-t-0 has-p-t p-t-10\" >\r\n        <div class=\"container container--wide\">\r\n        \n\n<div id=\"ls-heading ls-titre-div-block_3f60ce653642a6307163390d576dc188\" class=\"ls-titre-div aligncenter h2-like\" >\n    <strong>De Vend\u00e9e <\/strong>wacht op u<\/div>\n\n\n<div id=\"ls-maillage-block_0ddd8b8bce2170002177260a2fff2818\" class=\"ls-maillage cta-style-normal\" data-rows=\"3\">\n    <div class=\"wp-block-columns\"><div class=\"wp-block-column\"><div id=\"destinations\" class=\"ls-cta\">\n\n<a href=\"https:\/\/www.lescale-du-perthuis.com\/nl\/toerisme-natuurlijke-vendee\/\" target=\"\" rel=\"noopener\" class=\"ls-cta__link\">\n\n\t<div class=\"ls-cta__image\"><img decoding=\"async\" src=\"https:\/\/www.lescale-du-perthuis.com\/wp-content\/uploads\/sites\/25\/2025\/01\/camping-lescale-du-perthuis-nature.webp\" alt=\"camping lescale du perthuis natuur\"><\/div>\n\t<div class=\"ls-cta__title\">\n\t\tNatuurlijke zijkanten\t<\/div>\n\n\t\t\n<\/a><\/div><\/div><div class=\"wp-block-column\"><div id=\"destinations\" class=\"ls-cta\">\n\n<a href=\"https:\/\/www.lescale-du-perthuis.com\/nl\/toerisme-dierentuin-sables-d-olonne\/\" target=\"\" rel=\"noopener\" class=\"ls-cta__link\">\n\n\t<div class=\"ls-cta__image\"><img decoding=\"async\" src=\"https:\/\/www.lescale-du-perthuis.com\/wp-content\/uploads\/sites\/25\/2025\/01\/camping-en-vendee-zoo.webp\" alt=\"kamperen in de dierentuin van vendee\"><\/div>\n\t<div class=\"ls-cta__title\">\n\t\tDierentuin Les sables d&#8217;olonne\t<\/div>\n\n\t\t\n<\/a><\/div><\/div><div class=\"wp-block-column\"><div id=\"destinations\" class=\"ls-cta\">\n\n<a href=\"https:\/\/www.lescale-du-perthuis.com\/nl\/toerisme-eilanden-vendee\/\" target=\"\" rel=\"noopener\" class=\"ls-cta__link\">\n\n\t<div class=\"ls-cta__image\"><img decoding=\"async\" src=\"https:\/\/www.lescale-du-perthuis.com\/wp-content\/uploads\/sites\/25\/2025\/01\/4-H.Marcou.-La-Baie-des-Sables-dOlonne_1-scaled.webp\" alt=\"4 H.Marcou. De baai van Sables d'Olonne 1\"><\/div>\n\t<div class=\"ls-cta__title\">\n\t\tDe eilanden\t<\/div>\n\n\t\t\n<\/a><\/div><\/div><\/div><\/div>\n\r\n    <\/div>\r\n<\/section>","protected":false},"excerpt":{"rendered":"","protected":false},"author":1,"featured_media":1345,"parent":0,"menu_order":0,"comment_status":"closed","ping_status":"closed","template":"","meta":{"_acf_changed":false,"footnotes":""},"sujet":[],"class_list":["post-1928","page","type-page","status-publish","has-post-thumbnail","hentry"],"acf":[],"yoast_head":"<!-- This site is optimized with the Yoast SEO plugin v23.9 - https:\/\/yoast.com\/wordpress\/plugins\/seo\/ -->\n<title>Ontdek de Vend\u00e9e vanaf onze 4-sterren camping<\/title>\n<meta name=\"description\" content=\"De Vend\u00e9e is een zeer vermakelijke toeristische bestemming met een schat aan attracties. Ontdek de adembenemende landschappen vanaf de 4-sterren camping.\" \/>\n<meta name=\"robots\" content=\"index, follow, max-snippet:-1, max-image-preview:large, max-video-preview:-1\" \/>\n<link rel=\"canonical\" href=\"https:\/\/www.lescale-du-perthuis.com\/nl\/toerisme-vendee\/\" \/>\n<meta property=\"og:locale\" content=\"nl_NL\" \/>\n<meta property=\"og:type\" content=\"article\" \/>\n<meta property=\"og:title\" content=\"Ontdek de Vend\u00e9e vanaf onze 4-sterren camping\" \/>\n<meta property=\"og:description\" content=\"De Vend\u00e9e is een zeer vermakelijke toeristische bestemming met een schat aan attracties. Ontdek de adembenemende landschappen vanaf de 4-sterren camping.\" \/>\n<meta property=\"og:url\" content=\"https:\/\/www.lescale-du-perthuis.com\/nl\/toerisme-vendee\/\" \/>\n<meta property=\"og:site_name\" content=\"Camping L&#039;Escale de Perthuis\" \/>\n<meta property=\"article:modified_time\" content=\"2025-02-20T14:06:44+00:00\" \/>\n<meta property=\"og:image\" content=\"https:\/\/www.lescale-du-perthuis.com\/wp-content\/uploads\/sites\/25\/2025\/01\/Design-sans-titre-24.webp\" \/>\n\t<meta property=\"og:image:width\" content=\"2500\" \/>\n\t<meta property=\"og:image:height\" content=\"750\" \/>\n\t<meta property=\"og:image:type\" content=\"image\/webp\" \/>\n<meta name=\"twitter:card\" content=\"summary_large_image\" \/>\n<meta name=\"twitter:label1\" content=\"Geschatte leestijd\" \/>\n\t<meta name=\"twitter:data1\" content=\"1 minuut\" \/>\n<script type=\"application\/ld+json\" class=\"yoast-schema-graph\">{\"@context\":\"https:\/\/schema.org\",\"@graph\":[{\"@type\":\"WebPage\",\"@id\":\"https:\/\/www.lescale-du-perthuis.com\/nl\/toerisme-vendee\/\",\"url\":\"https:\/\/www.lescale-du-perthuis.com\/nl\/toerisme-vendee\/\",\"name\":\"Ontdek de Vend\u00e9e vanaf onze 4-sterren camping\",\"isPartOf\":{\"@id\":\"https:\/\/www.lescale-du-perthuis.com\/nl\/#website\"},\"primaryImageOfPage\":{\"@id\":\"https:\/\/www.lescale-du-perthuis.com\/nl\/toerisme-vendee\/#primaryimage\"},\"image\":{\"@id\":\"https:\/\/www.lescale-du-perthuis.com\/nl\/toerisme-vendee\/#primaryimage\"},\"thumbnailUrl\":\"https:\/\/www.lescale-du-perthuis.com\/wp-content\/uploads\/sites\/25\/2025\/01\/Design-sans-titre-24.webp\",\"datePublished\":\"2025-01-07T15:04:53+00:00\",\"dateModified\":\"2025-02-20T14:06:44+00:00\",\"description\":\"De Vend\u00e9e is een zeer vermakelijke toeristische bestemming met een schat aan attracties. Ontdek de adembenemende landschappen vanaf de 4-sterren camping.\",\"breadcrumb\":{\"@id\":\"https:\/\/www.lescale-du-perthuis.com\/nl\/toerisme-vendee\/#breadcrumb\"},\"inLanguage\":\"nl-NL\",\"potentialAction\":[{\"@type\":\"ReadAction\",\"target\":[\"https:\/\/www.lescale-du-perthuis.com\/nl\/toerisme-vendee\/\"]}]},{\"@type\":\"ImageObject\",\"inLanguage\":\"nl-NL\",\"@id\":\"https:\/\/www.lescale-du-perthuis.com\/nl\/toerisme-vendee\/#primaryimage\",\"url\":\"https:\/\/www.lescale-du-perthuis.com\/wp-content\/uploads\/sites\/25\/2025\/01\/Design-sans-titre-24.webp\",\"contentUrl\":\"https:\/\/www.lescale-du-perthuis.com\/wp-content\/uploads\/sites\/25\/2025\/01\/Design-sans-titre-24.webp\",\"width\":2500,\"height\":750,\"caption\":\"ontdek de verkoper\"},{\"@type\":\"BreadcrumbList\",\"@id\":\"https:\/\/www.lescale-du-perthuis.com\/nl\/toerisme-vendee\/#breadcrumb\",\"itemListElement\":[{\"@type\":\"ListItem\",\"position\":1,\"name\":\"Kamperen in de Vend\u00e9e\",\"item\":\"https:\/\/www.lescale-du-perthuis.com\/nl\/\"},{\"@type\":\"ListItem\",\"position\":2,\"name\":\"Ontdek de Vend\u00e9e\"}]},{\"@type\":\"WebSite\",\"@id\":\"https:\/\/www.lescale-du-perthuis.com\/nl\/#website\",\"url\":\"https:\/\/www.lescale-du-perthuis.com\/nl\/\",\"name\":\"Camping L&#039;Escale de Perthuis\",\"description\":\"\",\"publisher\":{\"@id\":\"https:\/\/www.lescale-du-perthuis.com\/nl\/#organization\"},\"potentialAction\":[{\"@type\":\"SearchAction\",\"target\":{\"@type\":\"EntryPoint\",\"urlTemplate\":\"https:\/\/www.lescale-du-perthuis.com\/nl\/?s={search_term_string}\"},\"query-input\":{\"@type\":\"PropertyValueSpecification\",\"valueRequired\":true,\"valueName\":\"search_term_string\"}}],\"inLanguage\":\"nl-NL\"},{\"@type\":\"Organization\",\"@id\":\"https:\/\/www.lescale-du-perthuis.com\/nl\/#organization\",\"name\":\"Camping L&#039;Escale de Perthuis\",\"url\":\"https:\/\/www.lescale-du-perthuis.com\/nl\/\",\"logo\":{\"@type\":\"ImageObject\",\"inLanguage\":\"nl-NL\",\"@id\":\"https:\/\/www.lescale-du-perthuis.com\/nl\/#\/schema\/logo\/image\/\",\"url\":\"https:\/\/www.lescale-du-perthuis.com\/wp-content\/uploads\/sites\/25\/2024\/07\/cropped-logo_camping_l_escale_du_perthuis.png\",\"contentUrl\":\"https:\/\/www.lescale-du-perthuis.com\/wp-content\/uploads\/sites\/25\/2024\/07\/cropped-logo_camping_l_escale_du_perthuis.png\",\"width\":200,\"height\":321,\"caption\":\"Camping L&#039;Escale de Perthuis\"},\"image\":{\"@id\":\"https:\/\/www.lescale-du-perthuis.com\/nl\/#\/schema\/logo\/image\/\"}}]}<\/script>\n<!-- \/ Yoast SEO plugin. -->","yoast_head_json":{"title":"Ontdek de Vend\u00e9e vanaf onze 4-sterren camping","description":"De Vend\u00e9e is een zeer vermakelijke toeristische bestemming met een schat aan attracties. Ontdek de adembenemende landschappen vanaf de 4-sterren camping.","robots":{"index":"index","follow":"follow","max-snippet":"max-snippet:-1","max-image-preview":"max-image-preview:large","max-video-preview":"max-video-preview:-1"},"canonical":"https:\/\/www.lescale-du-perthuis.com\/nl\/toerisme-vendee\/","og_locale":"nl_NL","og_type":"article","og_title":"Ontdek de Vend\u00e9e vanaf onze 4-sterren camping","og_description":"De Vend\u00e9e is een zeer vermakelijke toeristische bestemming met een schat aan attracties. Ontdek de adembenemende landschappen vanaf de 4-sterren camping.","og_url":"https:\/\/www.lescale-du-perthuis.com\/nl\/toerisme-vendee\/","og_site_name":"Camping L&#039;Escale de Perthuis","article_modified_time":"2025-02-20T14:06:44+00:00","og_image":[{"width":2500,"height":750,"url":"https:\/\/www.lescale-du-perthuis.com\/wp-content\/uploads\/sites\/25\/2025\/01\/Design-sans-titre-24.webp","type":"image\/webp"}],"twitter_card":"summary_large_image","twitter_misc":{"Geschatte leestijd":"1 minuut"},"schema":{"@context":"https:\/\/schema.org","@graph":[{"@type":"WebPage","@id":"https:\/\/www.lescale-du-perthuis.com\/nl\/toerisme-vendee\/","url":"https:\/\/www.lescale-du-perthuis.com\/nl\/toerisme-vendee\/","name":"Ontdek de Vend\u00e9e vanaf onze 4-sterren camping","isPartOf":{"@id":"https:\/\/www.lescale-du-perthuis.com\/nl\/#website"},"primaryImageOfPage":{"@id":"https:\/\/www.lescale-du-perthuis.com\/nl\/toerisme-vendee\/#primaryimage"},"image":{"@id":"https:\/\/www.lescale-du-perthuis.com\/nl\/toerisme-vendee\/#primaryimage"},"thumbnailUrl":"https:\/\/www.lescale-du-perthuis.com\/wp-content\/uploads\/sites\/25\/2025\/01\/Design-sans-titre-24.webp","datePublished":"2025-01-07T15:04:53+00:00","dateModified":"2025-02-20T14:06:44+00:00","description":"De Vend\u00e9e is een zeer vermakelijke toeristische bestemming met een schat aan attracties. Ontdek de adembenemende landschappen vanaf de 4-sterren camping.","breadcrumb":{"@id":"https:\/\/www.lescale-du-perthuis.com\/nl\/toerisme-vendee\/#breadcrumb"},"inLanguage":"nl-NL","potentialAction":[{"@type":"ReadAction","target":["https:\/\/www.lescale-du-perthuis.com\/nl\/toerisme-vendee\/"]}]},{"@type":"ImageObject","inLanguage":"nl-NL","@id":"https:\/\/www.lescale-du-perthuis.com\/nl\/toerisme-vendee\/#primaryimage","url":"https:\/\/www.lescale-du-perthuis.com\/wp-content\/uploads\/sites\/25\/2025\/01\/Design-sans-titre-24.webp","contentUrl":"https:\/\/www.lescale-du-perthuis.com\/wp-content\/uploads\/sites\/25\/2025\/01\/Design-sans-titre-24.webp","width":2500,"height":750,"caption":"ontdek de verkoper"},{"@type":"BreadcrumbList","@id":"https:\/\/www.lescale-du-perthuis.com\/nl\/toerisme-vendee\/#breadcrumb","itemListElement":[{"@type":"ListItem","position":1,"name":"Kamperen in de Vend\u00e9e","item":"https:\/\/www.lescale-du-perthuis.com\/nl\/"},{"@type":"ListItem","position":2,"name":"Ontdek de Vend\u00e9e"}]},{"@type":"WebSite","@id":"https:\/\/www.lescale-du-perthuis.com\/nl\/#website","url":"https:\/\/www.lescale-du-perthuis.com\/nl\/","name":"Camping L&#039;Escale de Perthuis","description":"","publisher":{"@id":"https:\/\/www.lescale-du-perthuis.com\/nl\/#organization"},"potentialAction":[{"@type":"SearchAction","target":{"@type":"EntryPoint","urlTemplate":"https:\/\/www.lescale-du-perthuis.com\/nl\/?s={search_term_string}"},"query-input":{"@type":"PropertyValueSpecification","valueRequired":true,"valueName":"search_term_string"}}],"inLanguage":"nl-NL"},{"@type":"Organization","@id":"https:\/\/www.lescale-du-perthuis.com\/nl\/#organization","name":"Camping L&#039;Escale de Perthuis","url":"https:\/\/www.lescale-du-perthuis.com\/nl\/","logo":{"@type":"ImageObject","inLanguage":"nl-NL","@id":"https:\/\/www.lescale-du-perthuis.com\/nl\/#\/schema\/logo\/image\/","url":"https:\/\/www.lescale-du-perthuis.com\/wp-content\/uploads\/sites\/25\/2024\/07\/cropped-logo_camping_l_escale_du_perthuis.png","contentUrl":"https:\/\/www.lescale-du-perthuis.com\/wp-content\/uploads\/sites\/25\/2024\/07\/cropped-logo_camping_l_escale_du_perthuis.png","width":200,"height":321,"caption":"Camping L&#039;Escale de Perthuis"},"image":{"@id":"https:\/\/www.lescale-du-perthuis.com\/nl\/#\/schema\/logo\/image\/"}}]}},"_links":{"self":[{"href":"https:\/\/www.lescale-du-perthuis.com\/nl\/wp-json\/wp\/v2\/pages\/1928","targetHints":{"allow":["GET"]}}],"collection":[{"href":"https:\/\/www.lescale-du-perthuis.com\/nl\/wp-json\/wp\/v2\/pages"}],"about":[{"href":"https:\/\/www.lescale-du-perthuis.com\/nl\/wp-json\/wp\/v2\/types\/page"}],"author":[{"embeddable":true,"href":"https:\/\/www.lescale-du-perthuis.com\/nl\/wp-json\/wp\/v2\/users\/1"}],"replies":[{"embeddable":true,"href":"https:\/\/www.lescale-du-perthuis.com\/nl\/wp-json\/wp\/v2\/comments?post=1928"}],"version-history":[{"count":4,"href":"https:\/\/www.lescale-du-perthuis.com\/nl\/wp-json\/wp\/v2\/pages\/1928\/revisions"}],"predecessor-version":[{"id":2304,"href":"https:\/\/www.lescale-du-perthuis.com\/nl\/wp-json\/wp\/v2\/pages\/1928\/revisions\/2304"}],"wp:featuredmedia":[{"embeddable":true,"href":"https:\/\/www.lescale-du-perthuis.com\/nl\/wp-json\/wp\/v2\/media\/1345"}],"wp:attachment":[{"href":"https:\/\/www.lescale-du-perthuis.com\/nl\/wp-json\/wp\/v2\/media?parent=1928"}],"wp:term":[{"taxonomy":"sujet","embeddable":true,"href":"https:\/\/www.lescale-du-perthuis.com\/nl\/wp-json\/wp\/v2\/sujet?post=1928"}],"curies":[{"name":"wp","href":"https:\/\/api.w.org\/{rel}","templated":true}]}}