{"id":1946,"date":"2024-07-30T07:43:38","date_gmt":"2024-07-30T07:43:38","guid":{"rendered":"https:\/\/www.lescale-du-perthuis.com\/camping-groepen-vendee\/"},"modified":"2025-03-12T11:07:12","modified_gmt":"2025-03-12T11:07:12","slug":"camping-groepen-vendee","status":"publish","type":"page","link":"https:\/\/www.lescale-du-perthuis.com\/nl\/camping-groepen-vendee\/","title":{"rendered":"Groepen en ondernemingsraden"},"content":{"rendered":"<section id=\"ls-section-block_86989cd598e4a7930a9068c8272c998d\" class=\"ls-section  page-one has-background has-color-4-background-color has-m-t m-t-0 has-m-b m-b-0 has-p-t p-t-14 has-p-b p-b-14\" >\r\n        <div class=\"container container--wide\">\r\n        \n\n<div class=\"wp-block-columns is-layout-flex wp-container-core-columns-is-layout-1 wp-block-columns-is-layout-flex\">\n<div class=\"wp-block-column animated fadeInLeft delay-100ms slow is-layout-flow wp-block-column-is-layout-flow\" style=\"flex-basis:45%\">\n<figure class=\"wp-block-image size-full\"><a href=\"https:\/\/www.lescale-du-perthuis.com\/wp-content\/uploads\/sites\/25\/2025\/03\/caeca187-e274-4ac7-a06b-69a5205853ce.jpg\"><img loading=\"lazy\" decoding=\"async\" width=\"2560\" height=\"1707\" src=\"https:\/\/www.lescale-du-perthuis.com\/wp-content\/uploads\/sites\/25\/2025\/03\/caeca187-e274-4ac7-a06b-69a5205853ce.jpg\" alt=\"\" class=\"wp-image-2379\" srcset=\"https:\/\/www.lescale-du-perthuis.com\/wp-content\/uploads\/sites\/25\/2025\/03\/caeca187-e274-4ac7-a06b-69a5205853ce.jpg 2560w, https:\/\/www.lescale-du-perthuis.com\/wp-content\/uploads\/sites\/25\/2025\/03\/caeca187-e274-4ac7-a06b-69a5205853ce-300x200.jpg 300w, https:\/\/www.lescale-du-perthuis.com\/wp-content\/uploads\/sites\/25\/2025\/03\/caeca187-e274-4ac7-a06b-69a5205853ce-1024x683.jpg 1024w, https:\/\/www.lescale-du-perthuis.com\/wp-content\/uploads\/sites\/25\/2025\/03\/caeca187-e274-4ac7-a06b-69a5205853ce-768x512.jpg 768w, https:\/\/www.lescale-du-perthuis.com\/wp-content\/uploads\/sites\/25\/2025\/03\/caeca187-e274-4ac7-a06b-69a5205853ce-1536x1024.jpg 1536w, https:\/\/www.lescale-du-perthuis.com\/wp-content\/uploads\/sites\/25\/2025\/03\/caeca187-e274-4ac7-a06b-69a5205853ce-2048x1366.jpg 2048w\" sizes=\"auto, (max-width: 2560px) 100vw, 2560px\" \/><\/a><\/figure>\n<\/div>\n\n\n\n<div class=\"wp-block-column is-vertically-aligned-center animated fadeInRight slow is-layout-flow wp-block-column-is-layout-flow\" style=\"flex-basis:55%\">\n<h1 class=\"ls__heading wp-block-heading\">Ideale camping voor groepen in de Vend\u00e9e<\/h1>\n\n\n\n<p class=\"ls-paragraph\">Vriendelijk en comfortabel: de ideale camping voor <strong>groepen in de Vend\u00e9e<\/strong>!<\/p>\n\n\n\n<h2 class=\"ls__heading wp-block-heading\">Onze groepsarrangementen in La Tranche-sur-Mer  <\/h2>\n\n\n\n<p class=\"ls-paragraph\">Ontdek onze <a href=\"https:\/\/www.lescale-du-perthuis.com\/nl\/\">camping l&#8217;Escale du Perthuis<\/a>, ideaal voor groepen, gelegen in La Tranche-sur-Mer in de Vend\u00e9e. Onze camping is ideaal voor grote gezinnen, vrienden, verenigingen of evenementen en biedt meer dan 200 comfortabele <a href=\"https:\/\/www.lescale-du-perthuis.com\/nl\/huren-mobil-home-vendee\/\">accommodaties<\/a>, een groot restaurant en aangepaste diensten. <\/p>\n\n\n\n<p class=\"ls-paragraph\">Profiteer van onze <strong>restaurant + accommodatie aanbiedingen<\/strong> in een uitzonderlijke natuurlijke omgeving <strong>op een steenworp afstand van het strand<\/strong>, met moderne faciliteiten en <a href=\"https:\/\/www.lescale-du-perthuis.com\/nl\/camping-animaties-la-tranche-sur-mer\/\">zomer entertainment<\/a> voor iedereen. <\/p>\n\n\n\n<p class=\"ls-paragraph\">Geniet samen van onvergetelijke momenten op onze <strong>4-sterrencamping in de Vend\u00e9e<\/strong>, in een warme en gastvrije omgeving.<\/p>\n<\/div>\n<\/div>\n\n\r\n    <\/div>\r\n<\/section>\n\n<section id=\"ls-section-block_f5b15871fddd6f70d4074e712711d3c1\" class=\"ls-section  page-one has-background has-color-white-background-color has-m-b m-b-0 has-p-t p-t-14\" >\r\n        <div class=\"container container--wide\">\r\n        \n\n<div class=\"wp-block-columns is-layout-flex wp-container-core-columns-is-layout-2 wp-block-columns-is-layout-flex\">\n<div class=\"wp-block-column is-vertically-aligned-center first  animated fadeInLeft slow is-layout-flow wp-block-column-is-layout-flow\" style=\"flex-basis:55%\">\n<div id=\"ls-heading ls-titre-div-block_0455c0b16532a9b50698435b6b1a5b9c\" class=\"ls-titre-div border h1-like\" >\n    Je links versterken<\/div>\n\n\n\n<h2 class=\"ls__heading wp-block-heading\">Onze CSE-formules<\/h2>\n\n\n\n<p class=\"ls-paragraph\">Ontdek onze speciale formules voor <strong>ondernemingsraden<\/strong>, op maat van uw behoeften: lineair, allotment of gefragmenteerd.<\/p>\n\n\n\n<p class=\"ls-paragraph\">Onze <strong>4-sterrencamping in La Tranche-sur-Mer<\/strong> biedt <strong>flexibele oplossingen<\/strong> om uw personeel en hun gezinnen te ontvangen, of het nu gaat om geplande vakanties of eenmalige verzoeken.  <\/p>\n\n\n\n<p class=\"ls-paragraph\">Bied hen een <strong>uitzonderlijke omgeving in de Vend\u00e9e<\/strong>, dicht bij het strand, met comfortabele accommodatie met 2 of 3 slaapkamers, <a href=\"https:\/\/www.lescale-du-perthuis.com\/nl\/familie-camping-vendee\/\">kwaliteitsdiensten<\/a> en onvergetelijke momenten van ontspanning.<\/p>\n<\/div>\n\n\n\n<div class=\"wp-block-column second animated fadeInRight delay-100ms slow is-layout-flow wp-block-column-is-layout-flow\" style=\"flex-basis:45%\">\n<figure class=\"wp-block-image size-full\"><a href=\"https:\/\/www.lescale-du-perthuis.com\/wp-content\/uploads\/sites\/25\/2025\/03\/shutterstock_405066019-scaled.jpg\"><img loading=\"lazy\" decoding=\"async\" width=\"2560\" height=\"1784\" src=\"https:\/\/www.lescale-du-perthuis.com\/wp-content\/uploads\/sites\/25\/2025\/03\/shutterstock_405066019-scaled.jpg\" alt=\"\" class=\"wp-image-2389\" srcset=\"https:\/\/www.lescale-du-perthuis.com\/wp-content\/uploads\/sites\/25\/2025\/03\/shutterstock_405066019-scaled.jpg 2560w, https:\/\/www.lescale-du-perthuis.com\/wp-content\/uploads\/sites\/25\/2025\/03\/shutterstock_405066019-300x209.jpg 300w, https:\/\/www.lescale-du-perthuis.com\/wp-content\/uploads\/sites\/25\/2025\/03\/shutterstock_405066019-1024x714.jpg 1024w, https:\/\/www.lescale-du-perthuis.com\/wp-content\/uploads\/sites\/25\/2025\/03\/shutterstock_405066019-768x535.jpg 768w, https:\/\/www.lescale-du-perthuis.com\/wp-content\/uploads\/sites\/25\/2025\/03\/shutterstock_405066019-1536x1071.jpg 1536w, https:\/\/www.lescale-du-perthuis.com\/wp-content\/uploads\/sites\/25\/2025\/03\/shutterstock_405066019-2048x1428.jpg 2048w\" sizes=\"auto, (max-width: 2560px) 100vw, 2560px\" \/><\/a><\/figure>\n<\/div>\n<\/div>\n\n\r\n    <\/div>\r\n<\/section>\n\n<section id=\"ls-section-block_e2be4fc1529c7e82cfac24952aae9422\" class=\"ls-section  page-maillage experience has-m-t m-t-0 has-p-t p-t-10\" >\r\n        <div class=\"container container--wide\">\r\n        \n\n<div id=\"ls-heading ls-titre-div-block_b4f84138e827b7b407aff000e1b24729\" class=\"ls-titre-div aligncenter h2-like\" >\n    <strong>Verblijven op maat<\/strong>!<\/div>\n\n\n<div id=\"ls-maillage-block_a38b73bb9a04b9c6e6c237130ed79ac2\" class=\"ls-maillage cta-style-normal\" data-rows=\"3\">\n    <div class=\"wp-block-columns\"><div class=\"wp-block-column\"><div id=\"destinations\" class=\"ls-cta\">\n\n<a href=\"https:\/\/www.lescale-du-perthuis.com\/nl\/goedkoop-kamperen-la-tranche-sur-mer\/\" target=\"\" rel=\"noopener\" class=\"ls-cta__link\">\n\n\t<div class=\"ls-cta__image\"><img decoding=\"async\" src=\"https:\/\/www.lescale-du-perthuis.com\/wp-content\/uploads\/sites\/25\/2025\/01\/camping-lescale-du-perthuis-en-vendee-promotions.webp\" alt=\"camping lescale du perthuis in vendee aanbiedingen\"><\/div>\n\t<div class=\"ls-cta__title\">\n\t\tPromoties\t<\/div>\n\n\t\t\n<\/a><\/div><\/div><div class=\"wp-block-column\"><div id=\"destinations\" class=\"ls-cta\">\n\n<a href=\"https:\/\/www.lescale-du-perthuis.com\/nl\/huren-mobil-home-vendee\/\" target=\"\" rel=\"noopener\" class=\"ls-cta__link\">\n\n\t<div class=\"ls-cta__image\"><img decoding=\"async\" src=\"https:\/\/www.lescale-du-perthuis.com\/wp-content\/uploads\/sites\/25\/2025\/01\/camping-lescale-du-perthuis-en-vendee-mobilhome.webp\" alt=\"camping lescale du perthuis en vendee mobilhome\"><\/div>\n\t<div class=\"ls-cta__title\">\n\t\tOnze accommodatie\t<\/div>\n\n\t\t\n<\/a><\/div><\/div><div class=\"wp-block-column\"><div id=\"destinations\" class=\"ls-cta\">\n\n<a href=\"https:\/\/www.lescale-du-perthuis.com\/nl\/camping-verwarmd-zwembad-la-tranche-sur-mer\/\" target=\"\" rel=\"noopener\" class=\"ls-cta__link\">\n\n\t<div class=\"ls-cta__image\"><img decoding=\"async\" src=\"https:\/\/www.lescale-du-perthuis.com\/wp-content\/uploads\/sites\/25\/2025\/01\/camping-espace-aquatique-1.webp\" alt=\"camping espace aquatique\"><\/div>\n\t<div class=\"ls-cta__title\">\n\t\tOnze zwembaden\t<\/div>\n\n\t\t\n<\/a><\/div><\/div><\/div><\/div>\n\r\n    <\/div>\r\n<\/section>","protected":false},"excerpt":{"rendered":"","protected":false},"author":1,"featured_media":884,"parent":0,"menu_order":0,"comment_status":"closed","ping_status":"closed","template":"","meta":{"_acf_changed":false,"footnotes":""},"sujet":[],"class_list":["post-1946","page","type-page","status-publish","has-post-thumbnail","hentry"],"acf":[],"yoast_head":"<!-- This site is optimized with the Yoast SEO plugin v23.9 - https:\/\/yoast.com\/wordpress\/plugins\/seo\/ -->\n<title>Groepscamping Vend\u00e9e | Evenement, seminar in Vend\u00e9e<\/title>\n<meta name=\"description\" content=\"Ontvang uw groepen in de Vend\u00e9e op camping L&#039;Escale du Perthuis: comfortabele accommodatie, services op maat en een gezellige sfeer dicht bij het strand.\" \/>\n<meta name=\"robots\" content=\"index, follow, max-snippet:-1, max-image-preview:large, max-video-preview:-1\" \/>\n<link rel=\"canonical\" href=\"https:\/\/www.lescale-du-perthuis.com\/nl\/camping-groepen-vendee\/\" \/>\n<meta property=\"og:locale\" content=\"nl_NL\" \/>\n<meta property=\"og:type\" content=\"article\" \/>\n<meta property=\"og:title\" content=\"Groepscamping Vend\u00e9e | Evenement, seminar in Vend\u00e9e\" \/>\n<meta property=\"og:description\" content=\"Ontvang uw groepen in de Vend\u00e9e op camping L&#039;Escale du Perthuis: comfortabele accommodatie, services op maat en een gezellige sfeer dicht bij het strand.\" \/>\n<meta property=\"og:url\" content=\"https:\/\/www.lescale-du-perthuis.com\/nl\/camping-groepen-vendee\/\" \/>\n<meta property=\"og:site_name\" content=\"Camping L&#039;Escale de Perthuis\" \/>\n<meta property=\"article:modified_time\" content=\"2025-03-12T11:07:12+00:00\" \/>\n<meta property=\"og:image\" content=\"https:\/\/www.lescale-du-perthuis.com\/wp-content\/uploads\/sites\/25\/2025\/01\/camping-lescale-du-perthuis-groupe.webp\" \/>\n\t<meta property=\"og:image:width\" content=\"2500\" \/>\n\t<meta property=\"og:image:height\" content=\"750\" \/>\n\t<meta property=\"og:image:type\" content=\"image\/webp\" \/>\n<meta name=\"twitter:card\" content=\"summary_large_image\" \/>\n<meta name=\"twitter:label1\" content=\"Geschatte leestijd\" \/>\n\t<meta name=\"twitter:data1\" content=\"2 minuten\" \/>\n<script type=\"application\/ld+json\" class=\"yoast-schema-graph\">{\"@context\":\"https:\/\/schema.org\",\"@graph\":[{\"@type\":\"WebPage\",\"@id\":\"https:\/\/www.lescale-du-perthuis.com\/nl\/camping-groepen-vendee\/\",\"url\":\"https:\/\/www.lescale-du-perthuis.com\/nl\/camping-groepen-vendee\/\",\"name\":\"Groepscamping Vend\u00e9e | Evenement, seminar in Vend\u00e9e\",\"isPartOf\":{\"@id\":\"https:\/\/www.lescale-du-perthuis.com\/nl\/#website\"},\"primaryImageOfPage\":{\"@id\":\"https:\/\/www.lescale-du-perthuis.com\/nl\/camping-groepen-vendee\/#primaryimage\"},\"image\":{\"@id\":\"https:\/\/www.lescale-du-perthuis.com\/nl\/camping-groepen-vendee\/#primaryimage\"},\"thumbnailUrl\":\"https:\/\/www.lescale-du-perthuis.com\/wp-content\/uploads\/sites\/25\/2025\/01\/camping-lescale-du-perthuis-groupe.webp\",\"datePublished\":\"2024-07-30T07:43:38+00:00\",\"dateModified\":\"2025-03-12T11:07:12+00:00\",\"description\":\"Ontvang uw groepen in de Vend\u00e9e op camping L'Escale du Perthuis: comfortabele accommodatie, services op maat en een gezellige sfeer dicht bij het strand.\",\"breadcrumb\":{\"@id\":\"https:\/\/www.lescale-du-perthuis.com\/nl\/camping-groepen-vendee\/#breadcrumb\"},\"inLanguage\":\"nl-NL\",\"potentialAction\":[{\"@type\":\"ReadAction\",\"target\":[\"https:\/\/www.lescale-du-perthuis.com\/nl\/camping-groepen-vendee\/\"]}]},{\"@type\":\"ImageObject\",\"inLanguage\":\"nl-NL\",\"@id\":\"https:\/\/www.lescale-du-perthuis.com\/nl\/camping-groepen-vendee\/#primaryimage\",\"url\":\"https:\/\/www.lescale-du-perthuis.com\/wp-content\/uploads\/sites\/25\/2025\/01\/camping-lescale-du-perthuis-groupe.webp\",\"contentUrl\":\"https:\/\/www.lescale-du-perthuis.com\/wp-content\/uploads\/sites\/25\/2025\/01\/camping-lescale-du-perthuis-groupe.webp\",\"width\":2500,\"height\":750,\"caption\":\"camping lescale du perthuis groep\"},{\"@type\":\"BreadcrumbList\",\"@id\":\"https:\/\/www.lescale-du-perthuis.com\/nl\/camping-groepen-vendee\/#breadcrumb\",\"itemListElement\":[{\"@type\":\"ListItem\",\"position\":1,\"name\":\"Kamperen in de Vend\u00e9e\",\"item\":\"https:\/\/www.lescale-du-perthuis.com\/nl\/\"},{\"@type\":\"ListItem\",\"position\":2,\"name\":\"Evenementen en seminars in de Vend\u00e9e\"}]},{\"@type\":\"WebSite\",\"@id\":\"https:\/\/www.lescale-du-perthuis.com\/nl\/#website\",\"url\":\"https:\/\/www.lescale-du-perthuis.com\/nl\/\",\"name\":\"Camping L&#039;Escale de Perthuis\",\"description\":\"\",\"publisher\":{\"@id\":\"https:\/\/www.lescale-du-perthuis.com\/nl\/#organization\"},\"potentialAction\":[{\"@type\":\"SearchAction\",\"target\":{\"@type\":\"EntryPoint\",\"urlTemplate\":\"https:\/\/www.lescale-du-perthuis.com\/nl\/?s={search_term_string}\"},\"query-input\":{\"@type\":\"PropertyValueSpecification\",\"valueRequired\":true,\"valueName\":\"search_term_string\"}}],\"inLanguage\":\"nl-NL\"},{\"@type\":\"Organization\",\"@id\":\"https:\/\/www.lescale-du-perthuis.com\/nl\/#organization\",\"name\":\"Camping L&#039;Escale de Perthuis\",\"url\":\"https:\/\/www.lescale-du-perthuis.com\/nl\/\",\"logo\":{\"@type\":\"ImageObject\",\"inLanguage\":\"nl-NL\",\"@id\":\"https:\/\/www.lescale-du-perthuis.com\/nl\/#\/schema\/logo\/image\/\",\"url\":\"https:\/\/www.lescale-du-perthuis.com\/wp-content\/uploads\/sites\/25\/2024\/07\/cropped-logo_camping_l_escale_du_perthuis.png\",\"contentUrl\":\"https:\/\/www.lescale-du-perthuis.com\/wp-content\/uploads\/sites\/25\/2024\/07\/cropped-logo_camping_l_escale_du_perthuis.png\",\"width\":200,\"height\":321,\"caption\":\"Camping L&#039;Escale de Perthuis\"},\"image\":{\"@id\":\"https:\/\/www.lescale-du-perthuis.com\/nl\/#\/schema\/logo\/image\/\"}}]}<\/script>\n<!-- \/ Yoast SEO plugin. -->","yoast_head_json":{"title":"Groepscamping Vend\u00e9e | Evenement, seminar in Vend\u00e9e","description":"Ontvang uw groepen in de Vend\u00e9e op camping L'Escale du Perthuis: comfortabele accommodatie, services op maat en een gezellige sfeer dicht bij het strand.","robots":{"index":"index","follow":"follow","max-snippet":"max-snippet:-1","max-image-preview":"max-image-preview:large","max-video-preview":"max-video-preview:-1"},"canonical":"https:\/\/www.lescale-du-perthuis.com\/nl\/camping-groepen-vendee\/","og_locale":"nl_NL","og_type":"article","og_title":"Groepscamping Vend\u00e9e | Evenement, seminar in Vend\u00e9e","og_description":"Ontvang uw groepen in de Vend\u00e9e op camping L'Escale du Perthuis: comfortabele accommodatie, services op maat en een gezellige sfeer dicht bij het strand.","og_url":"https:\/\/www.lescale-du-perthuis.com\/nl\/camping-groepen-vendee\/","og_site_name":"Camping L&#039;Escale de Perthuis","article_modified_time":"2025-03-12T11:07:12+00:00","og_image":[{"width":2500,"height":750,"url":"https:\/\/www.lescale-du-perthuis.com\/wp-content\/uploads\/sites\/25\/2025\/01\/camping-lescale-du-perthuis-groupe.webp","type":"image\/webp"}],"twitter_card":"summary_large_image","twitter_misc":{"Geschatte leestijd":"2 minuten"},"schema":{"@context":"https:\/\/schema.org","@graph":[{"@type":"WebPage","@id":"https:\/\/www.lescale-du-perthuis.com\/nl\/camping-groepen-vendee\/","url":"https:\/\/www.lescale-du-perthuis.com\/nl\/camping-groepen-vendee\/","name":"Groepscamping Vend\u00e9e | Evenement, seminar in Vend\u00e9e","isPartOf":{"@id":"https:\/\/www.lescale-du-perthuis.com\/nl\/#website"},"primaryImageOfPage":{"@id":"https:\/\/www.lescale-du-perthuis.com\/nl\/camping-groepen-vendee\/#primaryimage"},"image":{"@id":"https:\/\/www.lescale-du-perthuis.com\/nl\/camping-groepen-vendee\/#primaryimage"},"thumbnailUrl":"https:\/\/www.lescale-du-perthuis.com\/wp-content\/uploads\/sites\/25\/2025\/01\/camping-lescale-du-perthuis-groupe.webp","datePublished":"2024-07-30T07:43:38+00:00","dateModified":"2025-03-12T11:07:12+00:00","description":"Ontvang uw groepen in de Vend\u00e9e op camping L'Escale du Perthuis: comfortabele accommodatie, services op maat en een gezellige sfeer dicht bij het strand.","breadcrumb":{"@id":"https:\/\/www.lescale-du-perthuis.com\/nl\/camping-groepen-vendee\/#breadcrumb"},"inLanguage":"nl-NL","potentialAction":[{"@type":"ReadAction","target":["https:\/\/www.lescale-du-perthuis.com\/nl\/camping-groepen-vendee\/"]}]},{"@type":"ImageObject","inLanguage":"nl-NL","@id":"https:\/\/www.lescale-du-perthuis.com\/nl\/camping-groepen-vendee\/#primaryimage","url":"https:\/\/www.lescale-du-perthuis.com\/wp-content\/uploads\/sites\/25\/2025\/01\/camping-lescale-du-perthuis-groupe.webp","contentUrl":"https:\/\/www.lescale-du-perthuis.com\/wp-content\/uploads\/sites\/25\/2025\/01\/camping-lescale-du-perthuis-groupe.webp","width":2500,"height":750,"caption":"camping lescale du perthuis groep"},{"@type":"BreadcrumbList","@id":"https:\/\/www.lescale-du-perthuis.com\/nl\/camping-groepen-vendee\/#breadcrumb","itemListElement":[{"@type":"ListItem","position":1,"name":"Kamperen in de Vend\u00e9e","item":"https:\/\/www.lescale-du-perthuis.com\/nl\/"},{"@type":"ListItem","position":2,"name":"Evenementen en seminars in de Vend\u00e9e"}]},{"@type":"WebSite","@id":"https:\/\/www.lescale-du-perthuis.com\/nl\/#website","url":"https:\/\/www.lescale-du-perthuis.com\/nl\/","name":"Camping L&#039;Escale de Perthuis","description":"","publisher":{"@id":"https:\/\/www.lescale-du-perthuis.com\/nl\/#organization"},"potentialAction":[{"@type":"SearchAction","target":{"@type":"EntryPoint","urlTemplate":"https:\/\/www.lescale-du-perthuis.com\/nl\/?s={search_term_string}"},"query-input":{"@type":"PropertyValueSpecification","valueRequired":true,"valueName":"search_term_string"}}],"inLanguage":"nl-NL"},{"@type":"Organization","@id":"https:\/\/www.lescale-du-perthuis.com\/nl\/#organization","name":"Camping L&#039;Escale de Perthuis","url":"https:\/\/www.lescale-du-perthuis.com\/nl\/","logo":{"@type":"ImageObject","inLanguage":"nl-NL","@id":"https:\/\/www.lescale-du-perthuis.com\/nl\/#\/schema\/logo\/image\/","url":"https:\/\/www.lescale-du-perthuis.com\/wp-content\/uploads\/sites\/25\/2024\/07\/cropped-logo_camping_l_escale_du_perthuis.png","contentUrl":"https:\/\/www.lescale-du-perthuis.com\/wp-content\/uploads\/sites\/25\/2024\/07\/cropped-logo_camping_l_escale_du_perthuis.png","width":200,"height":321,"caption":"Camping L&#039;Escale de Perthuis"},"image":{"@id":"https:\/\/www.lescale-du-perthuis.com\/nl\/#\/schema\/logo\/image\/"}}]}},"_links":{"self":[{"href":"https:\/\/www.lescale-du-perthuis.com\/nl\/wp-json\/wp\/v2\/pages\/1946","targetHints":{"allow":["GET"]}}],"collection":[{"href":"https:\/\/www.lescale-du-perthuis.com\/nl\/wp-json\/wp\/v2\/pages"}],"about":[{"href":"https:\/\/www.lescale-du-perthuis.com\/nl\/wp-json\/wp\/v2\/types\/page"}],"author":[{"embeddable":true,"href":"https:\/\/www.lescale-du-perthuis.com\/nl\/wp-json\/wp\/v2\/users\/1"}],"replies":[{"embeddable":true,"href":"https:\/\/www.lescale-du-perthuis.com\/nl\/wp-json\/wp\/v2\/comments?post=1946"}],"version-history":[{"count":6,"href":"https:\/\/www.lescale-du-perthuis.com\/nl\/wp-json\/wp\/v2\/pages\/1946\/revisions"}],"predecessor-version":[{"id":2394,"href":"https:\/\/www.lescale-du-perthuis.com\/nl\/wp-json\/wp\/v2\/pages\/1946\/revisions\/2394"}],"wp:featuredmedia":[{"embeddable":true,"href":"https:\/\/www.lescale-du-perthuis.com\/nl\/wp-json\/wp\/v2\/media\/884"}],"wp:attachment":[{"href":"https:\/\/www.lescale-du-perthuis.com\/nl\/wp-json\/wp\/v2\/media?parent=1946"}],"wp:term":[{"taxonomy":"sujet","embeddable":true,"href":"https:\/\/www.lescale-du-perthuis.com\/nl\/wp-json\/wp\/v2\/sujet?post=1946"}],"curies":[{"name":"wp","href":"https:\/\/api.w.org\/{rel}","templated":true}]}}